{"id":753217,"date":"2025-08-28T05:36:54","date_gmt":"2025-08-28T02:36:54","guid":{"rendered":"https:\/\/roveyayinevi.com.tr\/index.php\/urun\/bilgi-avcisi\/"},"modified":"2026-04-16T03:06:41","modified_gmt":"2026-04-16T00:06:41","slug":"bilgi-avcisi","status":"publish","type":"product","link":"https:\/\/roveyayinevi.com.tr\/index.php\/urun\/bilgi-avcisi\/","title":{"rendered":"Bilgi Avc\u0131s\u0131"},"content":{"rendered":"<p>Sevgili anne, baba ve \u00f6\u011fretmenler;Bilgi Avc\u0131s\u0131, alan\u0131nda uzman on bir okul \u00f6ncesi \u00f6\u011fretmeni taraf\u0131ndan olu\u015fturulmu\u015ftur. Yay\u0131n haz\u0131rlan\u0131rken 21. y\u00fczy\u0131l d\u00fcnyas\u0131na uygun \u00e7a\u011fda\u015f \u00f6\u011fretim teknikleri kullan\u0131lm\u0131\u015ft\u0131r. Kitapta yer verilen Scamper y\u00f6ntemi ile \u00e7ocuklar\u0131n ele\u015ftirel d\u00fc\u015f\u00fcnme, problem \u00e7\u00f6zme ve hayal kurma becerilerinin geli\u015ftirilmesi hedeflenmi\u015ftir. Somut i\u015flemler d\u00f6neminde bulunan, teknoloji ile b\u00fcy\u00fcyen \u201cAlfa Ku\u015fa\u011f\u0131\u201d \u00e7ocuklar\u0131na Bilgi Avc\u0131s\u0131 ile analitik, sistematik ve yarat\u0131c\u0131 d\u00fc\u015f\u00fcnmenin kap\u0131lar\u0131 sonuna kadar a\u00e7\u0131lm\u0131\u015ft\u0131r. Miniklerimizin ke\u015ffetmeyi, ara\u015ft\u0131rmay\u0131 \u00f6\u011frenirken, e\u011flenmenin de tad\u0131na varmalar\u0131 ama\u00e7lanm\u0131\u015ft\u0131r. Ses suda ilerler mi? Toprak solucanlar\u0131n\u0131n g\u00f6zleri var m\u0131d\u0131r? Uzayda dola\u015fan arabay\u0131 g\u00f6rd\u00fcn\u00fcz m\u00fc? Okapilerin dilleri ne renktir? Paleontolog ne demektir? Ukulele bir enstr\u00fcman m\u0131d\u0131r?Ne, neden, nas\u0131l, nerede, ne zaman, kim?\u0130lgin\u00e7 bilgiler ve daha fazlas\u0131n\u0131 Merakl\u0131 Gezginler\u2019le \u00f6\u011freneceksiniz. Bilgi Avc\u0131s\u0131\u2019nda yer alan etkinlikler:Fark Bulma \u2013 E\u015fle\u015ftirme \u2013 \u00d6l\u00e7me \u2013 Koordinat \u2013 \u00d6r\u00fcnt\u00fc \u2013 Grafik \u2013 Simetri \u2013 Kodlama \u2013 Matematik \u2013 Eksik Bulma \u2013 Mant\u0131k \u2013 Nokta Tamamlama \u2013 Ses Fark\u0131ndal\u0131\u011f\u0131 \u2013 Y\u00f6n Kavram\u0131 \u2013 Heceleme \u2013 Resfebe \u2013 E\u015f Ses \u2013 Scamper Sorular\u0131 Yazarlar\u0131m\u0131z:Aylin Y\u00fcksel \u2013 Bircan Birol \u2013 \u00c7i\u011fdem G\u00f6n\u00fclta\u015f \u2013 Duygu Durakl\u0131 \u00d6zl\u00fc \u2013 Esma Erdo\u011fan \u2013 Fatma Pamuk Tufan \u2013 Feride Kuyumcu \u2013 Havva Altun \u2013 Meltem \u00dcnal \u2013 Nazan G\u00fcl \u2013 Sibel \u015eent\u00fcrk Berber <\/p>\n","protected":false},"excerpt":{"rendered":"<p>Sevgili anne, baba ve \u00f6\u011fretmenler;Bilgi Avc\u0131s\u0131, alan\u0131nda uzman on bir okul \u00f6ncesi \u00f6\u011fretmeni taraf\u0131ndan olu\u015fturulmu\u015ftur. Yay\u0131n haz\u0131rlan\u0131rken 21. y\u00fczy\u0131l d\u00fcnyas\u0131na uygun \u00e7a\u011fda\u015f \u00f6\u011fretim teknikleri kullan\u0131lm\u0131\u015ft\u0131r. Kitapta<span class=\"excerpt-hellip\"> [\u2026]<\/span><\/p>\n","protected":false},"featured_media":0,"template":"","meta":{"_monsterinsights_skip_tracking":false,"_monsterinsights_sitenote_active":false,"_monsterinsights_sitenote_note":"","_monsterinsights_sitenote_category":0},"product_brand":[],"product_cat":[12274,15842],"product_tag":[],"class_list":{"0":"post-753217","1":"product","2":"type-product","3":"status-publish","5":"product_cat-cocuk-ve-genclik-kitaplari","6":"product_cat-egitici-kitaplar","7":"pa_cilt-ciltsiz","8":"pa_tur-kitap","9":"pa_yayinevi-gaga-yayinlari","10":"pa_yazar-komisyon","12":"first","13":"instock","14":"sale","15":"shipping-taxable","16":"purchasable","17":"product-type-simple"},"_links":{"self":[{"href":"https:\/\/roveyayinevi.com.tr\/index.php\/wp-json\/wp\/v2\/product\/753217","targetHints":{"allow":["GET"]}}],"collection":[{"href":"https:\/\/roveyayinevi.com.tr\/index.php\/wp-json\/wp\/v2\/product"}],"about":[{"href":"https:\/\/roveyayinevi.com.tr\/index.php\/wp-json\/wp\/v2\/types\/product"}],"wp:attachment":[{"href":"https:\/\/roveyayinevi.com.tr\/index.php\/wp-json\/wp\/v2\/media?parent=753217"}],"wp:term":[{"taxonomy":"product_brand","embeddable":true,"href":"https:\/\/roveyayinevi.com.tr\/index.php\/wp-json\/wp\/v2\/product_brand?post=753217"},{"taxonomy":"product_cat","embeddable":true,"href":"https:\/\/roveyayinevi.com.tr\/index.php\/wp-json\/wp\/v2\/product_cat?post=753217"},{"taxonomy":"product_tag","embeddable":true,"href":"https:\/\/roveyayinevi.com.tr\/index.php\/wp-json\/wp\/v2\/product_tag?post=753217"}],"curies":[{"name":"wp","href":"https:\/\/api.w.org\/{rel}","templated":true}]}}