{"id":753216,"date":"2025-08-28T05:36:52","date_gmt":"2025-08-28T02:36:52","guid":{"rendered":"https:\/\/roveyayinevi.com.tr\/index.php\/urun\/akil-oyunlari-dikkat-gelistirme-seti\/"},"modified":"2026-04-16T03:06:41","modified_gmt":"2026-04-16T00:06:41","slug":"akil-oyunlari-dikkat-gelistirme-seti","status":"publish","type":"product","link":"https:\/\/roveyayinevi.com.tr\/index.php\/urun\/akil-oyunlari-dikkat-gelistirme-seti\/","title":{"rendered":"Ak\u0131l Oyunlar\u0131 Dikkat Geli\u015ftirme Seti"},"content":{"rendered":"<p>Sevgili Anne-Babalar ve \u00d6\u011fretmenlerimiz,Dikkat, egzersiz yapt\u0131k\u00e7a geli\u015fir. Bir bilginin \u00f6\u011frenilebilmesi i\u00e7in ilginin toplanmas\u0131, tam odaklanma ve en sa\u011fl\u0131kl\u0131 \u015fekilde bilginin beyne ula\u015fmas\u0131 gerekir.\u0130\u015fitsel dikkat; konu\u015fmalar\u0131, sesleri alg\u0131lama, yorumlama, hat\u0131rlama gibi becerilerin tamam\u0131n\u0131 kapsayan zeka t\u00fcr\u00fcd\u00fcr. Birden fazla y\u00f6nergeyi ayn\u0131 anda alg\u0131lama, ba\u015fka bir i\u015fle me\u015fgul olurken sesli y\u00f6nergeyi takip edebilme konusunda ba\u015far\u0131l\u0131 olabilmektir. Bu nedenle yeni \u00f6\u011fretim modeli olarak kullan\u0131lan \u2018STEM\u2019 ve \u2018Kodlama\u2019 etkinlikleriyle, \u00e7ocuklar\u0131n i\u015fitsel-g\u00f6rsel dikkat geli\u015fimlerinin artmas\u0131n\u0131 hedeflemekteyiz.21. y\u00fczy\u0131lda yar\u0131n\u0131n d\u00fcnyas\u0131n\u0131 d\u00fc\u015f\u00fcnerek insan yeti\u015ftirmeliyiz. \u00c7ocuklar\u0131m\u0131za \u00e7a\u011f\u0131n getirdi\u011fi yenilikleri kazand\u0131rarak e\u011fitim vermeliyiz. Problem \u00e7\u00f6zme, farkl\u0131 a\u00e7\u0131lardan bakma, d\u00fc\u015f\u00fcnme, planlama, s\u0131ralama, dinledi\u011fini anlama, odaklanma, neden-sonu\u00e7 ili\u015fkisi kurabilme becerilerinin geli\u015fmesinde katk\u0131 sa\u011flamay\u0131 hedefledi\u011fimiz kitab\u0131m\u0131z\u0131n, gelece\u011fimiz olan \u00e7ocuklar\u0131m\u0131za faydal\u0131 olmas\u0131 dile\u011fiyle.Duygu Durakl\u0131 \u00d6zl\u00fc Dikkat Geli\u015ftirme Setimizin \u00d6zellikleri: Ak\u0131l Oyunlar\u0131 Dikkat Geli\u015ftirme Seti, \u00fc\u00e7 kitaptan olu\u015fmaktad\u0131r. Her kitap 80 sayfad\u0131r ve setin tamam\u0131 240 sayfadan olu\u015fmaktad\u0131r. Ayr\u0131ca, setin i\u00e7erisindeki etkinlikler kolaydan zora do\u011fru s\u0131ralanm\u0131\u015ft\u0131r. 4-6 ya\u015f aras\u0131 \u00e7ocuklar i\u00e7in haz\u0131rlad\u0131\u011f\u0131m\u0131z set, okul \u00f6ncesi \u00f6\u011frencilerinin e\u011fitimine katk\u0131 sa\u011flayacak yard\u0131mc\u0131 bir kaynakt\u0131r. Setin i\u00e7eri\u011finde STEM, kodlama, i\u015fitsel ve g\u00f6rsel dikkat etkinlikleri bulunmaktad\u0131r. Ayn\u0131 zamanda; fark bulma, e\u015fle\u015ftirme, boyama ve \u00fc\u00e7 boyutlu \u00e7al\u0131\u015fmalara da yer verilmi\u015ftir. Etkinlikler 4-6 ya\u015f aras\u0131 \u00e7ocuklar i\u00e7in ilgin\u00e7 bilgilerle zenginle\u015ftirilmi\u015ftir. Dikkat geli\u015fimine katk\u0131da bulunmas\u0131 i\u00e7in setin i\u00e7erisine \u00f6zellikle i\u015fitsel aktiviteler eklendi. Bu aktiviteler, \u00e7ocuklar\u0131n hem duydu\u011funu hat\u0131rlayabilme hem de y\u00f6nergeleri takip ederek resimler aras\u0131ndaki farklar\u0131 ay\u0131rt edebilme yeteneklerini geli\u015ftirmek i\u00e7in \u00f6zenle se\u00e7ildi.Kodlama aktiviteleri, \u00e7ocuklar\u0131n gelecekte mutlaka ihtiya\u00e7 duyacaklar\u0131 kodlama e\u011fitimine giri\u015f yapmalar\u0131n\u0131 hedefleyerek, en basit \u015fekliyle verildi.STEM uygulamalar\u0131 ise, \u00e7ocuklar\u0131n \u00f6\u011fretmenleri ya da velilerinin rehberli\u011fi ile yaparak, deneyerek ve uygulayarak aktif \u00f6\u011frenme sa\u011flad\u0131klar\u0131 etkinlikler olarak planland\u0131. Ak\u0131l Oyunlar\u0131 Dikkat Geli\u015ftirme Seti, hem evde hem okulda yard\u0131mc\u0131 bir kaynakt\u0131r. \u00c7ocuklar\u0131n kaliteli vakit ge\u00e7irmesini sa\u011flayarak e\u011fitimlerine b\u00fcy\u00fck katk\u0131 sunacakt\u0131r. <\/p>\n","protected":false},"excerpt":{"rendered":"<p>Sevgili Anne-Babalar ve \u00d6\u011fretmenlerimiz,Dikkat, egzersiz yapt\u0131k\u00e7a geli\u015fir. Bir bilginin \u00f6\u011frenilebilmesi i\u00e7in ilginin toplanmas\u0131, tam odaklanma ve en sa\u011fl\u0131kl\u0131 \u015fekilde bilginin beyne ula\u015fmas\u0131 gerekir.\u0130\u015fitsel dikkat; konu\u015fmalar\u0131, sesleri<span class=\"excerpt-hellip\"> [\u2026]<\/span><\/p>\n","protected":false},"featured_media":0,"template":"","meta":{"_monsterinsights_skip_tracking":false,"_monsterinsights_sitenote_active":false,"_monsterinsights_sitenote_note":"","_monsterinsights_sitenote_category":0},"product_brand":[],"product_cat":[12274,15842],"product_tag":[],"class_list":{"0":"post-753216","1":"product","2":"type-product","3":"status-publish","5":"product_cat-cocuk-ve-genclik-kitaplari","6":"product_cat-egitici-kitaplar","7":"pa_cilt-ciltsiz","8":"pa_tur-kitap","9":"pa_yayinevi-gaga-yayinlari","10":"pa_yazar-duygu-durakli-ozlu","12":"first","13":"instock","14":"sale","15":"shipping-taxable","16":"purchasable","17":"product-type-simple"},"_links":{"self":[{"href":"https:\/\/roveyayinevi.com.tr\/index.php\/wp-json\/wp\/v2\/product\/753216","targetHints":{"allow":["GET"]}}],"collection":[{"href":"https:\/\/roveyayinevi.com.tr\/index.php\/wp-json\/wp\/v2\/product"}],"about":[{"href":"https:\/\/roveyayinevi.com.tr\/index.php\/wp-json\/wp\/v2\/types\/product"}],"wp:attachment":[{"href":"https:\/\/roveyayinevi.com.tr\/index.php\/wp-json\/wp\/v2\/media?parent=753216"}],"wp:term":[{"taxonomy":"product_brand","embeddable":true,"href":"https:\/\/roveyayinevi.com.tr\/index.php\/wp-json\/wp\/v2\/product_brand?post=753216"},{"taxonomy":"product_cat","embeddable":true,"href":"https:\/\/roveyayinevi.com.tr\/index.php\/wp-json\/wp\/v2\/product_cat?post=753216"},{"taxonomy":"product_tag","embeddable":true,"href":"https:\/\/roveyayinevi.com.tr\/index.php\/wp-json\/wp\/v2\/product_tag?post=753216"}],"curies":[{"name":"wp","href":"https:\/\/api.w.org\/{rel}","templated":true}]}}