{"id":753215,"date":"2025-08-28T05:36:51","date_gmt":"2025-08-28T02:36:51","guid":{"rendered":"https:\/\/roveyayinevi.com.tr\/index.php\/urun\/oldugun-gibi-gel\/"},"modified":"2025-09-11T15:01:13","modified_gmt":"2025-09-11T12:01:13","slug":"oldugun-gibi-gel","status":"publish","type":"product","link":"https:\/\/roveyayinevi.com.tr\/index.php\/urun\/oldugun-gibi-gel\/","title":{"rendered":"Oldu\u011fun Gibi Gel"},"content":{"rendered":"<p>\u201cSeks ancak v\u00fccudunuzu anlad\u0131\u011f\u0131n\u0131zda ve ne istedi\u011finizibildi\u011finizde ger\u00e7ekten tatmin edicidir.\u201d Emily Nagoski, \u00e7ok say\u0131da efsaneyi ortadan kald\u0131r\u0131yor ve son bilimsel ara\u015ft\u0131rmalara dayanarak v\u00fccudunuzun ger\u00e7ekte nas\u0131l \u00e7al\u0131\u015ft\u0131\u011f\u0131n\u0131a\u00e7\u0131kl\u0131yor. Erkeklerden farkl\u0131 olarak kad\u0131nlarda anatomik farkl\u0131l\u0131klar \u00e7okdaha belirgindir; her kad\u0131n cinsel uyaranlara farkl\u0131 tepki verir. Seksin deher zaman bir ba\u011flam\u0131 vard\u0131r: uyar\u0131lma, \u015fehvet ve orgazm s\u00f6z konusuoldu\u011funda g\u00fcnl\u00fck sorunlar ve stres b\u00fcy\u00fck bir rol oynar. Bu kitapla herkad\u0131n, kendini rahat hissetti\u011fi ve tan\u0131mlayabildi\u011fi cinselli\u011fi ke\u015ffedebilir.Oldu\u011fun Gibi Gel, kad\u0131nlar\u0131n kendi cinselliklerini evcille\u015ftirmelerine ve her \u015feyden \u00f6nce kendi bedenlerini sevmelerine yard\u0131mc\u0131 oluyor,\u00e7e\u015fitlili\u011fi ve kusurlulu\u011fu g\u00fczelli\u011fe ve ger\u00e7ek bir g\u00fcce d\u00f6n\u00fc\u015ft\u00fcr\u00fcyor.Unutmamak laz\u0131m ki kendimizi asla ba\u015fkalar\u0131n\u0131n deneyimlerine g\u00f6reyarg\u0131lamamam\u0131z gerekir. \u00c7\u00fcnk\u00fc kad\u0131nlar farkl\u0131l\u0131k g\u00f6sterir ve bu \u00e7oknormaldir.<\/p>\n","protected":false},"excerpt":{"rendered":"<p>\u201cSeks ancak v\u00fccudunuzu anlad\u0131\u011f\u0131n\u0131zda ve ne istedi\u011finizibildi\u011finizde ger\u00e7ekten tatmin edicidir.\u201d Emily Nagoski, \u00e7ok say\u0131da efsaneyi ortadan kald\u0131r\u0131yor ve son bilimsel ara\u015ft\u0131rmalara dayanarak v\u00fccudunuzun ger\u00e7ekte nas\u0131l \u00e7al\u0131\u015ft\u0131\u011f\u0131n\u0131a\u00e7\u0131kl\u0131yor.<span class=\"excerpt-hellip\"> [\u2026]<\/span><\/p>\n","protected":false},"featured_media":0,"template":"","meta":{"_monsterinsights_skip_tracking":false,"_monsterinsights_sitenote_active":false,"_monsterinsights_sitenote_note":"","_monsterinsights_sitenote_category":0},"product_brand":[],"product_cat":[35288,13365],"product_tag":[],"class_list":{"0":"post-753215","1":"product","2":"type-product","3":"status-publish","5":"product_cat-cinsellik-saglik","6":"product_cat-saglik","7":"pa_cilt-ciltsiz","8":"pa_tur-kitap","9":"pa_yayinevi-epsilon-yayinlari","10":"pa_yazar-emily-nagoski","12":"first","13":"instock","14":"sale","15":"shipping-taxable","16":"purchasable","17":"product-type-simple"},"_links":{"self":[{"href":"https:\/\/roveyayinevi.com.tr\/index.php\/wp-json\/wp\/v2\/product\/753215","targetHints":{"allow":["GET"]}}],"collection":[{"href":"https:\/\/roveyayinevi.com.tr\/index.php\/wp-json\/wp\/v2\/product"}],"about":[{"href":"https:\/\/roveyayinevi.com.tr\/index.php\/wp-json\/wp\/v2\/types\/product"}],"wp:attachment":[{"href":"https:\/\/roveyayinevi.com.tr\/index.php\/wp-json\/wp\/v2\/media?parent=753215"}],"wp:term":[{"taxonomy":"product_brand","embeddable":true,"href":"https:\/\/roveyayinevi.com.tr\/index.php\/wp-json\/wp\/v2\/product_brand?post=753215"},{"taxonomy":"product_cat","embeddable":true,"href":"https:\/\/roveyayinevi.com.tr\/index.php\/wp-json\/wp\/v2\/product_cat?post=753215"},{"taxonomy":"product_tag","embeddable":true,"href":"https:\/\/roveyayinevi.com.tr\/index.php\/wp-json\/wp\/v2\/product_tag?post=753215"}],"curies":[{"name":"wp","href":"https:\/\/api.w.org\/{rel}","templated":true}]}}