{"id":753213,"date":"2025-08-28T05:36:48","date_gmt":"2025-08-28T02:36:48","guid":{"rendered":"https:\/\/roveyayinevi.com.tr\/index.php\/urun\/lanetliler-magarasi\/"},"modified":"2026-04-16T03:06:41","modified_gmt":"2026-04-16T00:06:41","slug":"lanetliler-magarasi","status":"publish","type":"product","link":"https:\/\/roveyayinevi.com.tr\/index.php\/urun\/lanetliler-magarasi\/","title":{"rendered":"Lanetliler Ma\u011faras\u0131"},"content":{"rendered":"<p>Goodreads Y\u0131l\u0131n En \u0130yi Korku Roman\u0131 Aday\u0131 Gyre Price bu ke\u015fif gezisine kat\u0131ld\u0131\u011f\u0131nda maden yataklar\u0131n\u0131n haritas\u0131n\u0131 \u00e7\u0131karaca\u011f\u0131n\u0131 ve en b\u00fcy\u00fck sorunlar\u0131n\u0131n ma\u011fara \u00e7\u00f6kmeleri ve ekipman ar\u0131zalar\u0131 olaca\u011f\u0131n\u0131 d\u00fc\u015f\u00fcn\u00fcyordu. Bir de kendisine yard\u0131mc\u0131 olacak, bildirimleri uzaktan izleyecek, m\u00fcmk\u00fcn oldu\u011funda onun i\u00e7in haritalar\u0131 \u00e7\u0131karacak ve y\u00fczeyden uzakla\u015ft\u0131k\u00e7a azalan \u0131\u015f\u0131kta ona e\u015flik edecek bir ekiple birlikte \u00e7al\u0131\u015faca\u011f\u0131n\u0131&#8230;Ama sadece Em vard\u0131&#8230;Em, ke\u015fif gezisinin \u201csorunsuz ilerlemesini sa\u011flamak\u201d i\u00e7in Gyre\u2019\u0131n v\u00fccudunu ila\u00e7larla kontrol etmekte veya kritik bilgileri saklamakta bir sak\u0131nca g\u00f6rm\u00fcyor; Gyre ile ilgili bildiklerini ona kar\u015f\u0131 kullanmaktan da \u00e7ekinmeyerek Gyre\u2019\u0131n iplerini elinde tutmaya \u00e7al\u0131\u015f\u0131yordu.Gyre\u2019\u0131n ma\u011faradaki ke\u015ffi s\u0131ras\u0131nda ya\u015fad\u0131\u011f\u0131 aksakl\u0131klar onu tahmin etti\u011finden daha fazla zorluyordu. Kaybolan ve y\u00f6n\u00fcn\u00fc \u015fa\u015f\u0131ran Gyre, kontrol duygusunun yerini zamanla paranoya ve \u00f6fkeye b\u0131rakt\u0131\u011f\u0131n\u0131 fark edince i\u015fler daha da zorla\u015fmaya ba\u015flad\u0131. Bu karanl\u0131k ve bilinmeyenle \u00e7evrili \u00f6l\u00fcmc\u00fcl yerde tek ba\u015f\u0131na kalan Gyre, tehlikeli arazinin ve yeralt\u0131n\u0131 evi olarak g\u00f6ren T\u00fcnelci\u2019nin \u00fcstesinden gelmekten daha fazlas\u0131n\u0131 yapmak zorundayd\u0131; tabii hayatta kalmak istiyorsa\u2026Peki ama neden takip edildi\u011fi hissinden kurtulam\u0131yordu? \u201cLanetliler Ma\u011faras\u0131\u201d iki gen\u00e7 kad\u0131n\u0131n travmalar\u0131n\u0131 ve onlar\u0131 bir araya getiren ba\u011flar\u0131 ara\u015ft\u0131ran, psikolojik gerilim t\u00fcr\u00fcnde yaz\u0131lm\u0131\u015f \u00fcrk\u00fct\u00fcc\u00fc bir hik\u00e2ye\u2026<\/p>\n","protected":false},"excerpt":{"rendered":"<p>Goodreads Y\u0131l\u0131n En \u0130yi Korku Roman\u0131 Aday\u0131 Gyre Price bu ke\u015fif gezisine kat\u0131ld\u0131\u011f\u0131nda maden yataklar\u0131n\u0131n haritas\u0131n\u0131 \u00e7\u0131karaca\u011f\u0131n\u0131 ve en b\u00fcy\u00fck sorunlar\u0131n\u0131n ma\u011fara \u00e7\u00f6kmeleri ve ekipman ar\u0131zalar\u0131<span class=\"excerpt-hellip\"> [\u2026]<\/span><\/p>\n","protected":false},"featured_media":0,"template":"","meta":{"_monsterinsights_skip_tracking":false,"_monsterinsights_sitenote_active":false,"_monsterinsights_sitenote_note":"","_monsterinsights_sitenote_category":0},"product_brand":[],"product_cat":[12291,17033],"product_tag":[],"class_list":{"0":"post-753213","1":"product","2":"type-product","3":"status-publish","5":"product_cat-edebiyat","6":"product_cat-korku-gerilim","7":"pa_cilt-ciltsiz","8":"pa_tur-kitap","9":"pa_yayinevi-epsilon-yayinlari","10":"pa_yazar-caitlin-starling","12":"first","13":"instock","14":"sale","15":"shipping-taxable","16":"purchasable","17":"product-type-simple"},"_links":{"self":[{"href":"https:\/\/roveyayinevi.com.tr\/index.php\/wp-json\/wp\/v2\/product\/753213","targetHints":{"allow":["GET"]}}],"collection":[{"href":"https:\/\/roveyayinevi.com.tr\/index.php\/wp-json\/wp\/v2\/product"}],"about":[{"href":"https:\/\/roveyayinevi.com.tr\/index.php\/wp-json\/wp\/v2\/types\/product"}],"wp:attachment":[{"href":"https:\/\/roveyayinevi.com.tr\/index.php\/wp-json\/wp\/v2\/media?parent=753213"}],"wp:term":[{"taxonomy":"product_brand","embeddable":true,"href":"https:\/\/roveyayinevi.com.tr\/index.php\/wp-json\/wp\/v2\/product_brand?post=753213"},{"taxonomy":"product_cat","embeddable":true,"href":"https:\/\/roveyayinevi.com.tr\/index.php\/wp-json\/wp\/v2\/product_cat?post=753213"},{"taxonomy":"product_tag","embeddable":true,"href":"https:\/\/roveyayinevi.com.tr\/index.php\/wp-json\/wp\/v2\/product_tag?post=753213"}],"curies":[{"name":"wp","href":"https:\/\/api.w.org\/{rel}","templated":true}]}}