{"id":753208,"date":"2025-08-28T05:36:39","date_gmt":"2025-08-28T02:36:39","guid":{"rendered":"https:\/\/roveyayinevi.com.tr\/index.php\/urun\/humanitas\/"},"modified":"2026-04-16T03:06:41","modified_gmt":"2026-04-16T00:06:41","slug":"humanitas","status":"publish","type":"product","link":"https:\/\/roveyayinevi.com.tr\/index.php\/urun\/humanitas\/","title":{"rendered":"Humanitas"},"content":{"rendered":"<p>KAHRAMANLARIN PEK AZI \u00d6L\u00dcMS\u00dcZL\u00dc\u011eE KAVU\u015eUR. ONLAR ANCAK GER\u0130DE ANLATILACAK B\u0130R H\u0130K\u00c2YE BIRAKANLARDIR. ORTA AMER\u0130KA ORMANLARINDA B\u0130R RUHA SAH\u0130P OLAB\u0130LMEK ADINA \u0130K\u0130Z\u0130YLE SAVA\u015eMAK ZORUNDA KALAN OCELOT, VERECE\u011e\u0130 KARARLA SADECE KEND\u0130S\u0130N\u0130N DE\u011e\u0130L AYNI ZAMANDA B\u0130R M\u0130LLET\u0130N DE KADER\u0130N\u0130 BEL\u0130RLEYECEK OLAN SATRAN\u00c7 USTASI SOVYET YUR\u0130 VE B\u0130R ESK\u0130MO KAB\u0130LES\u0130NDEK\u0130 BAL\u0130NA AVCISI, CESUR VE G\u00dcZEL ENA&#8230; \u00dc\u00c7 FARKLI ZAMAN, \u00dc\u00c7 FARKLI YURT, \u00dc\u00c7 FARKLI KAHRAMAN. AK\u0130 YAMAMOTO,  \u201cHUMANITAS\u201dLA, HER B\u0130R\u0130N\u0130 H\u0130K\u00c2YEN\u0130N  \u00d6L\u00dcMS\u00dcZL\u00dc\u011e\u00dcNDE B\u0130RLE\u015eT\u0130R\u0130YOR. <\/p>\n","protected":false},"excerpt":{"rendered":"<p>KAHRAMANLARIN PEK AZI \u00d6L\u00dcMS\u00dcZL\u00dc\u011eE KAVU\u015eUR. ONLAR ANCAK GER\u0130DE ANLATILACAK B\u0130R H\u0130K\u00c2YE BIRAKANLARDIR. ORTA AMER\u0130KA ORMANLARINDA B\u0130R RUHA SAH\u0130P OLAB\u0130LMEK ADINA \u0130K\u0130Z\u0130YLE SAVA\u015eMAK ZORUNDA KALAN OCELOT, VERECE\u011e\u0130<span class=\"excerpt-hellip\"> [\u2026]<\/span><\/p>\n","protected":false},"featured_media":0,"template":"","meta":{"_monsterinsights_skip_tracking":false,"_monsterinsights_sitenote_active":false,"_monsterinsights_sitenote_note":"","_monsterinsights_sitenote_category":0},"product_brand":[],"product_cat":[12416,12291],"product_tag":[],"class_list":{"0":"post-753208","1":"product","2":"type-product","3":"status-publish","5":"product_cat-cizgi-roman","6":"product_cat-edebiyat","7":"pa_cilt-ciltsiz","8":"pa_tur-kitap","9":"pa_yayinevi-athica-yayinlari","10":"pa_yazar-aki-yamamoto","12":"first","13":"instock","14":"sale","15":"shipping-taxable","16":"purchasable","17":"product-type-simple"},"_links":{"self":[{"href":"https:\/\/roveyayinevi.com.tr\/index.php\/wp-json\/wp\/v2\/product\/753208","targetHints":{"allow":["GET"]}}],"collection":[{"href":"https:\/\/roveyayinevi.com.tr\/index.php\/wp-json\/wp\/v2\/product"}],"about":[{"href":"https:\/\/roveyayinevi.com.tr\/index.php\/wp-json\/wp\/v2\/types\/product"}],"wp:attachment":[{"href":"https:\/\/roveyayinevi.com.tr\/index.php\/wp-json\/wp\/v2\/media?parent=753208"}],"wp:term":[{"taxonomy":"product_brand","embeddable":true,"href":"https:\/\/roveyayinevi.com.tr\/index.php\/wp-json\/wp\/v2\/product_brand?post=753208"},{"taxonomy":"product_cat","embeddable":true,"href":"https:\/\/roveyayinevi.com.tr\/index.php\/wp-json\/wp\/v2\/product_cat?post=753208"},{"taxonomy":"product_tag","embeddable":true,"href":"https:\/\/roveyayinevi.com.tr\/index.php\/wp-json\/wp\/v2\/product_tag?post=753208"}],"curies":[{"name":"wp","href":"https:\/\/api.w.org\/{rel}","templated":true}]}}