{"id":753207,"date":"2025-08-28T05:36:38","date_gmt":"2025-08-28T02:36:38","guid":{"rendered":"https:\/\/roveyayinevi.com.tr\/index.php\/urun\/gunluk-mucizelerin-kucuk-kursu\/"},"modified":"2026-04-07T03:11:58","modified_gmt":"2026-04-07T00:11:58","slug":"gunluk-mucizelerin-kucuk-kursu","status":"publish","type":"product","link":"https:\/\/roveyayinevi.com.tr\/index.php\/urun\/gunluk-mucizelerin-kucuk-kursu\/","title":{"rendered":"G\u00fcnl\u00fck Mucizelerin K\u00fc\u00e7\u00fck Kursu"},"content":{"rendered":"<p>\u201cK\u00f6k\u00fcn\u00fc de\u011fi\u015ftirmeden meyveyi de\u011fi\u015ftiremezsin.\u201d Stephen R. Covey G\u00fcnl\u00fck mutlulu\u011fumuz, \u00e7o\u011fu zaman fark\u0131na varmad\u0131\u011f\u0131m\u0131z k\u00fc\u00e7\u00fck rit\u00fcellerle desteklenir. Bir fincan kahve i\u00e7mek, birini selamlamak, arkada\u015flarla bulu\u015fmak&#8230; T\u00fcm bu eylemleri hayat\u0131n bize sundu\u011fu her an\u0131 kutlayarak ger\u00e7ekle\u015ftiriyorsak d\u00f6n\u00fc\u015ft\u00fcr\u00fcc\u00fc ve belirleyici olabilirler. Bilgelerin dedi\u011fi gibi, hayat\u0131m\u0131za geri d\u00f6n\u00fcp bakt\u0131\u011f\u0131m\u0131zda akl\u0131m\u0131zda kalan anlar, ger\u00e7ekten en \u00f6nemli olanlard\u0131r. G\u00fcnl\u00fck mucizelerin bu k\u00fc\u00e7\u00fck kursu, i\u015fte bu anlarda mutlu olmaya bir davettir. Bu kitab\u0131n amac\u0131, \u015f\u00fcphesiz ki mutlu oldu\u011fumuzun fark\u0131na varmak i\u00e7in son g\u00fcnlerimizi beklemek zorunda olmamakt\u0131r. Bunun yerine her g\u00fcn\u00fcn her bir dakikas\u0131 paha bi\u00e7ilemez ve e\u015fsizmi\u015f gibi bu ya\u015fama sevincini bu andan itibaren ta\u015f\u0131makt\u0131r. <\/p>\n","protected":false},"excerpt":{"rendered":"<p>\u201cK\u00f6k\u00fcn\u00fc de\u011fi\u015ftirmeden meyveyi de\u011fi\u015ftiremezsin.\u201d Stephen R. Covey G\u00fcnl\u00fck mutlulu\u011fumuz, \u00e7o\u011fu zaman fark\u0131na varmad\u0131\u011f\u0131m\u0131z k\u00fc\u00e7\u00fck rit\u00fcellerle desteklenir. Bir fincan kahve i\u00e7mek, birini selamlamak, arkada\u015flarla bulu\u015fmak&#8230; T\u00fcm bu<span class=\"excerpt-hellip\"> [\u2026]<\/span><\/p>\n","protected":false},"featured_media":0,"template":"","meta":{"_monsterinsights_skip_tracking":false,"_monsterinsights_sitenote_active":false,"_monsterinsights_sitenote_note":"","_monsterinsights_sitenote_category":0},"product_brand":[],"product_cat":[12364,12376],"product_tag":[],"class_list":{"0":"post-753207","1":"product","2":"type-product","3":"status-publish","5":"product_cat-genel-konular","6":"product_cat-kisisel-gelisim","7":"pa_cilt-ciltsiz","8":"pa_tur-kitap","9":"pa_yayinevi-destek-yayinlari","10":"pa_yazar-anna-solyom","12":"first","13":"instock","14":"sale","15":"shipping-taxable","16":"purchasable","17":"product-type-simple"},"_links":{"self":[{"href":"https:\/\/roveyayinevi.com.tr\/index.php\/wp-json\/wp\/v2\/product\/753207","targetHints":{"allow":["GET"]}}],"collection":[{"href":"https:\/\/roveyayinevi.com.tr\/index.php\/wp-json\/wp\/v2\/product"}],"about":[{"href":"https:\/\/roveyayinevi.com.tr\/index.php\/wp-json\/wp\/v2\/types\/product"}],"wp:attachment":[{"href":"https:\/\/roveyayinevi.com.tr\/index.php\/wp-json\/wp\/v2\/media?parent=753207"}],"wp:term":[{"taxonomy":"product_brand","embeddable":true,"href":"https:\/\/roveyayinevi.com.tr\/index.php\/wp-json\/wp\/v2\/product_brand?post=753207"},{"taxonomy":"product_cat","embeddable":true,"href":"https:\/\/roveyayinevi.com.tr\/index.php\/wp-json\/wp\/v2\/product_cat?post=753207"},{"taxonomy":"product_tag","embeddable":true,"href":"https:\/\/roveyayinevi.com.tr\/index.php\/wp-json\/wp\/v2\/product_tag?post=753207"}],"curies":[{"name":"wp","href":"https:\/\/api.w.org\/{rel}","templated":true}]}}