{"id":753205,"date":"2025-08-28T05:36:35","date_gmt":"2025-08-28T02:36:35","guid":{"rendered":"https:\/\/roveyayinevi.com.tr\/index.php\/urun\/ask-sandigin-kadar-degil-yandigin-kadardir\/"},"modified":"2026-04-16T03:06:41","modified_gmt":"2026-04-16T00:06:41","slug":"ask-sandigin-kadar-degil-yandigin-kadardir","status":"publish","type":"product","link":"https:\/\/roveyayinevi.com.tr\/index.php\/urun\/ask-sandigin-kadar-degil-yandigin-kadardir\/","title":{"rendered":"A\u015fk Sand\u0131\u011f\u0131n Kadar De\u011fil, Yand\u0131\u011f\u0131n Kadard\u0131r"},"content":{"rendered":"<p>Sema, sevgiliye yolculuktur, senden sana d\u00f6ne d\u00f6ne giden yoldur. D\u00fcnya \u00e2leminde ruhun d\u00f6n\u00fc\u015f\u00fcm\u00fc, i\u00e7inde konaklad\u0131\u011f\u0131 bedenin de eylemine ihtiya\u00e7 duyar. Ruh, b\u00fcy\u00fcmek ve ya\u015fam yolculu\u011funu geli\u015ferek s\u00fcrd\u00fcrmek i\u00e7in bedenin de deste\u011fini almak zorundad\u0131r. Sema, orman yang\u0131n\u0131 ba\u015flatacak olan k\u0131v\u0131lc\u0131md\u0131r, eylemdir, niyettir, kararl\u0131l\u0131kt\u0131r, adanm\u0131\u015fl\u0131kt\u0131r. \u0130lle etraf\u0131nda d\u00f6nmek de\u011fil, bazen yerinden kalkmak bile yeterlidir ruhu d\u00f6n\u00fc\u015f\u00fcme davet etmek i\u00e7in. Bu kitap, ruh ve beden ili\u015fkisini dengelemek, b\u00f6ylece d\u00fc\u015ft\u00fc\u011f\u00fcnde nas\u0131l kalkabilece\u011fini, korktu\u011funda ihtiyac\u0131n olan cesareti nerede nas\u0131l bulabilece\u011fini, \u00e7aresiz hissetti\u011finde nas\u0131l desteklenebilece\u011fini hat\u0131rlatmak ve elde edece\u011fin g\u00fcc\u00fc do\u011fru kullanabilmek i\u00e7in sana rehberlik etmek \u00fczere kaleme al\u0131nd\u0131. Niyet ve eylem bulu\u015ftu\u011fu an, ya\u015fam\u0131n sonsuz dans\u0131 ba\u015flar. Ruh ve beden birbirini desteklemeye karar verdi\u011finde, mucizeler ger\u00e7ekle\u015fir. <\/p>\n","protected":false},"excerpt":{"rendered":"<p>Sema, sevgiliye yolculuktur, senden sana d\u00f6ne d\u00f6ne giden yoldur. D\u00fcnya \u00e2leminde ruhun d\u00f6n\u00fc\u015f\u00fcm\u00fc, i\u00e7inde konaklad\u0131\u011f\u0131 bedenin de eylemine ihtiya\u00e7 duyar. Ruh, b\u00fcy\u00fcmek ve ya\u015fam yolculu\u011funu geli\u015ferek<span class=\"excerpt-hellip\"> [\u2026]<\/span><\/p>\n","protected":false},"featured_media":0,"template":"","meta":{"_monsterinsights_skip_tracking":false,"_monsterinsights_sitenote_active":false,"_monsterinsights_sitenote_note":"","_monsterinsights_sitenote_category":0},"product_brand":[],"product_cat":[12364,12376],"product_tag":[],"class_list":{"0":"post-753205","1":"product","2":"type-product","3":"status-publish","5":"product_cat-genel-konular","6":"product_cat-kisisel-gelisim","7":"pa_cilt-ciltsiz","8":"pa_tur-kitap","9":"pa_yayinevi-destek-yayinlari","10":"pa_yazar-nadia-maiya","12":"first","13":"instock","14":"sale","15":"shipping-taxable","16":"purchasable","17":"product-type-simple"},"_links":{"self":[{"href":"https:\/\/roveyayinevi.com.tr\/index.php\/wp-json\/wp\/v2\/product\/753205","targetHints":{"allow":["GET"]}}],"collection":[{"href":"https:\/\/roveyayinevi.com.tr\/index.php\/wp-json\/wp\/v2\/product"}],"about":[{"href":"https:\/\/roveyayinevi.com.tr\/index.php\/wp-json\/wp\/v2\/types\/product"}],"wp:attachment":[{"href":"https:\/\/roveyayinevi.com.tr\/index.php\/wp-json\/wp\/v2\/media?parent=753205"}],"wp:term":[{"taxonomy":"product_brand","embeddable":true,"href":"https:\/\/roveyayinevi.com.tr\/index.php\/wp-json\/wp\/v2\/product_brand?post=753205"},{"taxonomy":"product_cat","embeddable":true,"href":"https:\/\/roveyayinevi.com.tr\/index.php\/wp-json\/wp\/v2\/product_cat?post=753205"},{"taxonomy":"product_tag","embeddable":true,"href":"https:\/\/roveyayinevi.com.tr\/index.php\/wp-json\/wp\/v2\/product_tag?post=753205"}],"curies":[{"name":"wp","href":"https:\/\/api.w.org\/{rel}","templated":true}]}}