{"id":753202,"date":"2025-08-28T05:36:30","date_gmt":"2025-08-28T02:36:30","guid":{"rendered":"https:\/\/roveyayinevi.com.tr\/index.php\/urun\/zambak-vurgunu\/"},"modified":"2026-04-16T03:06:41","modified_gmt":"2026-04-16T00:06:41","slug":"zambak-vurgunu","status":"publish","type":"product","link":"https:\/\/roveyayinevi.com.tr\/index.php\/urun\/zambak-vurgunu\/","title":{"rendered":"Zambak Vurgunu"},"content":{"rendered":"<p>Ben k\u00f6z\u00fcnde siyah kar \u015eifayd\u0131 arad\u0131\u011f\u0131m ey y\u00e2r Elbette olacaks\u0131n Candan gece siyah\u0131 Elbette g\u00f6receksin H\u00fcz\u00fcnl\u00fc g\u00fcnd\u00fcz r\u00fcyas\u0131 Ey siyah\u0131m!, Ey r\u00fcyam! Siyah\u0131nda canland\u0131\u011f\u0131m R\u00fcyas\u0131nda h\u00fcz\u00fcnlendi\u011fim D\u00fc\u015f kapan\u0131m, evim bark\u0131m Zambak vurgunu yedir d\u00fc\u015f\u00fcme <\/p>\n","protected":false},"excerpt":{"rendered":"<p>Ben k\u00f6z\u00fcnde siyah kar \u015eifayd\u0131 arad\u0131\u011f\u0131m ey y\u00e2r Elbette olacaks\u0131n Candan gece siyah\u0131 Elbette g\u00f6receksin H\u00fcz\u00fcnl\u00fc g\u00fcnd\u00fcz r\u00fcyas\u0131 Ey siyah\u0131m!, Ey r\u00fcyam! Siyah\u0131nda canland\u0131\u011f\u0131m R\u00fcyas\u0131nda h\u00fcz\u00fcnlendi\u011fim<span class=\"excerpt-hellip\"> [\u2026]<\/span><\/p>\n","protected":false},"featured_media":0,"template":"","meta":{"_monsterinsights_skip_tracking":false,"_monsterinsights_sitenote_active":false,"_monsterinsights_sitenote_note":"","_monsterinsights_sitenote_category":0},"product_brand":[],"product_cat":[12291,12509],"product_tag":[],"class_list":{"0":"post-753202","1":"product","2":"type-product","3":"status-publish","5":"product_cat-edebiyat","6":"product_cat-siir","7":"pa_cilt-ciltsiz","8":"pa_tur-kitap","9":"pa_yayinevi-kitap-muptelasi-yayinlari","10":"pa_yazar-nurhan-arslan","12":"first","13":"instock","14":"sale","15":"shipping-taxable","16":"purchasable","17":"product-type-simple"},"_links":{"self":[{"href":"https:\/\/roveyayinevi.com.tr\/index.php\/wp-json\/wp\/v2\/product\/753202","targetHints":{"allow":["GET"]}}],"collection":[{"href":"https:\/\/roveyayinevi.com.tr\/index.php\/wp-json\/wp\/v2\/product"}],"about":[{"href":"https:\/\/roveyayinevi.com.tr\/index.php\/wp-json\/wp\/v2\/types\/product"}],"wp:attachment":[{"href":"https:\/\/roveyayinevi.com.tr\/index.php\/wp-json\/wp\/v2\/media?parent=753202"}],"wp:term":[{"taxonomy":"product_brand","embeddable":true,"href":"https:\/\/roveyayinevi.com.tr\/index.php\/wp-json\/wp\/v2\/product_brand?post=753202"},{"taxonomy":"product_cat","embeddable":true,"href":"https:\/\/roveyayinevi.com.tr\/index.php\/wp-json\/wp\/v2\/product_cat?post=753202"},{"taxonomy":"product_tag","embeddable":true,"href":"https:\/\/roveyayinevi.com.tr\/index.php\/wp-json\/wp\/v2\/product_tag?post=753202"}],"curies":[{"name":"wp","href":"https:\/\/api.w.org\/{rel}","templated":true}]}}