{"id":753201,"date":"2025-08-28T05:36:29","date_gmt":"2025-08-28T02:36:29","guid":{"rendered":"https:\/\/roveyayinevi.com.tr\/index.php\/urun\/7-cakra-7-ruya\/"},"modified":"2026-04-16T03:06:41","modified_gmt":"2026-04-16T00:06:41","slug":"7-cakra-7-ruya","status":"publish","type":"product","link":"https:\/\/roveyayinevi.com.tr\/index.php\/urun\/7-cakra-7-ruya\/","title":{"rendered":"7 \u00c7akra 7 R\u00fcya"},"content":{"rendered":"<p>\u201cDe\u011ferli Okuyucu, \u00c7a\u011f\u0131m\u0131z\u0131n h\u0131zl\u0131 temposu i\u00e7sel d\u00fcnyam\u0131zla ba\u011flant\u0131m\u0131z\u0131n kopmas\u0131na neden olabiliyor. Bu kitap sizi i\u00e7sel bir yolculu\u011fa davet ederek, i\u00e7 g\u00f6r\u00fc kazanman\u0131z\u0131 sa\u011flamay\u0131 hedefliyor. Bu kitap bir amaca hizmet etmek i\u00e7in yaz\u0131ld\u0131. Amac\u0131m; size r\u00fcyalar\u0131n\u0131z\u0131n dilini anlatmak, i\u00e7sel potansiyelinizi ke\u015ffetmede size rehberlik etmek ve ilahi olan par\u00e7an\u0131zla ba\u011flant\u0131n\u0131z\u0131 hat\u0131rlatmak. Bu kitap \u201c7 \u00c7akra 7 R\u00fcya\u201d temas\u0131nda \u015fekillenmi\u015ftir. Okuduklar\u0131n\u0131z\u0131n i\u00e7sel deneyiminizi zenginle\u015ftirmesi, 7 \u00e7akran\u0131z\u0131n enerjisini ke\u015ffetmeniz ve r\u00fcyalar\u0131n\u0131z\u0131n size sundu\u011fu rehberli\u011fi alman\u0131z dile\u011fimle&#8230;\u201d <\/p>\n","protected":false},"excerpt":{"rendered":"<p>\u201cDe\u011ferli Okuyucu, \u00c7a\u011f\u0131m\u0131z\u0131n h\u0131zl\u0131 temposu i\u00e7sel d\u00fcnyam\u0131zla ba\u011flant\u0131m\u0131z\u0131n kopmas\u0131na neden olabiliyor. Bu kitap sizi i\u00e7sel bir yolculu\u011fa davet ederek, i\u00e7 g\u00f6r\u00fc kazanman\u0131z\u0131 sa\u011flamay\u0131 hedefliyor. Bu kitap<span class=\"excerpt-hellip\"> [\u2026]<\/span><\/p>\n","protected":false},"featured_media":0,"template":"","meta":{"_monsterinsights_skip_tracking":false,"_monsterinsights_sitenote_active":false,"_monsterinsights_sitenote_note":"","_monsterinsights_sitenote_category":0},"product_brand":[],"product_cat":[12364,12376],"product_tag":[],"class_list":{"0":"post-753201","1":"product","2":"type-product","3":"status-publish","5":"product_cat-genel-konular","6":"product_cat-kisisel-gelisim","7":"pa_cilt-ciltsiz","8":"pa_tur-kitap","9":"pa_yayinevi-kitap-muptelasi-yayinlari","10":"pa_yazar-seda-oz","12":"first","13":"instock","14":"sale","15":"shipping-taxable","16":"purchasable","17":"product-type-simple"},"_links":{"self":[{"href":"https:\/\/roveyayinevi.com.tr\/index.php\/wp-json\/wp\/v2\/product\/753201","targetHints":{"allow":["GET"]}}],"collection":[{"href":"https:\/\/roveyayinevi.com.tr\/index.php\/wp-json\/wp\/v2\/product"}],"about":[{"href":"https:\/\/roveyayinevi.com.tr\/index.php\/wp-json\/wp\/v2\/types\/product"}],"wp:attachment":[{"href":"https:\/\/roveyayinevi.com.tr\/index.php\/wp-json\/wp\/v2\/media?parent=753201"}],"wp:term":[{"taxonomy":"product_brand","embeddable":true,"href":"https:\/\/roveyayinevi.com.tr\/index.php\/wp-json\/wp\/v2\/product_brand?post=753201"},{"taxonomy":"product_cat","embeddable":true,"href":"https:\/\/roveyayinevi.com.tr\/index.php\/wp-json\/wp\/v2\/product_cat?post=753201"},{"taxonomy":"product_tag","embeddable":true,"href":"https:\/\/roveyayinevi.com.tr\/index.php\/wp-json\/wp\/v2\/product_tag?post=753201"}],"curies":[{"name":"wp","href":"https:\/\/api.w.org\/{rel}","templated":true}]}}