{"id":753200,"date":"2025-08-28T05:36:27","date_gmt":"2025-08-28T02:36:27","guid":{"rendered":"https:\/\/roveyayinevi.com.tr\/index.php\/urun\/sevi\/"},"modified":"2026-04-16T03:06:41","modified_gmt":"2026-04-16T00:06:41","slug":"sevi","status":"publish","type":"product","link":"https:\/\/roveyayinevi.com.tr\/index.php\/urun\/sevi\/","title":{"rendered":"Sevi"},"content":{"rendered":"<p>Bir bak\u0131\u015f bir bak\u0131\u015fa neler anlatmaz ki&#8230; Yeter ki g\u00f6rmek istesin g\u00f6zlerin. Kalp kalbe kar\u015f\u0131d\u0131r her daim. Bildi\u011fim bir \u015fey varsa hayata dair Sak\u0131n b\u0131rakma tuttu\u011fun eli G\u00f6n\u00fclden sev daima y\u00e2rini&#8230; Kalbim kalbine en iyi yolda\u015f de\u011fil mi? \u0130nan y\u00fcre\u011fim seni \u00e7ok sevdi. <\/p>\n","protected":false},"excerpt":{"rendered":"<p>Bir bak\u0131\u015f bir bak\u0131\u015fa neler anlatmaz ki&#8230; Yeter ki g\u00f6rmek istesin g\u00f6zlerin. Kalp kalbe kar\u015f\u0131d\u0131r her daim. Bildi\u011fim bir \u015fey varsa hayata dair Sak\u0131n b\u0131rakma tuttu\u011fun<span class=\"excerpt-hellip\"> [\u2026]<\/span><\/p>\n","protected":false},"featured_media":0,"template":"","meta":{"_monsterinsights_skip_tracking":false,"_monsterinsights_sitenote_active":false,"_monsterinsights_sitenote_note":"","_monsterinsights_sitenote_category":0},"product_brand":[],"product_cat":[14060,12291],"product_tag":[],"class_list":{"0":"post-753200","1":"product","2":"type-product","3":"status-publish","5":"product_cat-antoloji","6":"product_cat-edebiyat","7":"pa_cilt-ciltsiz","8":"pa_tur-kitap","9":"pa_yayinevi-kitap-muptelasi-yayinlari","10":"pa_yazar-kolektif","12":"first","13":"instock","14":"sale","15":"shipping-taxable","16":"purchasable","17":"product-type-simple"},"_links":{"self":[{"href":"https:\/\/roveyayinevi.com.tr\/index.php\/wp-json\/wp\/v2\/product\/753200","targetHints":{"allow":["GET"]}}],"collection":[{"href":"https:\/\/roveyayinevi.com.tr\/index.php\/wp-json\/wp\/v2\/product"}],"about":[{"href":"https:\/\/roveyayinevi.com.tr\/index.php\/wp-json\/wp\/v2\/types\/product"}],"wp:attachment":[{"href":"https:\/\/roveyayinevi.com.tr\/index.php\/wp-json\/wp\/v2\/media?parent=753200"}],"wp:term":[{"taxonomy":"product_brand","embeddable":true,"href":"https:\/\/roveyayinevi.com.tr\/index.php\/wp-json\/wp\/v2\/product_brand?post=753200"},{"taxonomy":"product_cat","embeddable":true,"href":"https:\/\/roveyayinevi.com.tr\/index.php\/wp-json\/wp\/v2\/product_cat?post=753200"},{"taxonomy":"product_tag","embeddable":true,"href":"https:\/\/roveyayinevi.com.tr\/index.php\/wp-json\/wp\/v2\/product_tag?post=753200"}],"curies":[{"name":"wp","href":"https:\/\/api.w.org\/{rel}","templated":true}]}}