{"id":753199,"date":"2025-08-28T05:36:26","date_gmt":"2025-08-28T02:36:26","guid":{"rendered":"https:\/\/roveyayinevi.com.tr\/index.php\/urun\/yasamak-istedigin-hayat-bu-mu\/"},"modified":"2026-04-16T03:06:41","modified_gmt":"2026-04-16T00:06:41","slug":"yasamak-istedigin-hayat-bu-mu","status":"publish","type":"product","link":"https:\/\/roveyayinevi.com.tr\/index.php\/urun\/yasamak-istedigin-hayat-bu-mu\/","title":{"rendered":"Ya\u015famak \u0130stedi\u011fin Hayat Bu Mu?"},"content":{"rendered":"<p>Kendinizi daha iyi anlamak, potansiyelinizi ke\u015ffetmek ve ger\u00e7ek hedeflerinize ula\u015fmak istedi\u011finizde, de\u011fi\u015fim ve d\u00f6n\u00fc\u015f\u00fcm\u00fcn kap\u0131s\u0131n\u0131 aralamaya haz\u0131r olun. Bu kitap, ger\u00e7ek bir ya\u015fam hik\u00e2yesi \u00fczerinden size yol g\u00f6steriyor. Ko\u00e7luk s\u00fcrecinin anahtarlar\u0131n\u0131 ad\u0131m ad\u0131m ke\u015ffedecek, i\u00e7sel engelleri nas\u0131l a\u015faca\u011f\u0131n\u0131z\u0131 \u00f6\u011freneceksiniz. Yeni bir perspektif kazanacak, kendi hik\u00e2yenizi yeniden yazman\u0131n g\u00fcc\u00fcn\u00fc ya\u015fayacaks\u0131n\u0131z. &#8220;Ya\u015famak \u0130stedi\u011fin Hayat Bu Mu?&#8221; ile de\u011fi\u015fim ve d\u00f6n\u00fc\u015f\u00fcm yolculu\u011funuza ba\u015flay\u0131n. Sorular\u0131n g\u00fcc\u00fcn\u00fc kullanarak kendi i\u00e7sel potansiyelinizi a\u00e7\u0131\u011fa \u00e7\u0131kar\u0131n. Art\u0131k hayat\u0131n\u0131z\u0131 istedi\u011finiz gibi \u015fekillendirmek sizin elinizde. &#8220;Ya\u015famak \u0130stedi\u011fin Hayat Bu Mu?&#8221; ile de\u011fi\u015fim ve d\u00f6n\u00fc\u015f\u00fcm yolculu\u011funuza ad\u0131m at\u0131n. Sizi hayallerinize ta\u015f\u0131yacak olan sorular\u0131 ke\u015ffedin ve ger\u00e7ek potansiyelinizi ortaya \u00e7\u0131kar\u0131n. \u015eimdi, de\u011fi\u015fim ve d\u00f6n\u00fc\u015f\u00fcm\u00fcn sihirli yolculu\u011funa \u00e7\u0131kma vakti!<\/p>\n","protected":false},"excerpt":{"rendered":"<p>Kendinizi daha iyi anlamak, potansiyelinizi ke\u015ffetmek ve ger\u00e7ek hedeflerinize ula\u015fmak istedi\u011finizde, de\u011fi\u015fim ve d\u00f6n\u00fc\u015f\u00fcm\u00fcn kap\u0131s\u0131n\u0131 aralamaya haz\u0131r olun. Bu kitap, ger\u00e7ek bir ya\u015fam hik\u00e2yesi \u00fczerinden size<span class=\"excerpt-hellip\"> [\u2026]<\/span><\/p>\n","protected":false},"featured_media":0,"template":"","meta":{"_monsterinsights_skip_tracking":false,"_monsterinsights_sitenote_active":false,"_monsterinsights_sitenote_note":"","_monsterinsights_sitenote_category":0},"product_brand":[],"product_cat":[12364,12376],"product_tag":[],"class_list":{"0":"post-753199","1":"product","2":"type-product","3":"status-publish","5":"product_cat-genel-konular","6":"product_cat-kisisel-gelisim","7":"pa_cilt-ciltsiz","8":"pa_tur-kitap","9":"pa_yayinevi-kitap-muptelasi-yayinlari","10":"pa_yazar-arzu-erkus","12":"first","13":"instock","14":"sale","15":"shipping-taxable","16":"purchasable","17":"product-type-simple"},"_links":{"self":[{"href":"https:\/\/roveyayinevi.com.tr\/index.php\/wp-json\/wp\/v2\/product\/753199","targetHints":{"allow":["GET"]}}],"collection":[{"href":"https:\/\/roveyayinevi.com.tr\/index.php\/wp-json\/wp\/v2\/product"}],"about":[{"href":"https:\/\/roveyayinevi.com.tr\/index.php\/wp-json\/wp\/v2\/types\/product"}],"wp:attachment":[{"href":"https:\/\/roveyayinevi.com.tr\/index.php\/wp-json\/wp\/v2\/media?parent=753199"}],"wp:term":[{"taxonomy":"product_brand","embeddable":true,"href":"https:\/\/roveyayinevi.com.tr\/index.php\/wp-json\/wp\/v2\/product_brand?post=753199"},{"taxonomy":"product_cat","embeddable":true,"href":"https:\/\/roveyayinevi.com.tr\/index.php\/wp-json\/wp\/v2\/product_cat?post=753199"},{"taxonomy":"product_tag","embeddable":true,"href":"https:\/\/roveyayinevi.com.tr\/index.php\/wp-json\/wp\/v2\/product_tag?post=753199"}],"curies":[{"name":"wp","href":"https:\/\/api.w.org\/{rel}","templated":true}]}}