{"id":753198,"date":"2025-08-28T05:36:25","date_gmt":"2025-08-28T02:36:25","guid":{"rendered":"https:\/\/roveyayinevi.com.tr\/index.php\/urun\/dunya-dusunurleri-gozuyle-ataturk-ve-cumhuriyeti\/"},"modified":"2026-04-16T03:06:41","modified_gmt":"2026-04-16T00:06:41","slug":"dunya-dusunurleri-gozuyle-ataturk-ve-cumhuriyeti","status":"publish","type":"product","link":"https:\/\/roveyayinevi.com.tr\/index.php\/urun\/dunya-dusunurleri-gozuyle-ataturk-ve-cumhuriyeti\/","title":{"rendered":"D\u00fcnya D\u00fc\u015f\u00fcn\u00fcrleri G\u00f6z\u00fcyle Atat\u00fcrk ve Cumhuriyeti"},"content":{"rendered":"<p>Atat\u00fcrk, T\u00fcrk Devrimi, T\u00fcrkiye Cumhuriyeti\u2026 T\u00fcrk ulusunun ba\u011f\u0131ms\u0131z bir \u00e7a\u011fda\u015f toplum olarak varl\u0131\u011f\u0131n\u0131 koruyabilmesinin simgeleri olan bu kavramlar\u0131n d\u00fcnyan\u0131n se\u00e7kin bilim ve siyaset insanlar\u0131 taraf\u0131ndan nas\u0131l anla\u015f\u0131ld\u0131\u011f\u0131n\u0131 merak etmi\u015f miydiniz? \u00d6zer Ozankaya, Fransa\u2019dan Azerbaycan\u2019a, Rusya\u2019dan Senegal\u2019e, ABD\u2019den Japonya\u2019ya, alanlar\u0131nda isim yapm\u0131\u015f d\u00fc\u015f\u00fcn\u00fcrlerle, i\u015fte bu ama\u00e7la s\u00f6yle\u015fiyor. Atat\u00fcrk, Cumhuriyet ve Devrimlerin yabanc\u0131 g\u00f6z\u00fcyle nas\u0131l g\u00f6r\u00fcnd\u00fc\u011f\u00fcn\u00fc saptayarak, T\u00fcrkiye\u2019nin ve yak\u0131n tarihinin genel g\u00f6r\u00fcn\u00fc\u015f\u00fcn\u00fc ba\u015fka bir bak\u0131\u015f a\u00e7\u0131s\u0131yla \u00e7iziyor. Bu s\u00f6yle\u015filerde Atat\u00fcrk\u2019\u00fcn ve Cumhuriyet\u2019in ola\u011fan say\u0131lan pek \u00e7ok kazan\u0131m\u0131n\u0131n, nas\u0131l \u201cbir uygarl\u0131k projesi\u201d olarak de\u011ferlendirilmesi gerekti\u011fi vurgulan\u0131yor: \u00c7a\u011fda\u015fla\u015fma, ulusal egemenlik, siyasetten ekonomiye tam ba\u011f\u0131ms\u0131zl\u0131k, laiklik, hukuk devrimi, dil devrimi, kad\u0131n haklar\u0131\u2026 <\/p>\n","protected":false},"excerpt":{"rendered":"<p>Atat\u00fcrk, T\u00fcrk Devrimi, T\u00fcrkiye Cumhuriyeti\u2026 T\u00fcrk ulusunun ba\u011f\u0131ms\u0131z bir \u00e7a\u011fda\u015f toplum olarak varl\u0131\u011f\u0131n\u0131 koruyabilmesinin simgeleri olan bu kavramlar\u0131n d\u00fcnyan\u0131n se\u00e7kin bilim ve siyaset insanlar\u0131 taraf\u0131ndan nas\u0131l<span class=\"excerpt-hellip\"> [\u2026]<\/span><\/p>\n","protected":false},"featured_media":0,"template":"","meta":{"_monsterinsights_skip_tracking":false,"_monsterinsights_sitenote_active":false,"_monsterinsights_sitenote_note":"","_monsterinsights_sitenote_category":0},"product_brand":[],"product_cat":[12370,12304],"product_tag":[],"class_list":{"0":"post-753198","1":"product","2":"type-product","3":"status-publish","5":"product_cat-arastirma-inceleme","6":"product_cat-tarih","7":"pa_cilt-ciltsiz","8":"pa_tur-kitap","9":"pa_yayinevi-is-bankasi-kultur-yayinlari","10":"pa_yazar-ozer-ozankaya","12":"first","13":"instock","14":"sale","15":"shipping-taxable","16":"purchasable","17":"product-type-simple"},"_links":{"self":[{"href":"https:\/\/roveyayinevi.com.tr\/index.php\/wp-json\/wp\/v2\/product\/753198","targetHints":{"allow":["GET"]}}],"collection":[{"href":"https:\/\/roveyayinevi.com.tr\/index.php\/wp-json\/wp\/v2\/product"}],"about":[{"href":"https:\/\/roveyayinevi.com.tr\/index.php\/wp-json\/wp\/v2\/types\/product"}],"wp:attachment":[{"href":"https:\/\/roveyayinevi.com.tr\/index.php\/wp-json\/wp\/v2\/media?parent=753198"}],"wp:term":[{"taxonomy":"product_brand","embeddable":true,"href":"https:\/\/roveyayinevi.com.tr\/index.php\/wp-json\/wp\/v2\/product_brand?post=753198"},{"taxonomy":"product_cat","embeddable":true,"href":"https:\/\/roveyayinevi.com.tr\/index.php\/wp-json\/wp\/v2\/product_cat?post=753198"},{"taxonomy":"product_tag","embeddable":true,"href":"https:\/\/roveyayinevi.com.tr\/index.php\/wp-json\/wp\/v2\/product_tag?post=753198"}],"curies":[{"name":"wp","href":"https:\/\/api.w.org\/{rel}","templated":true}]}}