{"id":753197,"date":"2025-08-28T05:36:23","date_gmt":"2025-08-28T02:36:23","guid":{"rendered":"https:\/\/roveyayinevi.com.tr\/index.php\/urun\/drakula-ciltli\/"},"modified":"2025-11-11T09:22:18","modified_gmt":"2025-11-11T06:22:18","slug":"drakula-ciltli","status":"publish","type":"product","link":"https:\/\/roveyayinevi.com.tr\/index.php\/urun\/drakula-ciltli\/","title":{"rendered":"Drakula (Ciltli)"},"content":{"rendered":"<p>Bram Stoker\u2019\u0131n 1897 tarihli gotik roman\u0131 Drakula, vampir efsanelerine dayanan edebi yap\u0131tlar\u0131n hi\u00e7 ku\u015fkusuz en \u00fcnl\u00fcs\u00fcd\u00fcr. Drakula\u2019n\u0131n hik\u00e2yesi, Transilvanya folkloru ve tarihinden yararlanan Stoker\u2019\u0131n imgelemini harekete ge\u00e7irmeden \u00f6nce s\u00f6zl\u00fc gelenekte geli\u015fip olgunla\u015fm\u0131\u015ft\u0131. Ancak roman\u0131n ve onu izleyen film uyarlamalar\u0131n\u0131n, vampir kli\u015fesinin pop\u00fcler k\u00fclt\u00fcre n\u00fcfuz etmesinde \u00f6nemli rol\u00fc oldu. Ana karakterlerin g\u00fcnl\u00fck ve mektuplar\u0131ndan olu\u015fan Drakula, ge\u00e7mi\u015fi 1600\u2019lere dayanan ve Samuel Richardson\u2019\u0131n Pamela (1740) adl\u0131 roman\u0131yla pop\u00fclerlik kazanan mektup roman\u0131n da en bilinen \u00f6rneklerindendir. Hastal\u0131k, delilik ve mahpusluk temalar\u0131yla dikkat \u00e7eken romanda, H\u0131ristiyan inanc\u0131, bat\u0131l inan\u00e7lar, ok\u00fcltizm ve bilim birbiriyle etkile\u015fim halindedir. Drakula\u2019n\u0131n \u00f6zellikle toplumsal cinsiyetin temsili a\u00e7\u0131s\u0131ndan karma\u015f\u0131kl\u0131\u011f\u0131, zaman zaman birbiriyle \u00e7eli\u015fen yorumlara yol a\u00e7m\u0131\u015ft\u0131r. Kad\u0131n vampirlerin eylemleriyle d\u00f6nemin beylik toplumsal cinsiyet rollerinin tersine \u00e7evrildi\u011fine dikkat \u00e7ekilirken, Drakula bir yandan da erkeklerin korumas\u0131 alt\u0131nda kalmas\u0131 gereken kad\u0131nlar\u0131 avlamaya \u00e7al\u0131\u015fan bir fig\u00fcr, k\u00f6t\u00fcl\u00fc\u011f\u00fcn v\u00fccut bulmu\u015f hali olarak g\u00f6r\u00fcl\u00fcr. Anlat\u0131s\u0131n\u0131n g\u00fcc\u00fcyle bug\u00fcn de okurunu b\u00fcy\u00fclemeyi s\u00fcrd\u00fcren roman, zaman i\u00e7inde kad\u0131n ara\u015ft\u0131rmalar\u0131 ve psikanaliz gibi disiplinlere konu olmas\u0131 sayesinde g\u00fcncelli\u011finden hi\u00e7bir \u015fey yitirmeyen \u00e7ok katmanl\u0131 bir metin olarak g\u00fcn\u00fcm\u00fcze kadar gelmi\u015ftir. <\/p>\n","protected":false},"excerpt":{"rendered":"<p>Bram Stoker\u2019\u0131n 1897 tarihli gotik roman\u0131 Drakula, vampir efsanelerine dayanan edebi yap\u0131tlar\u0131n hi\u00e7 ku\u015fkusuz en \u00fcnl\u00fcs\u00fcd\u00fcr. Drakula\u2019n\u0131n hik\u00e2yesi, Transilvanya folkloru ve tarihinden yararlanan Stoker\u2019\u0131n imgelemini harekete<span class=\"excerpt-hellip\"> [\u2026]<\/span><\/p>\n","protected":false},"featured_media":0,"template":"","meta":{"_monsterinsights_skip_tracking":false,"_monsterinsights_sitenote_active":false,"_monsterinsights_sitenote_note":"","_monsterinsights_sitenote_category":0},"product_brand":[],"product_cat":[12291,12711],"product_tag":[],"class_list":{"0":"post-753197","1":"product","2":"type-product","3":"status-publish","5":"product_cat-edebiyat","6":"product_cat-roman-oyku","7":"pa_cilt-ciltli","8":"pa_tur-kitap","9":"pa_yayinevi-is-bankasi-kultur-yayinlari","10":"pa_yazar-bram-stoker","12":"first","13":"instock","14":"sale","15":"shipping-taxable","16":"purchasable","17":"product-type-simple"},"_links":{"self":[{"href":"https:\/\/roveyayinevi.com.tr\/index.php\/wp-json\/wp\/v2\/product\/753197","targetHints":{"allow":["GET"]}}],"collection":[{"href":"https:\/\/roveyayinevi.com.tr\/index.php\/wp-json\/wp\/v2\/product"}],"about":[{"href":"https:\/\/roveyayinevi.com.tr\/index.php\/wp-json\/wp\/v2\/types\/product"}],"wp:attachment":[{"href":"https:\/\/roveyayinevi.com.tr\/index.php\/wp-json\/wp\/v2\/media?parent=753197"}],"wp:term":[{"taxonomy":"product_brand","embeddable":true,"href":"https:\/\/roveyayinevi.com.tr\/index.php\/wp-json\/wp\/v2\/product_brand?post=753197"},{"taxonomy":"product_cat","embeddable":true,"href":"https:\/\/roveyayinevi.com.tr\/index.php\/wp-json\/wp\/v2\/product_cat?post=753197"},{"taxonomy":"product_tag","embeddable":true,"href":"https:\/\/roveyayinevi.com.tr\/index.php\/wp-json\/wp\/v2\/product_tag?post=753197"}],"curies":[{"name":"wp","href":"https:\/\/api.w.org\/{rel}","templated":true}]}}