{"id":753194,"date":"2025-08-28T05:36:19","date_gmt":"2025-08-28T02:36:19","guid":{"rendered":"https:\/\/roveyayinevi.com.tr\/index.php\/urun\/bir-psikiyatrist-anlatiyor\/"},"modified":"2026-04-16T03:06:41","modified_gmt":"2026-04-16T00:06:41","slug":"bir-psikiyatrist-anlatiyor","status":"publish","type":"product","link":"https:\/\/roveyayinevi.com.tr\/index.php\/urun\/bir-psikiyatrist-anlatiyor\/","title":{"rendered":"Bir Psikiyatrist Anlat\u0131yor"},"content":{"rendered":"<p>Ayn\u0131 kubbenin alt\u0131nda ya\u015fayan insanlar\u0131n farkl\u0131 hik\u00e2yeleri olsa da \u00e7o\u011funlukla hissettikleri ayn\u0131&#8230; Kimse birbirine zannetti\u011fi kadar uzak de\u011fil. Asl\u0131nda hepimiz his olarak birbirimizi tan\u0131yoruz. Bunun belki de en iyi tan\u0131\u011f\u0131, odas\u0131nda binbir \u00e7e\u015fit hik\u00e2ye sahibini a\u011f\u0131rlayanlar&#8230;   Psikiyatrist G\u00fcler Mocan\u2019\u0131n kitab\u0131nda anlatt\u0131klar\u0131, sadece ba\u015fkalar\u0131n\u0131n de\u011fil, sizin de hik\u00e2yeniz. Etraf\u0131n\u0131zda g\u00f6rd\u00fc\u011f\u00fcn\u00fcz, tan\u0131d\u0131\u011f\u0131n\u0131z, bildi\u011finiz, belki de \u00e2\u015f\u0131k oldu\u011funuz insanlar\u0131n hik\u00e2yesi&#8230; Okurken bir yandan ba\u015fkalar\u0131n\u0131n hik\u00e2yesine tan\u0131kl\u0131k edeceksiniz, di\u011fer yandan ise duygular\u0131n\u0131zla y\u00fczle\u015fecek ve kendinizi daha iyi tan\u0131yacaks\u0131n\u0131z.   Bir Psikiyatrist Anlat\u0131yor, elli y\u0131l\u0131 kapsayan tecr\u00fcbelerin bir s\u00fczge\u00e7ten ge\u00e7irilip sat\u0131rlara d\u00f6k\u00fclmesiyle var oldu. Kitapta anlat\u0131lan her bir vakan\u0131n ayr\u0131 bir d\u00fcnyaya kap\u0131 a\u00e7t\u0131\u011f\u0131n\u0131 gelin, hep birlikte ke\u015ffedelim!     Bir Psikiyatrist Anlat\u0131yor, \u015fizofreniden bipolar bozuklu\u011fa kadar belli ba\u015fl\u0131 ruhsal hastal\u0131klar\u0131n elli y\u0131ll\u0131k bir deneyim s\u00fczgecinden ge\u00e7irilerek sat\u0131rlara d\u00f6k\u00fclm\u00fc\u015f halidir. Uzman Psikiyatrist G\u00fcler Mocan, hastalar\u0131n\u0131n ger\u00e7ek hayat hik\u00e2yelerini engin tecr\u00fcbesiyle harmanlayarak okurlar\u0131na sunmaktad\u0131r. Burada anlat\u0131lan her bir vakan\u0131n ayr\u0131 bir d\u00fcnyaya kap\u0131 a\u00e7t\u0131\u011f\u0131n\u0131 gelin, hep birlikte ke\u015ffedelim! <\/p>\n","protected":false},"excerpt":{"rendered":"<p>Ayn\u0131 kubbenin alt\u0131nda ya\u015fayan insanlar\u0131n farkl\u0131 hik\u00e2yeleri olsa da \u00e7o\u011funlukla hissettikleri ayn\u0131&#8230; Kimse birbirine zannetti\u011fi kadar uzak de\u011fil. Asl\u0131nda hepimiz his olarak birbirimizi tan\u0131yoruz. Bunun belki<span class=\"excerpt-hellip\"> [\u2026]<\/span><\/p>\n","protected":false},"featured_media":0,"template":"","meta":{"_monsterinsights_skip_tracking":false,"_monsterinsights_sitenote_active":false,"_monsterinsights_sitenote_note":"","_monsterinsights_sitenote_category":0},"product_brand":[],"product_cat":[12357],"product_tag":[],"class_list":{"0":"post-753194","1":"product","2":"type-product","3":"status-publish","5":"product_cat-psikoloji","6":"pa_cilt-ciltsiz","7":"pa_tur-kitap","8":"pa_yayinevi-mona-kitap","9":"pa_yazar-guler-mocan","11":"first","12":"instock","13":"sale","14":"shipping-taxable","15":"purchasable","16":"product-type-simple"},"_links":{"self":[{"href":"https:\/\/roveyayinevi.com.tr\/index.php\/wp-json\/wp\/v2\/product\/753194","targetHints":{"allow":["GET"]}}],"collection":[{"href":"https:\/\/roveyayinevi.com.tr\/index.php\/wp-json\/wp\/v2\/product"}],"about":[{"href":"https:\/\/roveyayinevi.com.tr\/index.php\/wp-json\/wp\/v2\/types\/product"}],"wp:attachment":[{"href":"https:\/\/roveyayinevi.com.tr\/index.php\/wp-json\/wp\/v2\/media?parent=753194"}],"wp:term":[{"taxonomy":"product_brand","embeddable":true,"href":"https:\/\/roveyayinevi.com.tr\/index.php\/wp-json\/wp\/v2\/product_brand?post=753194"},{"taxonomy":"product_cat","embeddable":true,"href":"https:\/\/roveyayinevi.com.tr\/index.php\/wp-json\/wp\/v2\/product_cat?post=753194"},{"taxonomy":"product_tag","embeddable":true,"href":"https:\/\/roveyayinevi.com.tr\/index.php\/wp-json\/wp\/v2\/product_tag?post=753194"}],"curies":[{"name":"wp","href":"https:\/\/api.w.org\/{rel}","templated":true}]}}