{"id":753191,"date":"2025-08-28T05:36:13","date_gmt":"2025-08-28T02:36:13","guid":{"rendered":"https:\/\/roveyayinevi.com.tr\/index.php\/urun\/mahalle-3\/"},"modified":"2026-04-16T03:06:41","modified_gmt":"2026-04-16T00:06:41","slug":"mahalle-3","status":"publish","type":"product","link":"https:\/\/roveyayinevi.com.tr\/index.php\/urun\/mahalle-3\/","title":{"rendered":"Mahalle"},"content":{"rendered":"<p>\u201cHer \u015fey Aysel\u2019in bir g\u00fcn ans\u0131z\u0131n ortadan kaybolmas\u0131yla ba\u015flad\u0131. Daha yak\u0131n zamanda bir pazar sabah\u0131 erkenden gelmi\u015f, her zaman oldu\u011fu gibi soka\u011fa bakan cam\u0131n kenar\u0131ndaki iki ki\u015filik k\u00fc\u00e7\u00fck masaya oturmu\u015f, tek ki\u015filik kahvalt\u0131 taba\u011f\u0131 sipari\u015f etmi\u015fti. Huyunu \u2013belki de huysuzlu\u011funu demek laz\u0131m\u2013 bildi\u011fimden, hi\u00e7 ili\u015fmeden d\u00fckk\u00e2n\u0131n a\u00e7\u0131k bar gibi restore ettirdi\u011fimiz, konuklar\u0131m\u0131z\u0131n mutfa\u011f\u0131m\u0131zda \u00e7al\u0131\u015f\u0131rken bizi, bizim de mutfaktan onlar\u0131 g\u00f6rebildi\u011fimiz b\u00f6l\u00fcm\u00fcnden g\u00f6zucuyla izlemi\u015ftim onu. Hen\u00fcz o kadar erkendi ki d\u00fckk\u00e2nda izleyecek ba\u015fka hi\u00e7bir \u015fey ya da hi\u00e7 kimse yoktu zaten.\u201d \u0130stanbul\u2019un en kendine \u00f6zg\u00fc semtlerinden biri Kuzguncuk&#8230; Burada, en g\u00fczel lezzetlerin insanlar\u0131n derdine \u015fifa oldu\u011fu \u201cMahalle\u201d isimli bir mek\u00e2n&#8230; Bu tatlar\u0131n ustas\u0131, insanlar\u0131n dertlerinin dinleyicisi ve mek\u00e2n\u0131n sahibi F\u00fcruzan&#8230; T\u00fcm mevzular\u0131n birbirine ba\u011fland\u0131\u011f\u0131 ve kay\u0131p olan isim Aysel&#8230; \u00c7ocukluk arkada\u015fl\u0131klar\u0131, \u0130stanbul, T\u00fcrkiye\u2019de, ge\u00e7mi\u015f ve g\u00fcn\u00fcm\u00fczde ya\u015fanan olaylar\u0131n hayatlara yans\u0131mas\u0131, Bo\u011faz semti insanlar\u0131, i\u00e7y\u00fcz\u00fc tam olarak bilinmeyen yar\u0131m kalm\u0131\u015f bir a\u015fk hik\u00e2yesi&#8230; Ge\u00e7ti\u011fimiz y\u0131l Yar\u0131m isimli roman\u0131yla okurlarla bulu\u015fan \u00d6zlen Alpaslan, bu sefer sizi Mahalle\u2019ye davet ediyor! <\/p>\n","protected":false},"excerpt":{"rendered":"<p>\u201cHer \u015fey Aysel\u2019in bir g\u00fcn ans\u0131z\u0131n ortadan kaybolmas\u0131yla ba\u015flad\u0131. Daha yak\u0131n zamanda bir pazar sabah\u0131 erkenden gelmi\u015f, her zaman oldu\u011fu gibi soka\u011fa bakan cam\u0131n kenar\u0131ndaki iki<span class=\"excerpt-hellip\"> [\u2026]<\/span><\/p>\n","protected":false},"featured_media":0,"template":"","meta":{"_monsterinsights_skip_tracking":false,"_monsterinsights_sitenote_active":false,"_monsterinsights_sitenote_note":"","_monsterinsights_sitenote_category":0},"product_brand":[],"product_cat":[12291,12711],"product_tag":[],"class_list":{"0":"post-753191","1":"product","2":"type-product","3":"status-publish","5":"product_cat-edebiyat","6":"product_cat-roman-oyku","7":"pa_cilt-ciltsiz","8":"pa_tur-kitap","9":"pa_yayinevi-kara-karga-yayinlari","10":"pa_yazar-ozlen-alpaslan","12":"first","13":"instock","14":"sale","15":"shipping-taxable","16":"purchasable","17":"product-type-simple"},"_links":{"self":[{"href":"https:\/\/roveyayinevi.com.tr\/index.php\/wp-json\/wp\/v2\/product\/753191","targetHints":{"allow":["GET"]}}],"collection":[{"href":"https:\/\/roveyayinevi.com.tr\/index.php\/wp-json\/wp\/v2\/product"}],"about":[{"href":"https:\/\/roveyayinevi.com.tr\/index.php\/wp-json\/wp\/v2\/types\/product"}],"wp:attachment":[{"href":"https:\/\/roveyayinevi.com.tr\/index.php\/wp-json\/wp\/v2\/media?parent=753191"}],"wp:term":[{"taxonomy":"product_brand","embeddable":true,"href":"https:\/\/roveyayinevi.com.tr\/index.php\/wp-json\/wp\/v2\/product_brand?post=753191"},{"taxonomy":"product_cat","embeddable":true,"href":"https:\/\/roveyayinevi.com.tr\/index.php\/wp-json\/wp\/v2\/product_cat?post=753191"},{"taxonomy":"product_tag","embeddable":true,"href":"https:\/\/roveyayinevi.com.tr\/index.php\/wp-json\/wp\/v2\/product_tag?post=753191"}],"curies":[{"name":"wp","href":"https:\/\/api.w.org\/{rel}","templated":true}]}}