{"id":753190,"date":"2025-08-28T05:36:11","date_gmt":"2025-08-28T02:36:11","guid":{"rendered":"https:\/\/roveyayinevi.com.tr\/index.php\/urun\/brutal-3-18\/"},"modified":"2026-04-16T03:06:41","modified_gmt":"2026-04-16T00:06:41","slug":"brutal-3-18","status":"publish","type":"product","link":"https:\/\/roveyayinevi.com.tr\/index.php\/urun\/brutal-3-18\/","title":{"rendered":"Brutal 3 (+18)"},"content":{"rendered":"<p>\u0130FLAH OLMAZ K\u00d6T\u00dcL\u00dc\u011eE UMUT VERMEK. BA\u015eKALARININ TAL\u0130HS\u0130ZL\u0130KLER\u0130NDEN FAYDALANAN V\u0130CDANSIZ B\u0130R YAYINCI. G\u00dc\u00c7S\u00dcZ \u0130NSANLARI KULLANAN EVS\u0130Z AVCISI B\u0130R \u00dcN\u0130VERS\u0130TEL\u0130 .ARDINA BAKMADAN K\u00d6T\u00dcL\u00dcK YAPANLARA, B\u00dcY\u00dcK\u015eEH\u0130R POL\u0130S DEPARTMANI B\u0130R\u0130NC\u0130 SORU\u015eTURMA B\u00dcROSU\u2019NDA G\u00d6REV YAPAN DANH\u0130ROK\u0130 Y\u0130NE B\u0130R DARBE VURUYOR. <\/p>\n","protected":false},"excerpt":{"rendered":"<p>\u0130FLAH OLMAZ K\u00d6T\u00dcL\u00dc\u011eE UMUT VERMEK. BA\u015eKALARININ TAL\u0130HS\u0130ZL\u0130KLER\u0130NDEN FAYDALANAN V\u0130CDANSIZ B\u0130R YAYINCI. G\u00dc\u00c7S\u00dcZ \u0130NSANLARI KULLANAN EVS\u0130Z AVCISI B\u0130R \u00dcN\u0130VERS\u0130TEL\u0130 .ARDINA BAKMADAN K\u00d6T\u00dcL\u00dcK YAPANLARA, B\u00dcY\u00dcK\u015eEH\u0130R POL\u0130S DEPARTMANI B\u0130R\u0130NC\u0130<span class=\"excerpt-hellip\"> [\u2026]<\/span><\/p>\n","protected":false},"featured_media":0,"template":"","meta":{"_monsterinsights_skip_tracking":false,"_monsterinsights_sitenote_active":false,"_monsterinsights_sitenote_note":"","_monsterinsights_sitenote_category":0},"product_brand":[],"product_cat":[12416,12291],"product_tag":[],"class_list":{"0":"post-753190","1":"product","2":"type-product","3":"status-publish","5":"product_cat-cizgi-roman","6":"product_cat-edebiyat","7":"pa_cilt-ciltsiz","8":"pa_tur-kitap","9":"pa_yayinevi-athica-yayinlari","10":"pa_yazar-kei-koga","12":"first","13":"instock","14":"sale","15":"shipping-taxable","16":"purchasable","17":"product-type-simple"},"_links":{"self":[{"href":"https:\/\/roveyayinevi.com.tr\/index.php\/wp-json\/wp\/v2\/product\/753190","targetHints":{"allow":["GET"]}}],"collection":[{"href":"https:\/\/roveyayinevi.com.tr\/index.php\/wp-json\/wp\/v2\/product"}],"about":[{"href":"https:\/\/roveyayinevi.com.tr\/index.php\/wp-json\/wp\/v2\/types\/product"}],"wp:attachment":[{"href":"https:\/\/roveyayinevi.com.tr\/index.php\/wp-json\/wp\/v2\/media?parent=753190"}],"wp:term":[{"taxonomy":"product_brand","embeddable":true,"href":"https:\/\/roveyayinevi.com.tr\/index.php\/wp-json\/wp\/v2\/product_brand?post=753190"},{"taxonomy":"product_cat","embeddable":true,"href":"https:\/\/roveyayinevi.com.tr\/index.php\/wp-json\/wp\/v2\/product_cat?post=753190"},{"taxonomy":"product_tag","embeddable":true,"href":"https:\/\/roveyayinevi.com.tr\/index.php\/wp-json\/wp\/v2\/product_tag?post=753190"}],"curies":[{"name":"wp","href":"https:\/\/api.w.org\/{rel}","templated":true}]}}