{"id":753189,"date":"2025-08-28T05:36:09","date_gmt":"2025-08-28T02:36:09","guid":{"rendered":"https:\/\/roveyayinevi.com.tr\/index.php\/urun\/teen-titans-go-karmasik-sacmalik\/"},"modified":"2026-04-16T03:06:41","modified_gmt":"2026-04-16T00:06:41","slug":"teen-titans-go-karmasik-sacmalik","status":"publish","type":"product","link":"https:\/\/roveyayinevi.com.tr\/index.php\/urun\/teen-titans-go-karmasik-sacmalik\/","title":{"rendered":"Teen Titans Go! &#8211; Karma\u015f\u0131k Sa\u00e7mal\u0131k"},"content":{"rendered":"<p>Robin, Y\u0131ld\u0131z Ate\u015fi, Cyborg, Kuzgun ve Canavar \u00c7ocuk sadece S\u0131\u00e7rama Kenti\u2019ndeki en haval\u0131 gen\u00e7 s\u00fcper kahraman tak\u0131m\u0131 de\u011filler; onlar Teen Titans! \u00dcstelik herkesin en sevdi\u011fi bu pizza delisi s\u00fcper-tak\u0131m her zaman bir sonraki muhte\u015fem macera i\u00e7in haz\u0131r\u2026   Titanlar, bir uzayl\u0131 vir\u00fcs\u00fc taraf\u0131ndan ele ge\u00e7irilen robotik di\u015flerle canlar\u0131n\u0131 di\u015fine takarak kap\u0131\u015facak, Y\u0131ld\u0131z Ate\u015fi\u2019nin s\u00fcper i\u011fren\u00e7, s\u00fcper g\u00fc\u00e7l\u00fc Tamaranayan gribini iyile\u015ftirmeye \u00e7al\u0131\u015facak ve Titans East tak\u0131m\u0131 ile \u00e7arp\u0131\u015facaklar. \u00dcst\u00fcne bir de D\u00fcnyan\u0131n En \u0130yi Dedektifi onlar\u0131 yakalamadan \u00f6nce Batmobil\u2019i \u015f\u00f6yle bir turlamak i\u00e7in ka\u00e7\u0131racaklar! Tak\u0131m\u0131n bir peri b\u00fcy\u00fckannesi olunca hangi dilekleri ger\u00e7ekle\u015fecek? Ve son olarak, Teen Titans \u015fu ana kadar y\u00fczle\u015ftikleri en zalim k\u00f6t\u00fc ile kar\u015f\u0131la\u015facaklar: Ger\u00e7ek Hayat \u015eovlar\u0131!     <\/p>\n","protected":false},"excerpt":{"rendered":"<p>Robin, Y\u0131ld\u0131z Ate\u015fi, Cyborg, Kuzgun ve Canavar \u00c7ocuk sadece S\u0131\u00e7rama Kenti\u2019ndeki en haval\u0131 gen\u00e7 s\u00fcper kahraman tak\u0131m\u0131 de\u011filler; onlar Teen Titans! \u00dcstelik herkesin en sevdi\u011fi bu<span class=\"excerpt-hellip\"> [\u2026]<\/span><\/p>\n","protected":false},"featured_media":0,"template":"","meta":{"_monsterinsights_skip_tracking":false,"_monsterinsights_sitenote_active":false,"_monsterinsights_sitenote_note":"","_monsterinsights_sitenote_category":0},"product_brand":[],"product_cat":[12803,12291],"product_tag":[],"class_list":{"0":"post-753189","1":"product","2":"type-product","3":"status-publish","5":"product_cat-aksiyon-macera","6":"product_cat-edebiyat","7":"pa_cilt-ciltsiz","8":"pa_tur-kitap","9":"pa_yayinevi-dinozor-cocuk","10":"pa_yazar-kolektif","12":"first","13":"instock","14":"sale","15":"shipping-taxable","16":"purchasable","17":"product-type-simple"},"_links":{"self":[{"href":"https:\/\/roveyayinevi.com.tr\/index.php\/wp-json\/wp\/v2\/product\/753189","targetHints":{"allow":["GET"]}}],"collection":[{"href":"https:\/\/roveyayinevi.com.tr\/index.php\/wp-json\/wp\/v2\/product"}],"about":[{"href":"https:\/\/roveyayinevi.com.tr\/index.php\/wp-json\/wp\/v2\/types\/product"}],"wp:attachment":[{"href":"https:\/\/roveyayinevi.com.tr\/index.php\/wp-json\/wp\/v2\/media?parent=753189"}],"wp:term":[{"taxonomy":"product_brand","embeddable":true,"href":"https:\/\/roveyayinevi.com.tr\/index.php\/wp-json\/wp\/v2\/product_brand?post=753189"},{"taxonomy":"product_cat","embeddable":true,"href":"https:\/\/roveyayinevi.com.tr\/index.php\/wp-json\/wp\/v2\/product_cat?post=753189"},{"taxonomy":"product_tag","embeddable":true,"href":"https:\/\/roveyayinevi.com.tr\/index.php\/wp-json\/wp\/v2\/product_tag?post=753189"}],"curies":[{"name":"wp","href":"https:\/\/api.w.org\/{rel}","templated":true}]}}