{"id":753187,"date":"2025-08-28T05:36:07","date_gmt":"2025-08-28T02:36:07","guid":{"rendered":"https:\/\/roveyayinevi.com.tr\/index.php\/urun\/davranissal-yatirim-rehberi\/"},"modified":"2026-04-16T03:06:41","modified_gmt":"2026-04-16T00:06:41","slug":"davranissal-yatirim-rehberi","status":"publish","type":"product","link":"https:\/\/roveyayinevi.com.tr\/index.php\/urun\/davranissal-yatirim-rehberi\/","title":{"rendered":"Davran\u0131\u015fsal Yat\u0131r\u0131m Rehberi"},"content":{"rendered":"<p>De\u011fer yat\u0131r\u0131m\u0131n\u0131n babas\u0131 Ben Graham\u2019a g\u00f6re, \u201cYat\u0131r\u0131mc\u0131n\u0131n ba\u015fl\u0131ca sorunu \u2013ve hatta en b\u00fcy\u00fck d\u00fc\u015fman\u0131\u2013 muhtemelen kendisidir.\u201d Graham\u2019\u0131n s\u00f6zleri bug\u00fcn de ge\u00e7erlili\u011fini koruyor. \u00d6nyarg\u0131lar, duygular ve a\u015f\u0131r\u0131 g\u00fcven, yat\u0131r\u0131mc\u0131lar\u0131n para kaybetmesine veya daha d\u00fc\u015f\u00fck getiri elde etmesine neden olabilecek bir\u00e7ok davran\u0131\u015fsal \u00f6zellikten sadece \u00fc\u00e7\u00fc. Davran\u0131\u015fsal ilkelerin bir yat\u0131r\u0131m portf\u00f6y\u00fcne uygulanmas\u0131, yat\u0131r\u0131mc\u0131lar\u0131n kendilerine ve finans kurumlar\u0131na milyarlarca dolara mal olan baz\u0131 zihinsel tuzaklardan ka\u00e7\u0131nmalar\u0131na yard\u0131mc\u0131 olabilir.    Davran\u0131\u015fsal finans uzman\u0131 James Montier bu rehberde, yat\u0131r\u0131mc\u0131lar\u0131n kar\u015f\u0131la\u015ft\u0131\u011f\u0131 en yayg\u0131n davran\u0131\u015fsal zorluklar\u0131 ve zihinsel tuzaklar\u0131 g\u00f6zler \u00f6n\u00fcne sermekle kalm\u0131yor ayn\u0131 zamanda bu \u00f6zellikleri ortadan kald\u0131rmak i\u00e7in de stratejiler sunuyor. Yat\u0131r\u0131mda sonu\u00e7lardan ziyade s\u00fcrece odaklanman\u0131n kritik \u00f6nemine de\u011finiyor. Davran\u0131\u015fsal Yat\u0131r\u0131m Rehberi sayesinde d\u00fcnyan\u0131n en iyi yat\u0131r\u0131mc\u0131lar\u0131ndan baz\u0131lar\u0131n\u0131n yat\u0131r\u0131m getirilerini a\u015fa\u011f\u0131 \u00e7eken davran\u0131\u015fsal \u00f6nyarg\u0131larla nas\u0131l ba\u015fa \u00e7\u0131kt\u0131klar\u0131n\u0131 g\u00f6recek, bu basit stratejileri izleyerek, yat\u0131r\u0131mlar s\u00f6z konusu oldu\u011funda en b\u00fcy\u00fck d\u00fc\u015fman\u0131n\u0131z olan kendinizin \u00fcstesinden gelmeyi ba\u015faracaks\u0131n\u0131z!   \u201cHi\u00e7bir kitap, yat\u0131r\u0131mda ba\u015far\u0131 i\u00e7in daha iyi bir ba\u015flang\u0131\u00e7 noktas\u0131 sunamaz.\u201d \u2014Bruce Greenwald   \u201cJames Montier, biz yat\u0131r\u0131mc\u0131lar\u0131n neden bu kadar \u00f6ng\u00f6r\u00fclebilir bi\u00e7imde irrasyonel oldu\u011fumuzu g\u00f6zler \u00f6n\u00fcne seriyor.\u201d \u2014John Mauldin   \u201c\u0130nsan do\u011fas\u0131 ve finansal piyasalar\u0131n etkile\u015fim yollar\u0131n\u0131 anlamak isteyen herkes i\u00e7in \u00f6nemli bir kitap.\u201d \u2014Dan Ariely, Ak\u0131ld\u0131\u015f\u0131 ama \u00d6ng\u00f6r\u00fclebilir kitab\u0131n\u0131n yazar\u0131   <\/p>\n","protected":false},"excerpt":{"rendered":"<p>De\u011fer yat\u0131r\u0131m\u0131n\u0131n babas\u0131 Ben Graham\u2019a g\u00f6re, \u201cYat\u0131r\u0131mc\u0131n\u0131n ba\u015fl\u0131ca sorunu \u2013ve hatta en b\u00fcy\u00fck d\u00fc\u015fman\u0131\u2013 muhtemelen kendisidir.\u201d Graham\u2019\u0131n s\u00f6zleri bug\u00fcn de ge\u00e7erlili\u011fini koruyor. \u00d6nyarg\u0131lar, duygular ve a\u015f\u0131r\u0131<span class=\"excerpt-hellip\"> [\u2026]<\/span><\/p>\n","protected":false},"featured_media":0,"template":"","meta":{"_monsterinsights_skip_tracking":false,"_monsterinsights_sitenote_active":false,"_monsterinsights_sitenote_note":"","_monsterinsights_sitenote_category":0},"product_brand":[],"product_cat":[13043,17647],"product_tag":[],"class_list":{"0":"post-753187","1":"product","2":"type-product","3":"status-publish","5":"product_cat-ekonomi","6":"product_cat-is-dunyasi","7":"pa_cilt-ciltsiz","8":"pa_tur-kitap","9":"pa_yayinevi-nova-kitap","10":"pa_yazar-james-montiee","12":"first","13":"instock","14":"sale","15":"shipping-taxable","16":"purchasable","17":"product-type-simple"},"_links":{"self":[{"href":"https:\/\/roveyayinevi.com.tr\/index.php\/wp-json\/wp\/v2\/product\/753187","targetHints":{"allow":["GET"]}}],"collection":[{"href":"https:\/\/roveyayinevi.com.tr\/index.php\/wp-json\/wp\/v2\/product"}],"about":[{"href":"https:\/\/roveyayinevi.com.tr\/index.php\/wp-json\/wp\/v2\/types\/product"}],"wp:attachment":[{"href":"https:\/\/roveyayinevi.com.tr\/index.php\/wp-json\/wp\/v2\/media?parent=753187"}],"wp:term":[{"taxonomy":"product_brand","embeddable":true,"href":"https:\/\/roveyayinevi.com.tr\/index.php\/wp-json\/wp\/v2\/product_brand?post=753187"},{"taxonomy":"product_cat","embeddable":true,"href":"https:\/\/roveyayinevi.com.tr\/index.php\/wp-json\/wp\/v2\/product_cat?post=753187"},{"taxonomy":"product_tag","embeddable":true,"href":"https:\/\/roveyayinevi.com.tr\/index.php\/wp-json\/wp\/v2\/product_tag?post=753187"}],"curies":[{"name":"wp","href":"https:\/\/api.w.org\/{rel}","templated":true}]}}