{"id":753185,"date":"2025-08-28T05:36:03","date_gmt":"2025-08-28T02:36:03","guid":{"rendered":"https:\/\/roveyayinevi.com.tr\/index.php\/urun\/sevgi-cicegi\/"},"modified":"2026-04-16T03:06:41","modified_gmt":"2026-04-16T00:06:41","slug":"sevgi-cicegi","status":"publish","type":"product","link":"https:\/\/roveyayinevi.com.tr\/index.php\/urun\/sevgi-cicegi\/","title":{"rendered":"Sevgi \u00c7i\u00e7e\u011fi"},"content":{"rendered":"<p>D\u00fcnya, insan ve do\u011fa ter\u00f6r\u00fc ile kayn\u0131yor. Orman katliam\u0131, yang\u0131nlar\u0131, sular\u0131m\u0131z\u0131n kirlenmesi g\u00fcn ge\u00e7tik\u00e7e art\u0131yor. Bu nedenle kitab\u0131n i\u00e7eri\u011fini sevgi \u00fczerine kurdum. Hani \u015fu canl\u0131lara mutluluk s\u0131cakl\u0131k veren, do\u011fay\u0131 d\u00fcnyay\u0131 ya\u015fan\u0131r hale getiren sihirli anahtar sevgi tohumu var ya, i\u015fte ondan serpi\u015ftirdim. Harf diye, hece diye, s\u00f6zc\u00fck diye&#8230; Ad\u0131na Sevgi \u00c7i\u00e7e\u011fi dedim, kalemimle dikip be\u011feninize sunmak i\u00e7in ye\u015ferttim. Sevgi \u00c7i\u00e7e\u011fi\u2019yle, duygusu, hazz\u0131, kokusuyla g\u00f6n\u00fcl pencerenizi aralayabilirsem kendimi mutlu sayaca\u011f\u0131m. <\/p>\n","protected":false},"excerpt":{"rendered":"<p>D\u00fcnya, insan ve do\u011fa ter\u00f6r\u00fc ile kayn\u0131yor. Orman katliam\u0131, yang\u0131nlar\u0131, sular\u0131m\u0131z\u0131n kirlenmesi g\u00fcn ge\u00e7tik\u00e7e art\u0131yor. Bu nedenle kitab\u0131n i\u00e7eri\u011fini sevgi \u00fczerine kurdum. Hani \u015fu canl\u0131lara mutluluk<span class=\"excerpt-hellip\"> [\u2026]<\/span><\/p>\n","protected":false},"featured_media":0,"template":"","meta":{"_monsterinsights_skip_tracking":false,"_monsterinsights_sitenote_active":false,"_monsterinsights_sitenote_note":"","_monsterinsights_sitenote_category":0},"product_brand":[],"product_cat":[12777,12291],"product_tag":[],"class_list":{"0":"post-753185","1":"product","2":"type-product","3":"status-publish","5":"product_cat-deneme","6":"product_cat-edebiyat","7":"pa_cilt-ciltsiz","8":"pa_tur-kitap","9":"pa_yayinevi-zet-yayinlari","10":"pa_yazar-selahattin-turfan","12":"first","13":"instock","14":"sale","15":"shipping-taxable","16":"purchasable","17":"product-type-simple"},"_links":{"self":[{"href":"https:\/\/roveyayinevi.com.tr\/index.php\/wp-json\/wp\/v2\/product\/753185","targetHints":{"allow":["GET"]}}],"collection":[{"href":"https:\/\/roveyayinevi.com.tr\/index.php\/wp-json\/wp\/v2\/product"}],"about":[{"href":"https:\/\/roveyayinevi.com.tr\/index.php\/wp-json\/wp\/v2\/types\/product"}],"wp:attachment":[{"href":"https:\/\/roveyayinevi.com.tr\/index.php\/wp-json\/wp\/v2\/media?parent=753185"}],"wp:term":[{"taxonomy":"product_brand","embeddable":true,"href":"https:\/\/roveyayinevi.com.tr\/index.php\/wp-json\/wp\/v2\/product_brand?post=753185"},{"taxonomy":"product_cat","embeddable":true,"href":"https:\/\/roveyayinevi.com.tr\/index.php\/wp-json\/wp\/v2\/product_cat?post=753185"},{"taxonomy":"product_tag","embeddable":true,"href":"https:\/\/roveyayinevi.com.tr\/index.php\/wp-json\/wp\/v2\/product_tag?post=753185"}],"curies":[{"name":"wp","href":"https:\/\/api.w.org\/{rel}","templated":true}]}}