{"id":753184,"date":"2025-08-28T05:36:01","date_gmt":"2025-08-28T02:36:01","guid":{"rendered":"https:\/\/roveyayinevi.com.tr\/index.php\/urun\/aman-ormanci\/"},"modified":"2026-04-16T03:06:41","modified_gmt":"2026-04-16T00:06:41","slug":"aman-ormanci","status":"publish","type":"product","link":"https:\/\/roveyayinevi.com.tr\/index.php\/urun\/aman-ormanci\/","title":{"rendered":"Aman Ormanc\u0131"},"content":{"rendered":"<p>Tarihsel ve do\u011fal zenginliklerle bezeli, do\u011fa ve turizm cenneti Gevenes; ac\u0131 bir orman yang\u0131n\u0131yla sars\u0131ld\u0131. \u00d6nce ye\u015filini yitirdi. Daha sonra da Tevfik\u2019ini, hapse at\u0131lan Bay Mustafa\u2019s\u0131n\u0131 \u2026 A\u011f\u0131t oldu ormanc\u0131, dillerde&#8230; Saz\u0131n tellerinde&#8230; G\u00f6n\u00fcllere h\u00fcz\u00fcn veren t\u00fcrk\u00fc oldu&#8230; <\/p>\n","protected":false},"excerpt":{"rendered":"<p>Tarihsel ve do\u011fal zenginliklerle bezeli, do\u011fa ve turizm cenneti Gevenes; ac\u0131 bir orman yang\u0131n\u0131yla sars\u0131ld\u0131. \u00d6nce ye\u015filini yitirdi. Daha sonra da Tevfik\u2019ini, hapse at\u0131lan Bay Mustafa\u2019s\u0131n\u0131<span class=\"excerpt-hellip\"> [\u2026]<\/span><\/p>\n","protected":false},"featured_media":0,"template":"","meta":{"_monsterinsights_skip_tracking":false,"_monsterinsights_sitenote_active":false,"_monsterinsights_sitenote_note":"","_monsterinsights_sitenote_category":0},"product_brand":[],"product_cat":[12291,14272],"product_tag":[],"class_list":{"0":"post-753184","1":"product","2":"type-product","3":"status-publish","5":"product_cat-edebiyat","6":"product_cat-tiyatro","7":"pa_cilt-ciltsiz","8":"pa_tur-kitap","9":"pa_yayinevi-zet-yayinlari","10":"pa_yazar-selahattin-turfan","12":"first","13":"instock","14":"sale","15":"shipping-taxable","16":"purchasable","17":"product-type-simple"},"_links":{"self":[{"href":"https:\/\/roveyayinevi.com.tr\/index.php\/wp-json\/wp\/v2\/product\/753184","targetHints":{"allow":["GET"]}}],"collection":[{"href":"https:\/\/roveyayinevi.com.tr\/index.php\/wp-json\/wp\/v2\/product"}],"about":[{"href":"https:\/\/roveyayinevi.com.tr\/index.php\/wp-json\/wp\/v2\/types\/product"}],"wp:attachment":[{"href":"https:\/\/roveyayinevi.com.tr\/index.php\/wp-json\/wp\/v2\/media?parent=753184"}],"wp:term":[{"taxonomy":"product_brand","embeddable":true,"href":"https:\/\/roveyayinevi.com.tr\/index.php\/wp-json\/wp\/v2\/product_brand?post=753184"},{"taxonomy":"product_cat","embeddable":true,"href":"https:\/\/roveyayinevi.com.tr\/index.php\/wp-json\/wp\/v2\/product_cat?post=753184"},{"taxonomy":"product_tag","embeddable":true,"href":"https:\/\/roveyayinevi.com.tr\/index.php\/wp-json\/wp\/v2\/product_tag?post=753184"}],"curies":[{"name":"wp","href":"https:\/\/api.w.org\/{rel}","templated":true}]}}