{"id":753182,"date":"2025-08-28T05:35:58","date_gmt":"2025-08-28T02:35:58","guid":{"rendered":"https:\/\/roveyayinevi.com.tr\/index.php\/urun\/gonul-nagmeleri\/"},"modified":"2026-04-16T03:06:41","modified_gmt":"2026-04-16T00:06:41","slug":"gonul-nagmeleri","status":"publish","type":"product","link":"https:\/\/roveyayinevi.com.tr\/index.php\/urun\/gonul-nagmeleri\/","title":{"rendered":"G\u00f6n\u00fcl Na\u011fmeleri"},"content":{"rendered":"<p>1966 y\u0131l\u0131nda Ankara ili \u00c7aml\u0131dere Ahatlar k\u00f6y\u00fcnde do\u011fan H\u00fcseyin Kaygusuz\u2019un bestelenmi\u015f ESERLER\u0130; Ay Y\u00fczl\u00fcm, G\u00f6n\u00fcl Paresi, \u00c7aml\u0131dere Hastas\u0131y\u0131m, Vasiyetim Garda\u015f, Ben K\u00f6y\u00fcme D\u00f6nece\u011fim, Can\u0131m Ankara ve di\u011ferleri olmak \u00fczere 16 eseri halen ilgiyle dinlenmektedir. <\/p>\n","protected":false},"excerpt":{"rendered":"<p>1966 y\u0131l\u0131nda Ankara ili \u00c7aml\u0131dere Ahatlar k\u00f6y\u00fcnde do\u011fan H\u00fcseyin Kaygusuz\u2019un bestelenmi\u015f ESERLER\u0130; Ay Y\u00fczl\u00fcm, G\u00f6n\u00fcl Paresi, \u00c7aml\u0131dere Hastas\u0131y\u0131m, Vasiyetim Garda\u015f, Ben K\u00f6y\u00fcme D\u00f6nece\u011fim, Can\u0131m Ankara ve<span class=\"excerpt-hellip\"> [\u2026]<\/span><\/p>\n","protected":false},"featured_media":0,"template":"","meta":{"_monsterinsights_skip_tracking":false,"_monsterinsights_sitenote_active":false,"_monsterinsights_sitenote_note":"","_monsterinsights_sitenote_category":0},"product_brand":[],"product_cat":[12291,12509],"product_tag":[],"class_list":{"0":"post-753182","1":"product","2":"type-product","3":"status-publish","5":"product_cat-edebiyat","6":"product_cat-siir","7":"pa_cilt-ciltsiz","8":"pa_tur-kitap","9":"pa_yayinevi-zet-yayinlari","10":"pa_yazar-huseyin-kaygusuz","12":"first","13":"instock","14":"sale","15":"shipping-taxable","16":"purchasable","17":"product-type-simple"},"_links":{"self":[{"href":"https:\/\/roveyayinevi.com.tr\/index.php\/wp-json\/wp\/v2\/product\/753182","targetHints":{"allow":["GET"]}}],"collection":[{"href":"https:\/\/roveyayinevi.com.tr\/index.php\/wp-json\/wp\/v2\/product"}],"about":[{"href":"https:\/\/roveyayinevi.com.tr\/index.php\/wp-json\/wp\/v2\/types\/product"}],"wp:attachment":[{"href":"https:\/\/roveyayinevi.com.tr\/index.php\/wp-json\/wp\/v2\/media?parent=753182"}],"wp:term":[{"taxonomy":"product_brand","embeddable":true,"href":"https:\/\/roveyayinevi.com.tr\/index.php\/wp-json\/wp\/v2\/product_brand?post=753182"},{"taxonomy":"product_cat","embeddable":true,"href":"https:\/\/roveyayinevi.com.tr\/index.php\/wp-json\/wp\/v2\/product_cat?post=753182"},{"taxonomy":"product_tag","embeddable":true,"href":"https:\/\/roveyayinevi.com.tr\/index.php\/wp-json\/wp\/v2\/product_tag?post=753182"}],"curies":[{"name":"wp","href":"https:\/\/api.w.org\/{rel}","templated":true}]}}