{"id":753181,"date":"2025-08-28T05:35:56","date_gmt":"2025-08-28T02:35:56","guid":{"rendered":"https:\/\/roveyayinevi.com.tr\/index.php\/urun\/kime-yazildigi-unutulmus-siirler\/"},"modified":"2026-04-16T03:06:41","modified_gmt":"2026-04-16T00:06:41","slug":"kime-yazildigi-unutulmus-siirler","status":"publish","type":"product","link":"https:\/\/roveyayinevi.com.tr\/index.php\/urun\/kime-yazildigi-unutulmus-siirler\/","title":{"rendered":"Kime Yaz\u0131ld\u0131\u011f\u0131 Unutulmu\u015f \u015eiirler"},"content":{"rendered":"<p>Farkl\u0131 disiplinlerde bilimsel \u00e7al\u0131\u015fmalara imza atan ara\u015ft\u0131rmac\u0131, yazar Mustafa G\u00f6kg\u00f6z\u2019\u00fcn \u201cMedyatik \u015eiddet\u201d, \u201cEnd\u00fcstri \u0130li\u015fkilerinde \u015eiddet ve Makine K\u0131r\u0131c\u0131l\u0131k\u201d ile \u201cKapitalizmin \u0130cad\u0131 &#8211; M\u00fclkiyet ve \u00c7itleme Hareketi\u201d adl\u0131 eserleri daha \u00f6nce yay\u0131nland\u0131. Kendi ifadesiyle \u201chalini, haliyle, halince arz etti\u011fi\u201d \u015fiirlerini bir araya getirdi\u011fi \u201cKime Yaz\u0131ld\u0131\u011f\u0131 Unutulmu\u015f \u015eiirler\u201d isimli ilk \u015fiir kitab\u0131yla okurlar\u0131n\u0131n kar\u015f\u0131s\u0131na \u00e7\u0131k\u0131yor. Yayg\u0131n kanaate g\u00f6re; birbirinin m\u00fctemmim c\u00fcz\u00fc olan divan \u015fiiri ve halk \u015fiiri tarih boyunca T\u00fcrk naz\u0131m sanat\u0131n\u0131n beslendi\u011fi iki ana kaynak olagelmi\u015ftir. Mustafa G\u00f6kg\u00f6z \u015fiirlerinde, her iki \u00fcslubu kulland\u0131\u011f\u0131 gibi az da olsa serbest formda \u015fiirler de kaleme almaktad\u0131r. Serbest \u015fiirlerde vezne riayet, zaruret arz etmese de onun i\u00e7in vazge\u00e7ilmez olan kafiye, sat\u0131r aralar\u0131na serpi\u015ftirilmi\u015f ahengiyle g\u00f6ze \u00e7arpmaktad\u0131r. G\u00f6kg\u00f6z\u2019\u00fcn i\u00e7eri\u011finde 86 adet \u015fiirin yer ald\u0131\u011f\u0131 \u201cKime Yaz\u0131ld\u0131\u011f\u0131 Unutulmu\u015f \u015eiirler\u201d adl\u0131 kitab\u0131 hakk\u0131nda Kahramanmara\u015fl\u0131 \u015eair Arafat Ar\u0131k\u2019\u0131n yorumu \u015fu \u015fekilde: \u201cT\u00fcrk\u2019\u00fcn dili, ana s\u00fct\u00fc gibi masum ve pakt\u0131r onun dilinde. Eski ve yeni koyun koyunad\u0131r iki sevgili gibi, laf kalabal\u0131\u011f\u0131 de\u011fil, ilmek ilmek i\u015flenmi\u015f s\u00f6z \u00f6rg\u00fcs\u00fcd\u00fcr dizeleri. Bazen Karacao\u011flan\u2019\u0131n durulu\u011funu, bazen Karako\u00e7\u2019un ritmini, bazen de Necip Faz\u0131l\u2019\u0131n i\u00e7 muhasebesini ve tecess\u00fcs\u00fcn\u00fc g\u00f6r\u00fcrs\u00fcn\u00fcz m\u0131sralar\u0131nda\u2026\u201d \u00c7orumlu \u015eair Mehmet Okumu\u015f da \u015fu s\u00f6zlerle kitaba yorum getiriyor: \u201c\u015eiir y\u00fcksek perdeden bir sesle ayn\u0131 hizaya inebiliyorsa yahut y\u00fcksek bir ses hizas\u0131na \u00e7\u0131kabiliyor, kast\u0131n\u0131 da eksiltmeden bunu yapabiliyorsa o zaman sahiden \u015fiirdir. Mustafa G\u00f6kg\u00f6z\u2019\u00fcn \u015fiirinde de bu etki ziyadesiyle var. G\u00f6kg\u00f6z\u2019\u00fcn \u015fiiri, durduk yere insan\u0131n kendi kendisine okuyabilece\u011fi kadar hik\u00e2yeye sahip. Bunun yan\u0131nda bir hatibin etraf\u0131na sesleyebilece\u011fi kadar da ritmik ve m\u00fcziksel\u2026\u201d <\/p>\n","protected":false},"excerpt":{"rendered":"<p>Farkl\u0131 disiplinlerde bilimsel \u00e7al\u0131\u015fmalara imza atan ara\u015ft\u0131rmac\u0131, yazar Mustafa G\u00f6kg\u00f6z\u2019\u00fcn \u201cMedyatik \u015eiddet\u201d, \u201cEnd\u00fcstri \u0130li\u015fkilerinde \u015eiddet ve Makine K\u0131r\u0131c\u0131l\u0131k\u201d ile \u201cKapitalizmin \u0130cad\u0131 &#8211; M\u00fclkiyet ve \u00c7itleme Hareketi\u201d<span class=\"excerpt-hellip\"> [\u2026]<\/span><\/p>\n","protected":false},"featured_media":0,"template":"","meta":{"_monsterinsights_skip_tracking":false,"_monsterinsights_sitenote_active":false,"_monsterinsights_sitenote_note":"","_monsterinsights_sitenote_category":0},"product_brand":[],"product_cat":[12291,12509],"product_tag":[],"class_list":{"0":"post-753181","1":"product","2":"type-product","3":"status-publish","5":"product_cat-edebiyat","6":"product_cat-siir","7":"pa_cilt-ciltsiz","8":"pa_tur-kitap","9":"pa_yayinevi-zet-yayinlari","10":"pa_yazar-mustafa-gokgoz","12":"first","13":"instock","14":"sale","15":"shipping-taxable","16":"purchasable","17":"product-type-simple"},"_links":{"self":[{"href":"https:\/\/roveyayinevi.com.tr\/index.php\/wp-json\/wp\/v2\/product\/753181","targetHints":{"allow":["GET"]}}],"collection":[{"href":"https:\/\/roveyayinevi.com.tr\/index.php\/wp-json\/wp\/v2\/product"}],"about":[{"href":"https:\/\/roveyayinevi.com.tr\/index.php\/wp-json\/wp\/v2\/types\/product"}],"wp:attachment":[{"href":"https:\/\/roveyayinevi.com.tr\/index.php\/wp-json\/wp\/v2\/media?parent=753181"}],"wp:term":[{"taxonomy":"product_brand","embeddable":true,"href":"https:\/\/roveyayinevi.com.tr\/index.php\/wp-json\/wp\/v2\/product_brand?post=753181"},{"taxonomy":"product_cat","embeddable":true,"href":"https:\/\/roveyayinevi.com.tr\/index.php\/wp-json\/wp\/v2\/product_cat?post=753181"},{"taxonomy":"product_tag","embeddable":true,"href":"https:\/\/roveyayinevi.com.tr\/index.php\/wp-json\/wp\/v2\/product_tag?post=753181"}],"curies":[{"name":"wp","href":"https:\/\/api.w.org\/{rel}","templated":true}]}}