{"id":753180,"date":"2025-08-28T05:35:54","date_gmt":"2025-08-28T02:35:54","guid":{"rendered":"https:\/\/roveyayinevi.com.tr\/index.php\/urun\/eskisehir-folkloru\/"},"modified":"2026-04-02T03:17:03","modified_gmt":"2026-04-02T00:17:03","slug":"eskisehir-folkloru","status":"publish","type":"product","link":"https:\/\/roveyayinevi.com.tr\/index.php\/urun\/eskisehir-folkloru\/","title":{"rendered":"Eski\u015fehir Folkloru"},"content":{"rendered":"<p>Halk Edebiyat\u0131m\u0131z\u0131n zengin \u00e7e\u015fidinden baz\u0131 konular\u0131, Eski\u015fehir\u2019den derlemeye \u00e7al\u0131\u015ft\u0131klar\u0131m\u0131z\u0131 bulacaks\u0131n\u0131z bu k\u00fc\u00e7\u00fck eserde. Anadolu\u2019nun t\u00fckenmez Folklor p\u0131narlar\u0131ndan biri olan Eski\u015fehir\u2019e u\u011frak yap\u0131p, ku\u015faktan ku\u015fa\u011fa aktar\u0131lan halk verilerini okuyacak, bilecek, duyacak ve seveceksiniz. <\/p>\n","protected":false},"excerpt":{"rendered":"<p>Halk Edebiyat\u0131m\u0131z\u0131n zengin \u00e7e\u015fidinden baz\u0131 konular\u0131, Eski\u015fehir\u2019den derlemeye \u00e7al\u0131\u015ft\u0131klar\u0131m\u0131z\u0131 bulacaks\u0131n\u0131z bu k\u00fc\u00e7\u00fck eserde. Anadolu\u2019nun t\u00fckenmez Folklor p\u0131narlar\u0131ndan biri olan Eski\u015fehir\u2019e u\u011frak yap\u0131p, ku\u015faktan ku\u015fa\u011fa aktar\u0131lan halk<span class=\"excerpt-hellip\"> [\u2026]<\/span><\/p>\n","protected":false},"featured_media":0,"template":"","meta":{"_monsterinsights_skip_tracking":false,"_monsterinsights_sitenote_active":false,"_monsterinsights_sitenote_note":"","_monsterinsights_sitenote_category":0},"product_brand":[],"product_cat":[20234,12291],"product_tag":[],"class_list":{"0":"post-753180","1":"product","2":"type-product","3":"status-publish","5":"product_cat-divan-edebiyati-halk-edebiyati","6":"product_cat-edebiyat","7":"pa_cilt-ciltsiz","8":"pa_tur-kitap","9":"pa_yayinevi-zet-yayinlari","10":"pa_yazar-selahattin-turfan","12":"first","13":"instock","14":"sale","15":"shipping-taxable","16":"purchasable","17":"product-type-simple"},"_links":{"self":[{"href":"https:\/\/roveyayinevi.com.tr\/index.php\/wp-json\/wp\/v2\/product\/753180","targetHints":{"allow":["GET"]}}],"collection":[{"href":"https:\/\/roveyayinevi.com.tr\/index.php\/wp-json\/wp\/v2\/product"}],"about":[{"href":"https:\/\/roveyayinevi.com.tr\/index.php\/wp-json\/wp\/v2\/types\/product"}],"wp:attachment":[{"href":"https:\/\/roveyayinevi.com.tr\/index.php\/wp-json\/wp\/v2\/media?parent=753180"}],"wp:term":[{"taxonomy":"product_brand","embeddable":true,"href":"https:\/\/roveyayinevi.com.tr\/index.php\/wp-json\/wp\/v2\/product_brand?post=753180"},{"taxonomy":"product_cat","embeddable":true,"href":"https:\/\/roveyayinevi.com.tr\/index.php\/wp-json\/wp\/v2\/product_cat?post=753180"},{"taxonomy":"product_tag","embeddable":true,"href":"https:\/\/roveyayinevi.com.tr\/index.php\/wp-json\/wp\/v2\/product_tag?post=753180"}],"curies":[{"name":"wp","href":"https:\/\/api.w.org\/{rel}","templated":true}]}}