{"id":753176,"date":"2025-08-28T05:35:49","date_gmt":"2025-08-28T02:35:49","guid":{"rendered":"https:\/\/roveyayinevi.com.tr\/index.php\/urun\/ibn-sinanin-kucuk-tip-kanunu\/"},"modified":"2026-04-16T03:06:40","modified_gmt":"2026-04-16T00:06:40","slug":"ibn-sinanin-kucuk-tip-kanunu","status":"publish","type":"product","link":"https:\/\/roveyayinevi.com.tr\/index.php\/urun\/ibn-sinanin-kucuk-tip-kanunu\/","title":{"rendered":"\u0130bn Sina&#8217;n\u0131n K\u00fc\u00e7\u00fck T\u0131p Kanunu"},"content":{"rendered":"<p>Hem bilimsel hem metafizik yorumlar\u0131yla d\u00fcnya felsefesine; ak\u0131lc\u0131, deneyci ve b\u00fct\u00fcnc\u00fcl yakla\u015f\u0131ml\u0131 hekimli\u011fiyle de d\u00fcnya t\u0131bb\u0131na silinmez damgalar vuran \u0130bn Sina\u2019n\u0131n, az bilinen K\u00fc\u00e7\u00fck T\u0131p Kanunu, \u00fcnl\u00fc kitab\u0131 el-K\u0101n\u016bn fi\u2019t-T\u0131bb kitab\u0131n\u0131n k\u00fc\u00e7\u00fck modelidir. B\u00fcy\u00fck bilginler, geni\u015f \u00e7apl\u0131 eserlerinin k\u00fc\u00e7\u00fck modellerini veya \u00f6nc\u00fcl tan\u0131mlay\u0131c\u0131 kitap\u00e7\u0131klar\u0131n\u0131 da yazarlard\u0131. \u0130bn Sina da bu b\u00fcy\u00fck bilginlerden biridir. D\u00fcnyaca bilinen el-K\u0101n\u016bn fi\u2019t-T\u0131bb kitab\u0131n\u0131n k\u00fc\u00e7\u00fck modeli olarak K\u0101n\u016bn-u Sa\u011f\u012br (K\u00fc\u00e7\u00fck Kanun) kitab\u0131n\u0131 da insanl\u0131\u011fa arma\u011fan etmi\u015ftir. \u0130bn Sina, eserlerinin b\u00fcy\u00fck \u00e7o\u011funlu\u011funu, \u0130slam uygarl\u0131\u011f\u0131n\u0131n bilim dili olan Arap\u00e7a ile yazm\u0131\u015ft\u0131r. D\u00fcnyada \u00f6rnekleri \u00e7ok az bulunan K\u00fc\u00e7\u00fck T\u0131p Kanunu\u2019nun T\u00fcrkiye\u2019de, Prof. Dr. Kadircan Keskinbora\u2019n\u0131n ara\u015ft\u0131rmalar\u0131yla d\u00f6rt el yazmas\u0131 \u00f6rne\u011fi saptand\u0131. Keskinbora ve ekibinin titiz \u00e7al\u0131\u015fmalar\u0131yla T\u00fcrk\u00e7e ve \u0130ngilizceye \u00e7evrildi, T\u00fcrkiye\u2019de ve Avrupa\u2019da bas\u0131ld\u0131. T\u00fcrk\u00e7e terc\u00fcmesinin mevcudu uzun s\u00fcredir bitmi\u015f durumda olan kitab\u0131 tekrar de\u011ferlendirilerek okurla bulu\u015fturuyoruz. <\/p>\n","protected":false},"excerpt":{"rendered":"<p>Hem bilimsel hem metafizik yorumlar\u0131yla d\u00fcnya felsefesine; ak\u0131lc\u0131, deneyci ve b\u00fct\u00fcnc\u00fcl yakla\u015f\u0131ml\u0131 hekimli\u011fiyle de d\u00fcnya t\u0131bb\u0131na silinmez damgalar vuran \u0130bn Sina\u2019n\u0131n, az bilinen K\u00fc\u00e7\u00fck T\u0131p Kanunu,<span class=\"excerpt-hellip\"> [\u2026]<\/span><\/p>\n","protected":false},"featured_media":0,"template":"","meta":{"_monsterinsights_skip_tracking":false,"_monsterinsights_sitenote_active":false,"_monsterinsights_sitenote_note":"","_monsterinsights_sitenote_category":0},"product_brand":[],"product_cat":[13365],"product_tag":[],"class_list":{"0":"post-753176","1":"product","2":"type-product","3":"status-publish","5":"product_cat-saglik","6":"pa_cilt-ciltsiz","7":"pa_tur-kitap","8":"pa_yayinevi-ayrinti-yayinlari","9":"pa_yazar-h-kadircan-keskinbora","11":"first","12":"instock","13":"sale","14":"shipping-taxable","15":"purchasable","16":"product-type-simple"},"_links":{"self":[{"href":"https:\/\/roveyayinevi.com.tr\/index.php\/wp-json\/wp\/v2\/product\/753176","targetHints":{"allow":["GET"]}}],"collection":[{"href":"https:\/\/roveyayinevi.com.tr\/index.php\/wp-json\/wp\/v2\/product"}],"about":[{"href":"https:\/\/roveyayinevi.com.tr\/index.php\/wp-json\/wp\/v2\/types\/product"}],"wp:attachment":[{"href":"https:\/\/roveyayinevi.com.tr\/index.php\/wp-json\/wp\/v2\/media?parent=753176"}],"wp:term":[{"taxonomy":"product_brand","embeddable":true,"href":"https:\/\/roveyayinevi.com.tr\/index.php\/wp-json\/wp\/v2\/product_brand?post=753176"},{"taxonomy":"product_cat","embeddable":true,"href":"https:\/\/roveyayinevi.com.tr\/index.php\/wp-json\/wp\/v2\/product_cat?post=753176"},{"taxonomy":"product_tag","embeddable":true,"href":"https:\/\/roveyayinevi.com.tr\/index.php\/wp-json\/wp\/v2\/product_tag?post=753176"}],"curies":[{"name":"wp","href":"https:\/\/api.w.org\/{rel}","templated":true}]}}