{"id":753173,"date":"2025-08-28T05:35:44","date_gmt":"2025-08-28T02:35:44","guid":{"rendered":"https:\/\/roveyayinevi.com.tr\/index.php\/urun\/aglama-cocuk\/"},"modified":"2026-04-16T03:06:40","modified_gmt":"2026-04-16T00:06:40","slug":"aglama-cocuk","status":"publish","type":"product","link":"https:\/\/roveyayinevi.com.tr\/index.php\/urun\/aglama-cocuk\/","title":{"rendered":"A\u011flama \u00c7ocuk"},"content":{"rendered":"<p>Ah anne, seni asla utand\u0131rmayaca\u011f\u0131m. Okula gitmeme izin ver yeter. \u00c7ocukluk hayali bir kez daha g\u00f6z\u00fcn\u00fcn \u00f6n\u00fcnde belirdi. Bir s\u00fcre imgeleri izledi. Bir ba\u015f\u0131na hayalini ya\u015fad\u0131. \u0130\u015fte tam oradayd\u0131, kendisi i\u00e7in oradayd\u0131, parlak bir gelecek onu bekliyordu. Sesli olarak \u201cOkulu seviyorum\u201d dedi. Afrika edebiyat\u0131n\u0131n b\u00fcy\u00fck ismi Ng\u0169g\u0129 wa Thiong\u2019o\u2019nun \u00fcniversite \u00f6\u011frencisiyken yazd\u0131\u011f\u0131 A\u011flama \u00c7ocuk 1964 y\u0131l\u0131nda yay\u0131mlanm\u0131\u015f. Yazar\u0131n di\u011fer eserlerinde de kar\u015f\u0131m\u0131za \u00e7\u0131kan, topraklar\u0131 beyaz adam taraf\u0131ndan \u00e7al\u0131nm\u0131\u015f olan Gikuyu halk\u0131n\u0131n s\u00f6m\u00fcrge d\u00fczenine kar\u015f\u0131 verdi\u011fi \u00f6zg\u00fcrl\u00fck m\u00fccadelesi, Mau Mau ayaklanmas\u0131 ve \u015fiddeti, beyazlarla i\u015fbirli\u011fi yapan siyahlar\u0131n ihaneti, yerle\u015fimcilerle siyahlar aras\u0131 ili\u015fkiler gibi temalar, t\u00fcm umutlar\u0131n\u0131 evin k\u00fc\u00e7\u00fck o\u011flu Njoroge\u2019nin alaca\u011f\u0131 e\u011fitime ba\u011flam\u0131\u015f bir ailenin \u00f6yk\u00fcs\u00fc ile i\u00e7 i\u00e7e ge\u00e7iyor. Ng\u0169g\u0129 wa Thiong\u2019o\u2019nun ilk roman\u0131 A\u011flama \u00c7ocuk, bir ilk romandan beklenmeyecek denli olgun bir eser. <\/p>\n","protected":false},"excerpt":{"rendered":"<p>Ah anne, seni asla utand\u0131rmayaca\u011f\u0131m. Okula gitmeme izin ver yeter. \u00c7ocukluk hayali bir kez daha g\u00f6z\u00fcn\u00fcn \u00f6n\u00fcnde belirdi. Bir s\u00fcre imgeleri izledi. Bir ba\u015f\u0131na hayalini ya\u015fad\u0131.<span class=\"excerpt-hellip\"> [\u2026]<\/span><\/p>\n","protected":false},"featured_media":0,"template":"","meta":{"_monsterinsights_skip_tracking":false,"_monsterinsights_sitenote_active":false,"_monsterinsights_sitenote_note":"","_monsterinsights_sitenote_category":0},"product_brand":[],"product_cat":[12291,18202],"product_tag":[],"class_list":{"0":"post-753173","1":"product","2":"type-product","3":"status-publish","5":"product_cat-edebiyat","6":"product_cat-hikaye","7":"pa_cilt-ciltsiz","8":"pa_tur-kitap","9":"pa_yayinevi-ayrinti-yayinlari","10":"pa_yazar-ngugi-wa-thiongo","12":"first","13":"instock","14":"sale","15":"shipping-taxable","16":"purchasable","17":"product-type-simple"},"_links":{"self":[{"href":"https:\/\/roveyayinevi.com.tr\/index.php\/wp-json\/wp\/v2\/product\/753173","targetHints":{"allow":["GET"]}}],"collection":[{"href":"https:\/\/roveyayinevi.com.tr\/index.php\/wp-json\/wp\/v2\/product"}],"about":[{"href":"https:\/\/roveyayinevi.com.tr\/index.php\/wp-json\/wp\/v2\/types\/product"}],"wp:attachment":[{"href":"https:\/\/roveyayinevi.com.tr\/index.php\/wp-json\/wp\/v2\/media?parent=753173"}],"wp:term":[{"taxonomy":"product_brand","embeddable":true,"href":"https:\/\/roveyayinevi.com.tr\/index.php\/wp-json\/wp\/v2\/product_brand?post=753173"},{"taxonomy":"product_cat","embeddable":true,"href":"https:\/\/roveyayinevi.com.tr\/index.php\/wp-json\/wp\/v2\/product_cat?post=753173"},{"taxonomy":"product_tag","embeddable":true,"href":"https:\/\/roveyayinevi.com.tr\/index.php\/wp-json\/wp\/v2\/product_tag?post=753173"}],"curies":[{"name":"wp","href":"https:\/\/api.w.org\/{rel}","templated":true}]}}