{"id":753171,"date":"2025-08-28T05:35:41","date_gmt":"2025-08-28T02:35:41","guid":{"rendered":"https:\/\/roveyayinevi.com.tr\/index.php\/urun\/degis-tokus\/"},"modified":"2026-04-16T03:06:40","modified_gmt":"2026-04-16T00:06:40","slug":"degis-tokus","status":"publish","type":"product","link":"https:\/\/roveyayinevi.com.tr\/index.php\/urun\/degis-tokus\/","title":{"rendered":"De\u011fi\u015f Toku\u015f"},"content":{"rendered":"<p>Eileen ya\u015fl\u0131l\u0131\u011f\u0131n g\u00f6t\u00fcrd\u00fcklerinden, Leena gen\u00e7li\u011fin getirdiklerinden b\u0131km\u0131\u015ft\u0131\u2026 Belki de yer de\u011fi\u015ftirmenin tam zaman\u0131yd\u0131.   Londra\u2019daki kariyerine kendini fazlas\u0131yla kapt\u0131rm\u0131\u015f Leena, zorunlu olarak izne \u00e7\u0131kar\u0131l\u0131nca, kafas\u0131n\u0131 dinlemek i\u00e7in b\u00fcy\u00fckannesi Eileen\u2019\u0131n k\u0131rsaldaki evine ka\u00e7ar. Eileen seksen ya\u015f\u0131na girmek \u00fczeredir ve a\u015fkta ikinci bir \u015fans ar\u0131yordur. Ama bu k\u00fc\u00e7\u00fck kasabada pek de fazla uygun aday yoktur. Leena\u2019n\u0131n akl\u0131na bir \u00e7\u00f6z\u00fcm gelir; iki ayl\u0131\u011f\u0131na evlerini de\u011fi\u015ftirmek. \u0130kisi de tahmin ettiklerinden daha \u00e7ok zorlan\u0131rlar ama yeni evlerinde onlar\u0131 say\u0131s\u0131z s\u00fcrpriz beklemektedir. Beth O\u2019Leary, Ev Arkada\u015f\u0131m roman\u0131nda oldu\u011fu gibi yine kahkaha ve g\u00f6zya\u015f\u0131 ile sizi sarmalayacak.   \u201cYeni Jojo Moyes\u2019 olarak selamlanan Beth O\u2019Leary\u2019den b\u00fcy\u00fcleyici bir a\u015fk hik\u00e2yesi.\u201d Cosmopolitan   \u201cYazar\u0131n y\u00fcre\u011fini ortaya koyan muhte\u015fem bir anlat\u0131m\u0131 var.\u201d Booklist   \u201cOkurlar\u0131n\u0131 hem g\u00fcld\u00fcren hem de a\u011flatan, ilham verici, s\u0131cac\u0131k ve umut dolu bir ser\u00fcven.\u201d Kirkus <\/p>\n","protected":false},"excerpt":{"rendered":"<p>Eileen ya\u015fl\u0131l\u0131\u011f\u0131n g\u00f6t\u00fcrd\u00fcklerinden, Leena gen\u00e7li\u011fin getirdiklerinden b\u0131km\u0131\u015ft\u0131\u2026 Belki de yer de\u011fi\u015ftirmenin tam zaman\u0131yd\u0131. Londra\u2019daki kariyerine kendini fazlas\u0131yla kapt\u0131rm\u0131\u015f Leena, zorunlu olarak izne \u00e7\u0131kar\u0131l\u0131nca, kafas\u0131n\u0131 dinlemek i\u00e7in<span class=\"excerpt-hellip\"> [\u2026]<\/span><\/p>\n","protected":false},"featured_media":0,"template":"","meta":{"_monsterinsights_skip_tracking":false,"_monsterinsights_sitenote_active":false,"_monsterinsights_sitenote_note":"","_monsterinsights_sitenote_category":0},"product_brand":[],"product_cat":[12291],"product_tag":[],"class_list":{"0":"post-753171","1":"product","2":"type-product","3":"status-publish","5":"product_cat-edebiyat","6":"pa_cilt-ciltsiz","7":"pa_tur-kitap","8":"pa_yayinevi-dex-yayinevi","9":"pa_yazar-beth-oleary","11":"first","12":"instock","13":"sale","14":"shipping-taxable","15":"purchasable","16":"product-type-simple"},"_links":{"self":[{"href":"https:\/\/roveyayinevi.com.tr\/index.php\/wp-json\/wp\/v2\/product\/753171","targetHints":{"allow":["GET"]}}],"collection":[{"href":"https:\/\/roveyayinevi.com.tr\/index.php\/wp-json\/wp\/v2\/product"}],"about":[{"href":"https:\/\/roveyayinevi.com.tr\/index.php\/wp-json\/wp\/v2\/types\/product"}],"wp:attachment":[{"href":"https:\/\/roveyayinevi.com.tr\/index.php\/wp-json\/wp\/v2\/media?parent=753171"}],"wp:term":[{"taxonomy":"product_brand","embeddable":true,"href":"https:\/\/roveyayinevi.com.tr\/index.php\/wp-json\/wp\/v2\/product_brand?post=753171"},{"taxonomy":"product_cat","embeddable":true,"href":"https:\/\/roveyayinevi.com.tr\/index.php\/wp-json\/wp\/v2\/product_cat?post=753171"},{"taxonomy":"product_tag","embeddable":true,"href":"https:\/\/roveyayinevi.com.tr\/index.php\/wp-json\/wp\/v2\/product_tag?post=753171"}],"curies":[{"name":"wp","href":"https:\/\/api.w.org\/{rel}","templated":true}]}}