{"id":753169,"date":"2025-08-28T05:35:38","date_gmt":"2025-08-28T02:35:38","guid":{"rendered":"https:\/\/roveyayinevi.com.tr\/index.php\/urun\/kedi-gozu-3\/"},"modified":"2026-04-06T03:19:25","modified_gmt":"2026-04-06T00:19:25","slug":"kedi-gozu-3","status":"publish","type":"product","link":"https:\/\/roveyayinevi.com.tr\/index.php\/urun\/kedi-gozu-3\/","title":{"rendered":"Kedi G\u00f6z\u00fc"},"content":{"rendered":"<p>\u201cK\u00f6t\u00fcysen kad\u0131n ressams\u0131n. Yoksa yaln\u0131zca ressams\u0131n.\u201d   Elaine Risley, retrospektif sergisinin a\u00e7\u0131l\u0131\u015f\u0131 i\u00e7in gitti\u011fi Toronto\u2019da ge\u00e7mi\u015fiyle y\u00fcz y\u00fcze geliyor.  Ac\u0131lar\u0131ndan g\u00fc\u00e7 dev\u015firdi\u011fi ge\u00e7mi\u015fi kar\u015f\u0131s\u0131nda \u015fimdi: Okulda ona nas\u0131l olmas\u0131 gerekti\u011fini s\u00f6yleyen k\u0131z arkada\u015flar\u0131n\u0131n zorbal\u0131\u011f\u0131, g\u00fczel, kusursuz ve han\u0131m han\u0131mc\u0131k olmay\u0131 \u00f6\u011freten kad\u0131n dergileri, ona hep s\u0131n\u0131rlar\u0131 g\u00f6steren ailesi&#8230; Oysa Elaine ressam olmak, d\u00fcnyay\u0131 anlamland\u0131rmak istiyor. F\u0131r\u00e7as\u0131yla kad\u0131nlar i\u00e7in \u00e7izilen b\u00fct\u00fcn s\u0131n\u0131rlar\u0131 bozmak istiyor. Ona yapamayaca\u011f\u0131n\u0131 s\u00f6yleyen d\u00fcnyay\u0131 kar\u015f\u0131s\u0131na almak, a\u015fk\u0131 da bedenini de deneyip yan\u0131larak, ac\u0131 \u00e7ekerek ke\u015ffetmek istiyor.    Margaret Atwood, Kedi G\u00f6z\u00fc\u2019nde  SANAT\u00c7ININ GEN\u00c7 B\u0130R KADIN OLARAK PORTRES\u0130\u2019ni ola\u011fan\u00fcst\u00fc bir derinlikte \u00e7iziyor.  <\/p>\n","protected":false},"excerpt":{"rendered":"<p>\u201cK\u00f6t\u00fcysen kad\u0131n ressams\u0131n. Yoksa yaln\u0131zca ressams\u0131n.\u201d Elaine Risley, retrospektif sergisinin a\u00e7\u0131l\u0131\u015f\u0131 i\u00e7in gitti\u011fi Toronto\u2019da ge\u00e7mi\u015fiyle y\u00fcz y\u00fcze geliyor. Ac\u0131lar\u0131ndan g\u00fc\u00e7 dev\u015firdi\u011fi ge\u00e7mi\u015fi kar\u015f\u0131s\u0131nda \u015fimdi: Okulda ona<span class=\"excerpt-hellip\"> [\u2026]<\/span><\/p>\n","protected":false},"featured_media":0,"template":"","meta":{"_monsterinsights_skip_tracking":false,"_monsterinsights_sitenote_active":false,"_monsterinsights_sitenote_note":"","_monsterinsights_sitenote_category":0},"product_brand":[],"product_cat":[12291,12711],"product_tag":[],"class_list":{"0":"post-753169","1":"product","2":"type-product","3":"status-publish","5":"product_cat-edebiyat","6":"product_cat-roman-oyku","7":"pa_cilt-ciltsiz","8":"pa_tur-kitap","9":"pa_yayinevi-dogan-kitap","10":"pa_yazar-margaret-atwood","12":"first","13":"instock","14":"sale","15":"shipping-taxable","16":"purchasable","17":"product-type-simple"},"_links":{"self":[{"href":"https:\/\/roveyayinevi.com.tr\/index.php\/wp-json\/wp\/v2\/product\/753169","targetHints":{"allow":["GET"]}}],"collection":[{"href":"https:\/\/roveyayinevi.com.tr\/index.php\/wp-json\/wp\/v2\/product"}],"about":[{"href":"https:\/\/roveyayinevi.com.tr\/index.php\/wp-json\/wp\/v2\/types\/product"}],"wp:attachment":[{"href":"https:\/\/roveyayinevi.com.tr\/index.php\/wp-json\/wp\/v2\/media?parent=753169"}],"wp:term":[{"taxonomy":"product_brand","embeddable":true,"href":"https:\/\/roveyayinevi.com.tr\/index.php\/wp-json\/wp\/v2\/product_brand?post=753169"},{"taxonomy":"product_cat","embeddable":true,"href":"https:\/\/roveyayinevi.com.tr\/index.php\/wp-json\/wp\/v2\/product_cat?post=753169"},{"taxonomy":"product_tag","embeddable":true,"href":"https:\/\/roveyayinevi.com.tr\/index.php\/wp-json\/wp\/v2\/product_tag?post=753169"}],"curies":[{"name":"wp","href":"https:\/\/api.w.org\/{rel}","templated":true}]}}