{"id":753159,"date":"2025-08-28T05:35:21","date_gmt":"2025-08-28T02:35:21","guid":{"rendered":"https:\/\/roveyayinevi.com.tr\/index.php\/urun\/ben-tayece\/"},"modified":"2026-04-13T03:12:27","modified_gmt":"2026-04-13T00:12:27","slug":"ben-tayece","status":"publish","type":"product","link":"https:\/\/roveyayinevi.com.tr\/index.php\/urun\/ben-tayece\/","title":{"rendered":"Ben Taye\u00e7e"},"content":{"rendered":"<p>Susamam Taye\u00e7e Sustu\u011fum her hece d\u00fc\u015fer geceye Eksilirim \u00c7ocuk sesinden \u00c7ak\u0131l\u0131r y\u00fcre\u011fim \u00e7amur deryas\u0131na Dehlizler sedef olur Kanat\u0131r g\u00f6nl\u00fc k\u0131y\u0131s\u0131nda oynayan \u00e7ocuklara gam eler   Susamam Taye\u00e7e Soludu\u011fum her nefes Batar kaburgama Diken diken Tel tel \u00d6rer karanl\u0131\u011f\u0131n sinsi a\u011f\u0131n\u0131 Bo\u011faz\u0131mda bir k\u0131l\u00e7\u0131k girdab\u0131 Bo\u011far bir damla ka\u00e7ak cesaret duman\u0131 Bo\u011far bir ka\u015f\u0131k korkak lokmas\u0131&#8230; <\/p>\n","protected":false},"excerpt":{"rendered":"<p>Susamam Taye\u00e7e Sustu\u011fum her hece d\u00fc\u015fer geceye Eksilirim \u00c7ocuk sesinden \u00c7ak\u0131l\u0131r y\u00fcre\u011fim \u00e7amur deryas\u0131na Dehlizler sedef olur Kanat\u0131r g\u00f6nl\u00fc k\u0131y\u0131s\u0131nda oynayan \u00e7ocuklara gam eler Susamam Taye\u00e7e<span class=\"excerpt-hellip\"> [\u2026]<\/span><\/p>\n","protected":false},"featured_media":0,"template":"","meta":{"_monsterinsights_skip_tracking":false,"_monsterinsights_sitenote_active":false,"_monsterinsights_sitenote_note":"","_monsterinsights_sitenote_category":0},"product_brand":[],"product_cat":[12291,12509],"product_tag":[],"class_list":{"0":"post-753159","1":"product","2":"type-product","3":"status-publish","5":"product_cat-edebiyat","6":"product_cat-siir","7":"pa_cilt-ciltsiz","8":"pa_tur-kitap","9":"pa_yayinevi-sinirsiz-kitap","10":"pa_yazar-zeynep-mengu","12":"first","13":"instock","14":"sale","15":"shipping-taxable","16":"purchasable","17":"product-type-simple"},"_links":{"self":[{"href":"https:\/\/roveyayinevi.com.tr\/index.php\/wp-json\/wp\/v2\/product\/753159","targetHints":{"allow":["GET"]}}],"collection":[{"href":"https:\/\/roveyayinevi.com.tr\/index.php\/wp-json\/wp\/v2\/product"}],"about":[{"href":"https:\/\/roveyayinevi.com.tr\/index.php\/wp-json\/wp\/v2\/types\/product"}],"wp:attachment":[{"href":"https:\/\/roveyayinevi.com.tr\/index.php\/wp-json\/wp\/v2\/media?parent=753159"}],"wp:term":[{"taxonomy":"product_brand","embeddable":true,"href":"https:\/\/roveyayinevi.com.tr\/index.php\/wp-json\/wp\/v2\/product_brand?post=753159"},{"taxonomy":"product_cat","embeddable":true,"href":"https:\/\/roveyayinevi.com.tr\/index.php\/wp-json\/wp\/v2\/product_cat?post=753159"},{"taxonomy":"product_tag","embeddable":true,"href":"https:\/\/roveyayinevi.com.tr\/index.php\/wp-json\/wp\/v2\/product_tag?post=753159"}],"curies":[{"name":"wp","href":"https:\/\/api.w.org\/{rel}","templated":true}]}}