{"id":753158,"date":"2025-08-28T05:35:19","date_gmt":"2025-08-28T02:35:19","guid":{"rendered":"https:\/\/roveyayinevi.com.tr\/index.php\/urun\/humeyni\/"},"modified":"2026-02-02T03:12:40","modified_gmt":"2026-02-02T00:12:40","slug":"humeyni","status":"publish","type":"product","link":"https:\/\/roveyayinevi.com.tr\/index.php\/urun\/humeyni\/","title":{"rendered":"Humeyni"},"content":{"rendered":"<p>\u201cMuhafazak\u00e2r, ama suskuncu bir inanc\u0131 militan bir siyasi ideolojiye d\u00f6n\u00fc\u015ft\u00fcren Humeyni\u2019nin \u015eiizminin geleneksel \u015eiilikten \u00e7ok \u00dc\u00e7\u00fcnc\u00fc D\u00fcnya pop\u00fclizmiyle ortak noktalar\u0131 bulunur. Humeyni bu \u015eiizmin radikal tasar\u0131m\u0131n\u0131 \u00e7ok daha sonra geli\u015ftirecektir.\u201d Ortado\u011fu\u2019nun, d\u00fcnya siyasetinin, \u0130sl\u00e2mc\u0131l\u0131\u011f\u0131n bi\u00e7imlenmesinde d\u00f6n\u00fc\u015ft\u00fcr\u00fcc\u00fc bir etki yaratan \u0130ran \u0130sl\u00e2m devriminin fikr\u00ee ve siyasi lideri Ayetullah Humeyni hakk\u0131ndaki biyografi literat\u00fcr\u00fc, tarihsel \u00f6nemine nazaran pek s\u0131n\u0131rl\u0131d\u0131r. Katajun Amirpur\u2019un kitab\u0131, bu eksi\u011fi gideriyor. \u0130sl\u00e2m ve \u0130ran uzman\u0131 Amirpur\u2019un \u00e7al\u0131\u015fmas\u0131, Humeyni\u2019nin ki\u015fisel hayat hik\u00e2yesinin \u00f6tesinde, modern \u0130ran tarihine, toplumuna, siyasetine, \u015eii siyasi d\u00fc\u015f\u00fcncesine ve onun devrimci do\u011frultuda d\u00f6n\u00fc\u015f\u00fcm\u00fcne dair etrafl\u0131 bir \u00e7er\u00e7eve \u00e7iziyor. \u0130ran devriminin olu\u015fumunu ve Humeyni\u2019nin iktidar d\u00f6nemini ele almakla kalm\u0131yor, g\u00fcn\u00fcm\u00fcze kadar uzan\u0131yor ve devrimin ilk ku\u015fa\u011f\u0131n\u0131n \u2013bu arada Humeyni\u2019nin torunlar\u0131n\u0131n da- muhalif hale geli\u015fini anlat\u0131yor. \u0130ran\u2019da kad\u0131nlar\u0131n durumuna da kitapta geni\u015f yer ayr\u0131l\u0131yor. Humeyni &#8211; Bir \u0130sl\u00e2m Devrimcisi \u2019nin bir s\u00fcrprizi de, Humeyni\u2019nin bilinmeyen bir cephesi olan mistik a\u015fk \u015fairli\u011fini tan\u0131tmas\u0131.<\/p>\n","protected":false},"excerpt":{"rendered":"<p>\u201cMuhafazak\u00e2r, ama suskuncu bir inanc\u0131 militan bir siyasi ideolojiye d\u00f6n\u00fc\u015ft\u00fcren Humeyni\u2019nin \u015eiizminin geleneksel \u015eiilikten \u00e7ok \u00dc\u00e7\u00fcnc\u00fc D\u00fcnya pop\u00fclizmiyle ortak noktalar\u0131 bulunur. Humeyni bu \u015eiizmin radikal tasar\u0131m\u0131n\u0131<span class=\"excerpt-hellip\"> [\u2026]<\/span><\/p>\n","protected":false},"featured_media":0,"template":"","meta":{"_monsterinsights_skip_tracking":false,"_monsterinsights_sitenote_active":false,"_monsterinsights_sitenote_note":"","_monsterinsights_sitenote_category":0},"product_brand":[],"product_cat":[14009,12291],"product_tag":[],"class_list":{"0":"post-753158","1":"product","2":"type-product","3":"status-publish","5":"product_cat-biyografi-otobiyografi-edebiyat","6":"product_cat-edebiyat","7":"pa_cilt-ciltsiz","8":"pa_tur-kitap","9":"pa_yayinevi-iletisim-yayinlari","10":"pa_yazar-katajun-amirpur","12":"first","13":"instock","14":"sale","15":"shipping-taxable","16":"purchasable","17":"product-type-simple"},"_links":{"self":[{"href":"https:\/\/roveyayinevi.com.tr\/index.php\/wp-json\/wp\/v2\/product\/753158","targetHints":{"allow":["GET"]}}],"collection":[{"href":"https:\/\/roveyayinevi.com.tr\/index.php\/wp-json\/wp\/v2\/product"}],"about":[{"href":"https:\/\/roveyayinevi.com.tr\/index.php\/wp-json\/wp\/v2\/types\/product"}],"wp:attachment":[{"href":"https:\/\/roveyayinevi.com.tr\/index.php\/wp-json\/wp\/v2\/media?parent=753158"}],"wp:term":[{"taxonomy":"product_brand","embeddable":true,"href":"https:\/\/roveyayinevi.com.tr\/index.php\/wp-json\/wp\/v2\/product_brand?post=753158"},{"taxonomy":"product_cat","embeddable":true,"href":"https:\/\/roveyayinevi.com.tr\/index.php\/wp-json\/wp\/v2\/product_cat?post=753158"},{"taxonomy":"product_tag","embeddable":true,"href":"https:\/\/roveyayinevi.com.tr\/index.php\/wp-json\/wp\/v2\/product_tag?post=753158"}],"curies":[{"name":"wp","href":"https:\/\/api.w.org\/{rel}","templated":true}]}}