{"id":753157,"date":"2025-08-28T05:35:18","date_gmt":"2025-08-28T02:35:18","guid":{"rendered":"https:\/\/roveyayinevi.com.tr\/index.php\/urun\/cetelerin-siyaseti\/"},"modified":"2026-04-16T03:06:40","modified_gmt":"2026-04-16T00:06:40","slug":"cetelerin-siyaseti","status":"publish","type":"product","link":"https:\/\/roveyayinevi.com.tr\/index.php\/urun\/cetelerin-siyaseti\/","title":{"rendered":"\u00c7etelerin  Siyaseti"},"content":{"rendered":"<p>\u201cEskiden devletin s\u0131n\u0131f devleti oldu\u011funa dair do\u011fal anlay\u0131\u015f\u0131n sonucu olan kabul, bug\u00fcn parsellere ayr\u0131lm\u0131\u015f (mesela mali piyasalarda) neoliberal \u00e7ete yap\u0131lar\u0131na dayanak olu\u015fturur, bu zeminde g\u00f6nl\u00fcnce tepinen s\u0131n\u0131f devleti, sosyal devlet ilkelerinin i\u015fletmeselle\u015fmesine h\u0131z verir.\u201d Kitapta kullan\u0131lan \u201c\u00e7ete\u201d kavram\u0131, dar anlamdaki kriminal \u00e7etelerle s\u0131n\u0131rl\u0131 de\u011fil. Y\u00f6netilenlerin, emek\u00e7ilerin olu\u015fturdu\u011fu topluluklara belirli bir sosyal koruma sunmas\u0131 kar\u015f\u0131l\u0131\u011f\u0131nda, bir t\u00fcr hara\u00e7 gibi, onlar\u0131n itaatini ve r\u0131zas\u0131n\u0131 alan iktidar a\u011flar\u0131n\u0131 anlat\u0131yor. \u201c\u0130taate kar\u015f\u0131 koruma\u201dn\u0131n, devlet-olman\u0131n kadim ilkesi oldu\u011funu hat\u0131rlatarak\u2026 Kapitalist sistemin, bu \u201c\u00e7ete\u201d ili\u015fkisi i\u00e7inde kurdu\u011fu \u201cganimet cemaatleri\u201d sayesinde me\u015fruiyetini s\u00fcrd\u00fcrebildi\u011fini ortaya koyuyor. Sendikac\u0131 ve siyaset bilimci Kai Lindemann, Adorno ve \u00f6zellikle Horkheimer\u2019in yaz\u0131lar\u0131ndan ilhamla yazd\u0131\u011f\u0131 \u201c\u00c7etelerin\u201d Siyaseti\u2019nde, yerle\u015fik Marksist ekonomi politi\u011fin bir ele\u015ftirisini de yap\u0131yor. Sadece \u201czor\u201dun de\u011fil, \u201cekonomi-d\u0131\u015f\u0131\u201d gibi g\u00f6r\u00fcnen ba\u015fka \u00f6znel etkenlerin ve eylemlerin, s\u0131n\u0131flar\u0131n olu\u015fumundaki ve bizzat ekonominin \u015fekillenmesindeki rol\u00fcne dikkat \u00e7ekiyor. Neoliberal d\u00f6nemde s\u0131n\u0131f m\u00fccadelelerinin \u00e7arp\u0131c\u0131 bir analizi. <\/p>\n","protected":false},"excerpt":{"rendered":"<p>\u201cEskiden devletin s\u0131n\u0131f devleti oldu\u011funa dair do\u011fal anlay\u0131\u015f\u0131n sonucu olan kabul, bug\u00fcn parsellere ayr\u0131lm\u0131\u015f (mesela mali piyasalarda) neoliberal \u00e7ete yap\u0131lar\u0131na dayanak olu\u015fturur, bu zeminde g\u00f6nl\u00fcnce tepinen<span class=\"excerpt-hellip\"> [\u2026]<\/span><\/p>\n","protected":false},"featured_media":0,"template":"","meta":{"_monsterinsights_skip_tracking":false,"_monsterinsights_sitenote_active":false,"_monsterinsights_sitenote_note":"","_monsterinsights_sitenote_category":0},"product_brand":[],"product_cat":[12337],"product_tag":[],"class_list":{"0":"post-753157","1":"product","2":"type-product","3":"status-publish","5":"product_cat-politika-siyaset","6":"pa_cilt-ciltsiz","7":"pa_tur-kitap","8":"pa_yayinevi-iletisim-yayinlari","9":"pa_yazar-kai-lindemann","11":"first","12":"instock","13":"sale","14":"shipping-taxable","15":"purchasable","16":"product-type-simple"},"_links":{"self":[{"href":"https:\/\/roveyayinevi.com.tr\/index.php\/wp-json\/wp\/v2\/product\/753157","targetHints":{"allow":["GET"]}}],"collection":[{"href":"https:\/\/roveyayinevi.com.tr\/index.php\/wp-json\/wp\/v2\/product"}],"about":[{"href":"https:\/\/roveyayinevi.com.tr\/index.php\/wp-json\/wp\/v2\/types\/product"}],"wp:attachment":[{"href":"https:\/\/roveyayinevi.com.tr\/index.php\/wp-json\/wp\/v2\/media?parent=753157"}],"wp:term":[{"taxonomy":"product_brand","embeddable":true,"href":"https:\/\/roveyayinevi.com.tr\/index.php\/wp-json\/wp\/v2\/product_brand?post=753157"},{"taxonomy":"product_cat","embeddable":true,"href":"https:\/\/roveyayinevi.com.tr\/index.php\/wp-json\/wp\/v2\/product_cat?post=753157"},{"taxonomy":"product_tag","embeddable":true,"href":"https:\/\/roveyayinevi.com.tr\/index.php\/wp-json\/wp\/v2\/product_tag?post=753157"}],"curies":[{"name":"wp","href":"https:\/\/api.w.org\/{rel}","templated":true}]}}