{"id":753156,"date":"2025-08-28T05:35:17","date_gmt":"2025-08-28T02:35:17","guid":{"rendered":"https:\/\/roveyayinevi.com.tr\/index.php\/urun\/mukaddesatci-anti-kemalizm\/"},"modified":"2026-04-16T03:06:40","modified_gmt":"2026-04-16T00:06:40","slug":"mukaddesatci-anti-kemalizm","status":"publish","type":"product","link":"https:\/\/roveyayinevi.com.tr\/index.php\/urun\/mukaddesatci-anti-kemalizm\/","title":{"rendered":"Mukaddesat\u00e7\u0131 Anti-Kemalizm"},"content":{"rendered":"<p>\u201cMukaddesat\u00e7\u0131, toplumsal d\u00fcnyada ya\u015fanan b\u00fct\u00fcn sorunlar\u0131n m\u00fcsebbibinin Bat\u0131 ve onun de\u011ferler d\u00fcnyas\u0131n\u0131 uygulayanlar oldu\u011fu bi\u00e7iminde bir ak\u0131l y\u00fcr\u00fct\u00fcr. Bu ak\u0131l y\u00fcr\u00fctmenin do\u011fal sonucu, toplumun b\u00fct\u00fcn dertlerini yaratan\u0131n Kemalizm ve Tek Parti d\u00f6nemi oldu\u011fu bi\u00e7iminde kolayca g\u00fcnah ke\u00e7isi bulman\u0131n reaksiyonerli\u011finin i\u00e7selle\u015ftirilmesidir. (\u2026) Yap\u0131lan \u015fey, daha \u00e7ok kendilerine ya\u015fat\u0131ld\u0131\u011f\u0131 d\u00fc\u015f\u00fcn\u00fclen ma\u011fduriyetlerin olu\u015fturdu\u011fu h\u0131nc\u0131n, kederin ve kendi mevcut tahayy\u00fcl\u00fcnden memnuniyetin konforunu ya\u015famakt\u0131r.\u201d Ertu\u011frul Me\u015fe, kutsal sayd\u0131klar\u0131 etraf\u0131nda bir dogma olu\u015fturan mukaddesat\u00e7\u0131 ideolojinin olu\u015fumunda Kemalizmin negatif bir kurucu rol oynad\u0131\u011f\u0131n\u0131 g\u00f6steriyor. B\u00fct\u00fcn kay\u0131plar\u0131n, ma\u011fduriyetlerin, mahrumiyetlerin, k\u00f6t\u00fcl\u00fcklerin kayna\u011f\u0131 olarak kurgulanan Kemalizme kar\u015f\u0131tl\u0131k, yak\u0131t\u0131n\u0131 nefret ve h\u0131n\u00e7tan alan bir tahkir ve tezyif s\u00f6ylemi olarak tezah\u00fcr ediyor. \u0130sl\u00e2mc\u0131lar\u0131n Atat\u00fcrk ve Cumhuriyet alg\u0131lar\u0131n\u0131n sosyolojik bir analizini yapmay\u0131 ama\u00e7layan Mukaddesat\u00e7\u0131 Anti-Kemalizm, tarikatlarda ve mukaddesat\u00e7\u0131 ayd\u0131nlar (son \u015eeyh\u00fclisl\u00e2m Mustafa Sabri, E\u015fref Edip, Necip Faz\u0131l, Osman Y\u00fcksel Serdenge\u00e7ti) aras\u0131nda anti-Kemalist s\u00f6ylemin temalar\u0131n\u0131, motiflerini, \u00fcslubunu ayr\u0131nt\u0131s\u0131yla inceliyor<\/p>\n","protected":false},"excerpt":{"rendered":"<p>\u201cMukaddesat\u00e7\u0131, toplumsal d\u00fcnyada ya\u015fanan b\u00fct\u00fcn sorunlar\u0131n m\u00fcsebbibinin Bat\u0131 ve onun de\u011ferler d\u00fcnyas\u0131n\u0131 uygulayanlar oldu\u011fu bi\u00e7iminde bir ak\u0131l y\u00fcr\u00fct\u00fcr. Bu ak\u0131l y\u00fcr\u00fctmenin do\u011fal sonucu, toplumun b\u00fct\u00fcn dertlerini<span class=\"excerpt-hellip\"> [\u2026]<\/span><\/p>\n","protected":false},"featured_media":0,"template":"","meta":{"_monsterinsights_skip_tracking":false,"_monsterinsights_sitenote_active":false,"_monsterinsights_sitenote_note":"","_monsterinsights_sitenote_category":0},"product_brand":[],"product_cat":[52477],"product_tag":[],"class_list":{"0":"post-753156","1":"product","2":"type-product","3":"status-publish","5":"product_cat-arastirma","6":"pa_cilt-ciltsiz","7":"pa_tur-kitap","8":"pa_yayinevi-iletisim-yayinlari","9":"pa_yazar-ertugrul-mese","11":"first","12":"instock","13":"sale","14":"shipping-taxable","15":"purchasable","16":"product-type-simple"},"_links":{"self":[{"href":"https:\/\/roveyayinevi.com.tr\/index.php\/wp-json\/wp\/v2\/product\/753156","targetHints":{"allow":["GET"]}}],"collection":[{"href":"https:\/\/roveyayinevi.com.tr\/index.php\/wp-json\/wp\/v2\/product"}],"about":[{"href":"https:\/\/roveyayinevi.com.tr\/index.php\/wp-json\/wp\/v2\/types\/product"}],"wp:attachment":[{"href":"https:\/\/roveyayinevi.com.tr\/index.php\/wp-json\/wp\/v2\/media?parent=753156"}],"wp:term":[{"taxonomy":"product_brand","embeddable":true,"href":"https:\/\/roveyayinevi.com.tr\/index.php\/wp-json\/wp\/v2\/product_brand?post=753156"},{"taxonomy":"product_cat","embeddable":true,"href":"https:\/\/roveyayinevi.com.tr\/index.php\/wp-json\/wp\/v2\/product_cat?post=753156"},{"taxonomy":"product_tag","embeddable":true,"href":"https:\/\/roveyayinevi.com.tr\/index.php\/wp-json\/wp\/v2\/product_tag?post=753156"}],"curies":[{"name":"wp","href":"https:\/\/api.w.org\/{rel}","templated":true}]}}