{"id":753154,"date":"2025-08-28T05:35:12","date_gmt":"2025-08-28T02:35:12","guid":{"rendered":"https:\/\/roveyayinevi.com.tr\/index.php\/urun\/inci\/"},"modified":"2026-04-16T03:06:40","modified_gmt":"2026-04-16T00:06:40","slug":"inci","status":"publish","type":"product","link":"https:\/\/roveyayinevi.com.tr\/index.php\/urun\/inci\/","title":{"rendered":"\u0130nci"},"content":{"rendered":"<p>\u0130nci bir yandan yal\u0131nl\u0131\u011f\u0131yla, di\u011fer yandan ahl\u00e2ki meseleleri cesurca irdelemesiyle John Steinbeck k\u00fclliyat\u0131n\u0131n en \u00f6zg\u00fcn par\u00e7alar\u0131ndan biri. T\u0131pk\u0131 atalar\u0131 gibi, bir k\u0131y\u0131 kasabas\u0131nda ya\u015fay\u0131p g\u00fcnlerini denizde inci bulmaya \u00e7al\u0131\u015farak ge\u00e7iren Kino da yoksullu\u011fun en a\u011f\u0131r \u015fartlar\u0131yla cebelle\u015fir. \u00d6yle bir yoksulluktur ki bu, o\u011flu Coyotito\u2019yu akrep soktu\u011funda bir doktora g\u00f6sterecek paras\u0131 yoktur Kino\u2019nun cebinde. Fakat bir g\u00fcn, dev bir inciyle denizden \u00e7\u0131kar. B\u00f6ylece zenginli\u011fi, o\u011flunu tedavi ettirmeyi ve okula g\u00f6ndermeyi, e\u015fi Juana\u2019yla kilisede evlenmeyi hayal etmeye ba\u015flar. Bu muazzam inci Kino\u2019nun ve ailesinin hayat\u0131ndaki her \u015feyi bir anda de\u011fi\u015ftirecektir. Steinbeck, Amerika k\u0131tas\u0131n\u0131n zalimlikle, zorbal\u0131kla dolu tarihini s\u0131radan bir ailenin ya\u015fam\u0131nda somutla\u015ft\u0131r\u0131yor. \u201c\u0130nci\u2019de de Steinbeck\u2019in yazd\u0131\u011f\u0131 her \u015feyde kendini g\u00f6steren samimiyet ve se\u00e7kinlik var.\u201d THE NEW YORKER \u201cBi\u00e7im, Steinbeck i\u00e7in en \u00f6nemli husustur ve \u0130nci bi\u00e7im a\u00e7\u0131s\u0131ndan d\u00f6rt d\u00f6rtl\u00fck bir kitap.\u201d COMMONWEAL<\/p>\n","protected":false},"excerpt":{"rendered":"<p>\u0130nci bir yandan yal\u0131nl\u0131\u011f\u0131yla, di\u011fer yandan ahl\u00e2ki meseleleri cesurca irdelemesiyle John Steinbeck k\u00fclliyat\u0131n\u0131n en \u00f6zg\u00fcn par\u00e7alar\u0131ndan biri. T\u0131pk\u0131 atalar\u0131 gibi, bir k\u0131y\u0131 kasabas\u0131nda ya\u015fay\u0131p g\u00fcnlerini denizde<span class=\"excerpt-hellip\"> [\u2026]<\/span><\/p>\n","protected":false},"featured_media":0,"template":"","meta":{"_monsterinsights_skip_tracking":false,"_monsterinsights_sitenote_active":false,"_monsterinsights_sitenote_note":"","_monsterinsights_sitenote_category":0},"product_brand":[],"product_cat":[12291,12711],"product_tag":[],"class_list":{"0":"post-753154","1":"product","2":"type-product","3":"status-publish","5":"product_cat-edebiyat","6":"product_cat-roman-oyku","7":"pa_cilt-ciltsiz","8":"pa_tur-kitap","9":"pa_yayinevi-iletisim-yayinlari","10":"pa_yazar-john-steinbeck","12":"first","13":"instock","14":"sale","15":"shipping-taxable","16":"purchasable","17":"product-type-simple"},"_links":{"self":[{"href":"https:\/\/roveyayinevi.com.tr\/index.php\/wp-json\/wp\/v2\/product\/753154","targetHints":{"allow":["GET"]}}],"collection":[{"href":"https:\/\/roveyayinevi.com.tr\/index.php\/wp-json\/wp\/v2\/product"}],"about":[{"href":"https:\/\/roveyayinevi.com.tr\/index.php\/wp-json\/wp\/v2\/types\/product"}],"wp:attachment":[{"href":"https:\/\/roveyayinevi.com.tr\/index.php\/wp-json\/wp\/v2\/media?parent=753154"}],"wp:term":[{"taxonomy":"product_brand","embeddable":true,"href":"https:\/\/roveyayinevi.com.tr\/index.php\/wp-json\/wp\/v2\/product_brand?post=753154"},{"taxonomy":"product_cat","embeddable":true,"href":"https:\/\/roveyayinevi.com.tr\/index.php\/wp-json\/wp\/v2\/product_cat?post=753154"},{"taxonomy":"product_tag","embeddable":true,"href":"https:\/\/roveyayinevi.com.tr\/index.php\/wp-json\/wp\/v2\/product_tag?post=753154"}],"curies":[{"name":"wp","href":"https:\/\/api.w.org\/{rel}","templated":true}]}}