{"id":753153,"date":"2025-08-28T05:35:11","date_gmt":"2025-08-28T02:35:11","guid":{"rendered":"https:\/\/roveyayinevi.com.tr\/index.php\/urun\/orta-cag-avrupasinda-ask-tutku-entrika-ve-romantizm\/"},"modified":"2026-04-16T03:06:40","modified_gmt":"2026-04-16T00:06:40","slug":"orta-cag-avrupasinda-ask-tutku-entrika-ve-romantizm","status":"publish","type":"product","link":"https:\/\/roveyayinevi.com.tr\/index.php\/urun\/orta-cag-avrupasinda-ask-tutku-entrika-ve-romantizm\/","title":{"rendered":"Orta \u00c7a\u011f Avrupa&#8217;s\u0131nda A\u015fk, Tutku, Entrika ve Romantizm"},"content":{"rendered":"<p>VE A\u015eK DED\u0130 K\u0130\u2026. Sen beni \u00f6pmeden \u00f6nce, Sadece g\u00f6\u011f\u00fcn r\u00fczg\u00e2rlar\u0131 \u00f6pm\u00fc\u015ft\u00fc beni ve ya\u011fmurun \u015fefkati. \u015eimdi sen geldin, nas\u0131l umursayabilirim ki art\u0131k  onlar\u0131nki gibi \u00f6p\u00fcc\u00fckleri tekrardan? Bir dilencinin girmesine izin verebilir miyim daha \u00f6nce bir kral\u0131n durdu\u011fu yere? Sen ve Ben, Orta \u00c7a\u011f\u2019\u0131n b\u00fcy\u00fcs\u00fcndeyiz   A\u015fka biraz da tarihin penceresinden bakal\u0131m m\u0131 ne dersiniz? Ama farkl\u0131 bir bak\u0131\u015f a\u00e7\u0131s\u0131yla. Bazen bir kalenin k\u00fc\u00e7\u00fck penceresinden  gizlenen yasak a\u015fklar,  bazen de bir k\u00f6y evinin masumiyetiyle ya da h\u0131r\u00e7\u0131nl\u0131\u011f\u0131yla \u00f6zg\u00fcrle\u015fmeye \u00e7al\u0131\u015fan a\u015fklar , bir kad\u0131n\u0131n g\u00f6zya\u015flar\u0131 ya da bir \u015f\u00f6valyenin ac\u0131 \u00e7\u0131\u011fl\u0131klar\u0131, Kilisenin  a\u015fka ve evlili\u011fe olan  bak\u0131\u015f a\u00e7\u0131lar\u0131\u2026k\u0131sacas\u0131 Orta \u00c7a\u011f Avrupa\u2019s\u0131nda a\u015fk, tutku, entrika ve romantizm dolu bir ser\u00fcven sizi bekliyor.  Haz\u0131r m\u0131s\u0131n\u0131z a\u015fk\u0131n her halini ya\u015famaya. Zaten \u015fu anda bunlar\u0131 okuyorsan\u0131z tarihte a\u015fk yolculu\u011funa da haz\u0131rs\u0131n\u0131z demektir. B\u00fct\u00fcn duygular\u0131 bir arada hissedece\u011finiz hatta tarih, felsefe ve psikolojiyi i\u00e7 i\u00e7e ya\u015fayaca\u011f\u0131n\u0131z her \u015feyden biraz diyerek bilgilenip duygulanaca\u011f\u0131n\u0131z bir d\u00fcnyadas\u0131n\u0131z art\u0131k.  Haydi o zaman okumaya ba\u015flayal\u0131m neymi\u015f bu Orta \u00c7a\u011f Avrupa\u2019s\u0131nda A\u015eK\u2026 <\/p>\n","protected":false},"excerpt":{"rendered":"<p>VE A\u015eK DED\u0130 K\u0130\u2026. Sen beni \u00f6pmeden \u00f6nce, Sadece g\u00f6\u011f\u00fcn r\u00fczg\u00e2rlar\u0131 \u00f6pm\u00fc\u015ft\u00fc beni ve ya\u011fmurun \u015fefkati. \u015eimdi sen geldin, nas\u0131l umursayabilirim ki art\u0131k onlar\u0131nki gibi \u00f6p\u00fcc\u00fckleri<span class=\"excerpt-hellip\"> [\u2026]<\/span><\/p>\n","protected":false},"featured_media":0,"template":"","meta":{"_monsterinsights_skip_tracking":false,"_monsterinsights_sitenote_active":false,"_monsterinsights_sitenote_note":"","_monsterinsights_sitenote_category":0},"product_brand":[],"product_cat":[12370,12304],"product_tag":[],"class_list":{"0":"post-753153","1":"product","2":"type-product","3":"status-publish","5":"product_cat-arastirma-inceleme","6":"product_cat-tarih","7":"pa_cilt-ciltsiz","8":"pa_tur-kitap","9":"pa_yayinevi-yeditepe-yayinevi","10":"pa_yazar-pinar-ulgen","12":"first","13":"instock","14":"sale","15":"shipping-taxable","16":"purchasable","17":"product-type-simple"},"_links":{"self":[{"href":"https:\/\/roveyayinevi.com.tr\/index.php\/wp-json\/wp\/v2\/product\/753153","targetHints":{"allow":["GET"]}}],"collection":[{"href":"https:\/\/roveyayinevi.com.tr\/index.php\/wp-json\/wp\/v2\/product"}],"about":[{"href":"https:\/\/roveyayinevi.com.tr\/index.php\/wp-json\/wp\/v2\/types\/product"}],"wp:attachment":[{"href":"https:\/\/roveyayinevi.com.tr\/index.php\/wp-json\/wp\/v2\/media?parent=753153"}],"wp:term":[{"taxonomy":"product_brand","embeddable":true,"href":"https:\/\/roveyayinevi.com.tr\/index.php\/wp-json\/wp\/v2\/product_brand?post=753153"},{"taxonomy":"product_cat","embeddable":true,"href":"https:\/\/roveyayinevi.com.tr\/index.php\/wp-json\/wp\/v2\/product_cat?post=753153"},{"taxonomy":"product_tag","embeddable":true,"href":"https:\/\/roveyayinevi.com.tr\/index.php\/wp-json\/wp\/v2\/product_tag?post=753153"}],"curies":[{"name":"wp","href":"https:\/\/api.w.org\/{rel}","templated":true}]}}