{"id":753150,"date":"2025-08-28T05:35:08","date_gmt":"2025-08-28T02:35:08","guid":{"rendered":"https:\/\/roveyayinevi.com.tr\/index.php\/urun\/sanal-toplum\/"},"modified":"2026-04-16T03:06:40","modified_gmt":"2026-04-16T00:06:40","slug":"sanal-toplum","status":"publish","type":"product","link":"https:\/\/roveyayinevi.com.tr\/index.php\/urun\/sanal-toplum\/","title":{"rendered":"Sanal Toplum"},"content":{"rendered":"<p>\u201cMetaverse\u201d kavram\u0131 herkes\u00e7e duyuldu fakat s\u0131n\u0131rlar\u0131 hala belirlenmi\u015f de\u011fil. Facebook ve di\u011ferlerinin sundu\u011funa benzer alt bir sanal ger\u00e7eklik \u00e2leminden mi ibaret olacak? Ya da sadece \u00e7ok fazla oyuncunun ayn\u0131 anda yer alabildi\u011fi bir platformdan ibaret mi? Yoksa \u00e7ok daha fazlas\u0131 m\u0131? \u00d6nde gelen teknoloji bilimcilerden olan Herman Narula\u2019ya g\u00f6re metaverse, kadim insani e\u011filimin en son \u00fcr\u00fcn\u00fc: D\u00fcnya tasarlama eylemi. Gelece\u011fin bu d\u00fcnyalar\u0131; zengince d\u00f6\u015fenmi\u015f, anlam ve f\u0131rsat y\u00fckl\u00fc, ge\u00e7mi\u015f d\u00fcnyalar\u0131n devam\u0131 \u015feklinde var olan yerler olacak. Ayn\u0131 zamanda gelecekteki bu d\u00fcnyalar sanal olduklar\u0131 i\u00e7in t\u0131rman\u0131labilecek Olimpos\u2019lar olacak. Manzaran\u0131n tad\u0131n\u0131 \u00e7\u0131karabilecek, yeteneklerinizi s\u0131nayabilecek, inan\u00e7lar\u0131n\u0131zla kayna\u015fabilecek ve bir bak\u0131ma \u00f6z ger\u00e7ekle\u015ftirmeyi sa\u011flayacaks\u0131n\u0131z. \u0130nsanlar bir araya geldikleri ilk g\u00fcnden beri bu tip \u00f6te evrenlere kendilerini vakfetmek i\u00e7in \u00e7al\u0131\u015ft\u0131lar. \u00c7ok yak\u0131n gelecekte, belki de ilk kez bu d\u00fcnyalarda ba\u015frol oynamaya, o d\u00fcnyay\u0131 kendi d\u00fcnyam\u0131z yapma f\u0131rsat\u0131 bulaca\u011f\u0131z. Sa\u011flam ara\u015ft\u0131rmalar ve tutkulu savlarla desteklenmi\u015f bu kitap, sanal gelece\u011fimizin potansiyelini anlamak isteyenler i\u00e7in y\u00fczeysel i\u00e7eriklerden \u00e7ok daha \u00f6te, k\u0131\u015fk\u0131rt\u0131c\u0131 ve \u00f6zl\u00fc bir rehber. <\/p>\n","protected":false},"excerpt":{"rendered":"<p>\u201cMetaverse\u201d kavram\u0131 herkes\u00e7e duyuldu fakat s\u0131n\u0131rlar\u0131 hala belirlenmi\u015f de\u011fil. Facebook ve di\u011ferlerinin sundu\u011funa benzer alt bir sanal ger\u00e7eklik \u00e2leminden mi ibaret olacak? Ya da sadece \u00e7ok<span class=\"excerpt-hellip\"> [\u2026]<\/span><\/p>\n","protected":false},"featured_media":0,"template":"","meta":{"_monsterinsights_skip_tracking":false,"_monsterinsights_sitenote_active":false,"_monsterinsights_sitenote_note":"","_monsterinsights_sitenote_category":0},"product_brand":[],"product_cat":[13005],"product_tag":[],"class_list":{"0":"post-753150","1":"product","2":"type-product","3":"status-publish","5":"product_cat-bilim-muhendislik","6":"pa_cilt-ciltsiz","7":"pa_tur-kitap","8":"pa_yayinevi-orenda","9":"pa_yazar-herman-narula","11":"first","12":"instock","13":"sale","14":"shipping-taxable","15":"purchasable","16":"product-type-simple"},"_links":{"self":[{"href":"https:\/\/roveyayinevi.com.tr\/index.php\/wp-json\/wp\/v2\/product\/753150","targetHints":{"allow":["GET"]}}],"collection":[{"href":"https:\/\/roveyayinevi.com.tr\/index.php\/wp-json\/wp\/v2\/product"}],"about":[{"href":"https:\/\/roveyayinevi.com.tr\/index.php\/wp-json\/wp\/v2\/types\/product"}],"wp:attachment":[{"href":"https:\/\/roveyayinevi.com.tr\/index.php\/wp-json\/wp\/v2\/media?parent=753150"}],"wp:term":[{"taxonomy":"product_brand","embeddable":true,"href":"https:\/\/roveyayinevi.com.tr\/index.php\/wp-json\/wp\/v2\/product_brand?post=753150"},{"taxonomy":"product_cat","embeddable":true,"href":"https:\/\/roveyayinevi.com.tr\/index.php\/wp-json\/wp\/v2\/product_cat?post=753150"},{"taxonomy":"product_tag","embeddable":true,"href":"https:\/\/roveyayinevi.com.tr\/index.php\/wp-json\/wp\/v2\/product_tag?post=753150"}],"curies":[{"name":"wp","href":"https:\/\/api.w.org\/{rel}","templated":true}]}}