{"id":753148,"date":"2025-08-28T05:35:05","date_gmt":"2025-08-28T02:35:05","guid":{"rendered":"https:\/\/roveyayinevi.com.tr\/index.php\/urun\/dunya-hakkinda-dogru-bildiginiz-yanlislar\/"},"modified":"2026-04-16T03:06:40","modified_gmt":"2026-04-16T00:06:40","slug":"dunya-hakkinda-dogru-bildiginiz-yanlislar","status":"publish","type":"product","link":"https:\/\/roveyayinevi.com.tr\/index.php\/urun\/dunya-hakkinda-dogru-bildiginiz-yanlislar\/","title":{"rendered":"D\u00fcnya Hakk\u0131nda Do\u011fru Bildi\u011finiz Yanl\u0131\u015flar"},"content":{"rendered":"<p>\u0130nsanl\u0131k d\u00fcnyadaki ya\u015fam\u0131n s\u0131rr\u0131n\u0131 \u00e7\u00f6zme yolunda epeyce yol alm\u0131\u015f gibi g\u00f6r\u00fcn\u00fcyor. Acaba ger\u00e7ekten de \u00f6yle mi? Asl\u0131nda, s\u00fcrekli de\u011fi\u015fen gezegenimizde ke\u015ffedilecek ve a\u00e7\u0131klanamayan h\u00e2l\u00e2 \u00e7ok \u015fey var.Do\u011fru Bildi\u011fimiz Yanl\u0131\u015flar serisinden olan bu kitap, d\u00fcnyan\u0131n fiziksel ve sosyal yap\u0131s\u0131na dair inan\u00e7lar\u0131n\u0131z\u0131 alt \u00fcst edecek ve gezegenimizin co\u011frafyas\u0131, do\u011fas\u0131, \u00fclke ve \u015fehirleri hakk\u0131ndaki \u015fa\u015f\u0131rt\u0131c\u0131 ger\u00e7ekler kar\u015f\u0131s\u0131nda sizleri hayrete d\u00fc\u015f\u00fcrecek&#8230; Merak\u0131n\u0131z\u0131 \u015f\u0131mart\u0131n biraz, d\u00fcnyay\u0131 bug\u00fcn nas\u0131l g\u00f6rd\u00fc\u011f\u00fcm\u00fcz\u00fc \u015fekillendiren bir\u00e7ok efsane, s\u00f6ylenti ve yanl\u0131\u015f al\u0131nt\u0131yla kar\u015f\u0131la\u015facaks\u0131n\u0131z. D\u00fcnyan\u0131n yuvarlak oldu\u011funu mu d\u00fc\u015f\u00fcn\u00fcyorsunuz? Tekrar d\u00fc\u015f\u00fcn\u00fcn! Asl\u0131nda kutuplarda daha bas\u0131kt\u0131r. Sahra&#8217;y\u0131 d\u00fcnyan\u0131n en b\u00fcy\u00fck \u00e7\u00f6l\u00fc olarak m\u0131 biliyorsunuz? De\u011fil, sorunun cevab\u0131 Antarktika&#8217;d\u0131r.Google Maps yard\u0131m\u0131yla ke\u015ffedilen kay\u0131p ya\u011fmur ormanlar\u0131ndan, y\u0131l\u0131n sadece alt\u0131 ay\u0131 Fransa&#8217;ya ait olan adaya kadar D\u00fcnya gezegenine dair bir\u00e7ok \u015fey i\u00e7eren bu ne\u015feli rehber, Orta Do\u011fu&#8217;nun ortas\u0131nda ne oldu\u011funu merak edenler i\u00e7in vazge\u00e7ilmez bir okuma ser\u00fcveni&#8230;D\u00fcnya hakk\u0131nda hep inand\u0131\u011f\u0131m\u0131z \u015fa\u015f\u0131rt\u0131c\u0131 efsaneleri \u00e7\u00fcr\u00fcten b\u00fcy\u00fcleyici ve esprili bir okuma deneyimi sizleri bekliyor\u2026 <\/p>\n","protected":false},"excerpt":{"rendered":"<p>\u0130nsanl\u0131k d\u00fcnyadaki ya\u015fam\u0131n s\u0131rr\u0131n\u0131 \u00e7\u00f6zme yolunda epeyce yol alm\u0131\u015f gibi g\u00f6r\u00fcn\u00fcyor. Acaba ger\u00e7ekten de \u00f6yle mi? Asl\u0131nda, s\u00fcrekli de\u011fi\u015fen gezegenimizde ke\u015ffedilecek ve a\u00e7\u0131klanamayan h\u00e2l\u00e2 \u00e7ok \u015fey<span class=\"excerpt-hellip\"> [\u2026]<\/span><\/p>\n","protected":false},"featured_media":0,"template":"","meta":{"_monsterinsights_skip_tracking":false,"_monsterinsights_sitenote_active":false,"_monsterinsights_sitenote_note":"","_monsterinsights_sitenote_category":0},"product_brand":[],"product_cat":[13489,13488],"product_tag":[],"class_list":{"0":"post-753148","1":"product","2":"type-product","3":"status-publish","5":"product_cat-populer-kultur","6":"product_cat-toplum-ve-insan","7":"pa_cilt-ciltsiz","8":"pa_tur-kitap","9":"pa_yayinevi-orenda","10":"pa_yazar-matt-brown","12":"first","13":"instock","14":"sale","15":"shipping-taxable","16":"purchasable","17":"product-type-simple"},"_links":{"self":[{"href":"https:\/\/roveyayinevi.com.tr\/index.php\/wp-json\/wp\/v2\/product\/753148","targetHints":{"allow":["GET"]}}],"collection":[{"href":"https:\/\/roveyayinevi.com.tr\/index.php\/wp-json\/wp\/v2\/product"}],"about":[{"href":"https:\/\/roveyayinevi.com.tr\/index.php\/wp-json\/wp\/v2\/types\/product"}],"wp:attachment":[{"href":"https:\/\/roveyayinevi.com.tr\/index.php\/wp-json\/wp\/v2\/media?parent=753148"}],"wp:term":[{"taxonomy":"product_brand","embeddable":true,"href":"https:\/\/roveyayinevi.com.tr\/index.php\/wp-json\/wp\/v2\/product_brand?post=753148"},{"taxonomy":"product_cat","embeddable":true,"href":"https:\/\/roveyayinevi.com.tr\/index.php\/wp-json\/wp\/v2\/product_cat?post=753148"},{"taxonomy":"product_tag","embeddable":true,"href":"https:\/\/roveyayinevi.com.tr\/index.php\/wp-json\/wp\/v2\/product_tag?post=753148"}],"curies":[{"name":"wp","href":"https:\/\/api.w.org\/{rel}","templated":true}]}}