{"id":753144,"date":"2025-08-28T05:34:59","date_gmt":"2025-08-28T02:34:59","guid":{"rendered":"https:\/\/roveyayinevi.com.tr\/index.php\/urun\/kimyahane\/"},"modified":"2026-04-16T03:06:40","modified_gmt":"2026-04-16T00:06:40","slug":"kimyahane","status":"publish","type":"product","link":"https:\/\/roveyayinevi.com.tr\/index.php\/urun\/kimyahane\/","title":{"rendered":"Kimyahane"},"content":{"rendered":"<p>T\u00fcrkiye\u2019de k\u00fclt\u00fcr varl\u0131klar\u0131 restorasyonu genellikle cami, sur, kilise, kervansaray gibi ta\u015f\u0131nmazlar \u00fczerinden incelenmekte ve bilinmektedir. Arkeolojik kaz\u0131lardan \u00e7\u0131kar\u0131lan ve m\u00fczelerde sergilenen ta\u015f\u0131nabilir k\u00fclt\u00fcr varl\u0131klar\u0131n\u0131n restorasyon tarihi ise ilk kez bu kitapta ele al\u0131nmaktad\u0131r. Vildan Yarl\u0131ga\u015f, Osmanl\u0131 devletinin ilk m\u00fczesi olan M\u00fcze-i H\u00fcmayun\u2019dan ba\u015flayarak m\u00fcze objelerinin kimler taraf\u0131ndan, hangi mek\u00e2nlarda ve y\u00f6ntemlerle onar\u0131ld\u0131\u011f\u0131n\u0131 kronolojik olarak aktarmaktad\u0131r. Elinizdeki kitap, 1936 y\u0131l\u0131nda \u0130stanbul Arkeoloji M\u00fczeleri b\u00fcnyesinde kurulan ve T\u00fcrkiye\u2019nin ilk konservasyon laboratuvar\u0131 olma unvan\u0131n\u0131 ta\u015f\u0131yan Kimyahane\u2019yi odak noktas\u0131na alarak T\u00fcrkiye\u2019de modern konservasyon-restorasyon anlay\u0131\u015f\u0131n\u0131n geli\u015fimini okura ak\u0131c\u0131 bir dille ve daha \u00f6nce hi\u00e7 yay\u0131mlanmam\u0131\u015f belgelerle sunmaktad\u0131r. <\/p>\n","protected":false},"excerpt":{"rendered":"<p>T\u00fcrkiye\u2019de k\u00fclt\u00fcr varl\u0131klar\u0131 restorasyonu genellikle cami, sur, kilise, kervansaray gibi ta\u015f\u0131nmazlar \u00fczerinden incelenmekte ve bilinmektedir. Arkeolojik kaz\u0131lardan \u00e7\u0131kar\u0131lan ve m\u00fczelerde sergilenen ta\u015f\u0131nabilir k\u00fclt\u00fcr varl\u0131klar\u0131n\u0131n restorasyon tarihi<span class=\"excerpt-hellip\"> [\u2026]<\/span><\/p>\n","protected":false},"featured_media":0,"template":"","meta":{"_monsterinsights_skip_tracking":false,"_monsterinsights_sitenote_active":false,"_monsterinsights_sitenote_note":"","_monsterinsights_sitenote_category":0},"product_brand":[],"product_cat":[52477],"product_tag":[],"class_list":{"0":"post-753144","1":"product","2":"type-product","3":"status-publish","5":"product_cat-arastirma","6":"pa_cilt-ciltsiz","7":"pa_tur-kitap","8":"pa_yayinevi-alfa-yayinlari","9":"pa_yazar-vildan-yarligas","11":"first","12":"instock","13":"sale","14":"shipping-taxable","15":"purchasable","16":"product-type-simple"},"_links":{"self":[{"href":"https:\/\/roveyayinevi.com.tr\/index.php\/wp-json\/wp\/v2\/product\/753144","targetHints":{"allow":["GET"]}}],"collection":[{"href":"https:\/\/roveyayinevi.com.tr\/index.php\/wp-json\/wp\/v2\/product"}],"about":[{"href":"https:\/\/roveyayinevi.com.tr\/index.php\/wp-json\/wp\/v2\/types\/product"}],"wp:attachment":[{"href":"https:\/\/roveyayinevi.com.tr\/index.php\/wp-json\/wp\/v2\/media?parent=753144"}],"wp:term":[{"taxonomy":"product_brand","embeddable":true,"href":"https:\/\/roveyayinevi.com.tr\/index.php\/wp-json\/wp\/v2\/product_brand?post=753144"},{"taxonomy":"product_cat","embeddable":true,"href":"https:\/\/roveyayinevi.com.tr\/index.php\/wp-json\/wp\/v2\/product_cat?post=753144"},{"taxonomy":"product_tag","embeddable":true,"href":"https:\/\/roveyayinevi.com.tr\/index.php\/wp-json\/wp\/v2\/product_tag?post=753144"}],"curies":[{"name":"wp","href":"https:\/\/api.w.org\/{rel}","templated":true}]}}