{"id":753142,"date":"2025-08-28T05:34:55","date_gmt":"2025-08-28T02:34:55","guid":{"rendered":"https:\/\/roveyayinevi.com.tr\/index.php\/urun\/magnus-chase-ve-asgard-tanrilari-olum-gemisi\/"},"modified":"2026-04-16T03:06:40","modified_gmt":"2026-04-16T00:06:40","slug":"magnus-chase-ve-asgard-tanrilari-olum-gemisi","status":"publish","type":"product","link":"https:\/\/roveyayinevi.com.tr\/index.php\/urun\/magnus-chase-ve-asgard-tanrilari-olum-gemisi\/","title":{"rendered":"Magnus Chase Ve Asgard Tanr\u0131lar\u0131 \u00d6l\u00fcm Gemisi"},"content":{"rendered":"<p>Eskiden evsiz bir ergen olan Magnus Chase art\u0131k Valhalla Oteli\u2019nde kal\u0131yor ve Odin\u2019in se\u00e7ilmi\u015f sava\u015f\u00e7\u0131lar\u0131ndan biri. Yaz ve sa\u011fl\u0131k tanr\u0131s\u0131 Frey\u2019in o\u011flu oldu\u011fundan, Magnus\u2019un do\u011fas\u0131nda sava\u015fmak yok asl\u0131nda. Ama elf Hearthstone, c\u00fcce Blitzen ve sava\u015f\u00e7\u0131 Samira gibi g\u00fc\u00e7l\u00fc ve kararl\u0131 arkada\u015flar\u0131 var. Onlar hep birlikte Kurt Fenris\u2019i yenip Th or\u2019un \u00e7ekici Mjolnir\u2019i geri almak i\u00e7in devlerle sava\u015ft\u0131lar. \u015eimdiyse Magnus ve arkada\u015flar\u0131, Jotunheim ve Nifl heim s\u0131n\u0131rlar\u0131na do\u011fru yelken a\u00e7\u0131p Asgard\u2019a musallat olmu\u015f en b\u00fcy\u00fck tehdidin pe\u015fine d\u00fc\u015fmek zorundalar. Tehlikeli yolculuklar\u0131n\u0131 tamamlayabilecekler mi, yoksa ufukta onlar\u0131 Ragnarok mu bekliyor? Magnus Chase \u00fc\u00e7\u00fcnc\u00fc ser\u00fcvenine \u00d6l\u00fcm Gemisi ile \u00e7\u0131k\u0131yor. <\/p>\n","protected":false},"excerpt":{"rendered":"<p>Eskiden evsiz bir ergen olan Magnus Chase art\u0131k Valhalla Oteli\u2019nde kal\u0131yor ve Odin\u2019in se\u00e7ilmi\u015f sava\u015f\u00e7\u0131lar\u0131ndan biri. Yaz ve sa\u011fl\u0131k tanr\u0131s\u0131 Frey\u2019in o\u011flu oldu\u011fundan, Magnus\u2019un do\u011fas\u0131nda sava\u015fmak<span class=\"excerpt-hellip\"> [\u2026]<\/span><\/p>\n","protected":false},"featured_media":0,"template":"","meta":{"_monsterinsights_skip_tracking":false,"_monsterinsights_sitenote_active":false,"_monsterinsights_sitenote_note":"","_monsterinsights_sitenote_category":0},"product_brand":[],"product_cat":[12291,12711],"product_tag":[],"class_list":{"0":"post-753142","1":"product","2":"type-product","3":"status-publish","5":"product_cat-edebiyat","6":"product_cat-roman-oyku","7":"pa_cilt-ciltsiz","8":"pa_tur-kitap","9":"pa_yayinevi-x-libris","10":"pa_yazar-rick-riordan","12":"first","13":"instock","14":"sale","15":"shipping-taxable","16":"purchasable","17":"product-type-simple"},"_links":{"self":[{"href":"https:\/\/roveyayinevi.com.tr\/index.php\/wp-json\/wp\/v2\/product\/753142","targetHints":{"allow":["GET"]}}],"collection":[{"href":"https:\/\/roveyayinevi.com.tr\/index.php\/wp-json\/wp\/v2\/product"}],"about":[{"href":"https:\/\/roveyayinevi.com.tr\/index.php\/wp-json\/wp\/v2\/types\/product"}],"wp:attachment":[{"href":"https:\/\/roveyayinevi.com.tr\/index.php\/wp-json\/wp\/v2\/media?parent=753142"}],"wp:term":[{"taxonomy":"product_brand","embeddable":true,"href":"https:\/\/roveyayinevi.com.tr\/index.php\/wp-json\/wp\/v2\/product_brand?post=753142"},{"taxonomy":"product_cat","embeddable":true,"href":"https:\/\/roveyayinevi.com.tr\/index.php\/wp-json\/wp\/v2\/product_cat?post=753142"},{"taxonomy":"product_tag","embeddable":true,"href":"https:\/\/roveyayinevi.com.tr\/index.php\/wp-json\/wp\/v2\/product_tag?post=753142"}],"curies":[{"name":"wp","href":"https:\/\/api.w.org\/{rel}","templated":true}]}}