{"id":753141,"date":"2025-08-28T05:34:54","date_gmt":"2025-08-28T02:34:54","guid":{"rendered":"https:\/\/roveyayinevi.com.tr\/index.php\/urun\/anadolunun-imarinda-yarismalar-1930-1990\/"},"modified":"2026-04-16T03:06:40","modified_gmt":"2026-04-16T00:06:40","slug":"anadolunun-imarinda-yarismalar-1930-1990","status":"publish","type":"product","link":"https:\/\/roveyayinevi.com.tr\/index.php\/urun\/anadolunun-imarinda-yarismalar-1930-1990\/","title":{"rendered":"Anadolu\u2019nun \u0130mar\u0131nda Yar\u0131\u015fmalar : 1930-1990"},"content":{"rendered":"<p>Ku\u015fkusuz, mimari proje yar\u0131\u015fmalar\u0131, Cumhuriyetin ilan\u0131n\u0131n hemen ard\u0131ndan \u00fclkede modern mimari kimli\u011fin olu\u015fturulmas\u0131 ve modern mimarl\u0131k anlay\u0131\u015f\u0131n\u0131n yayg\u0131nla\u015ft\u0131r\u0131lmas\u0131 s\u00fcrecinde \u00f6nemli roller \u00fcstlenmi\u015ftir. Anadolu&#8217;nun farkl\u0131 \u015fehirlerinde kamu yap\u0131lar\u0131na odaklanan mimari proje yar\u0131\u015fmalar\u0131 d\u00fczenlenmi\u015ftir. Bu kitap, \u0130stanbul, Ankara, \u0130zmir gibi b\u00fcy\u00fck kentlerin d\u0131\u015f\u0131ndaki Anadolu co\u011frafyas\u0131nda, modern mimarl\u0131k \u00f6rneklerinin belgelendi\u011fi bir \u00e7al\u0131\u015fma olman\u0131n \u00f6tesinde, 1930-1990 y\u0131llar\u0131 aras\u0131ndaki bir d\u00f6nemin \u201cmimarl\u0131k ortam\u0131n\u0131n\u201d anla\u015f\u0131lmas\u0131na katk\u0131 sa\u011flamay\u0131 ama\u00e7lam\u0131\u015ft\u0131r. Literat\u00fcre eksik olarak eklemlenmi\u015f veya hi\u00e7 ele al\u0131nmam\u0131\u015f yar\u0131\u015fmalar\u0131 belgelemek, yap\u0131lar\u0131n g\u00fcncel durumlar\u0131n\u0131 ortaya koymak ve sonu\u00e7 olarak mimarl\u0131k yaz\u0131n\u0131na bir kaynak eser kazand\u0131rmak hedefiyle tasarlanm\u0131\u015f geni\u015f kat\u0131l\u0131ml\u0131 bir projedir. Mimari projelerin ger\u00e7ekle\u015ftirildi\u011fi 10\u2019ar y\u0131ll\u0131k periyotlar halinde ait olduklar\u0131 d\u00f6nemlerin sosyal, k\u00fclt\u00fcrel ve siyasi ba\u011flamlar\u0131 da dikkate al\u0131narak, se\u00e7ilen yap\u0131lar de\u011ferlendirilmi\u015f ve analiz edilmi\u015ftir. <\/p>\n","protected":false},"excerpt":{"rendered":"<p>Ku\u015fkusuz, mimari proje yar\u0131\u015fmalar\u0131, Cumhuriyetin ilan\u0131n\u0131n hemen ard\u0131ndan \u00fclkede modern mimari kimli\u011fin olu\u015fturulmas\u0131 ve modern mimarl\u0131k anlay\u0131\u015f\u0131n\u0131n yayg\u0131nla\u015ft\u0131r\u0131lmas\u0131 s\u00fcrecinde \u00f6nemli roller \u00fcstlenmi\u015ftir. Anadolu&#8217;nun farkl\u0131 \u015fehirlerinde kamu<span class=\"excerpt-hellip\"> [\u2026]<\/span><\/p>\n","protected":false},"featured_media":0,"template":"","meta":{"_monsterinsights_skip_tracking":false,"_monsterinsights_sitenote_active":false,"_monsterinsights_sitenote_note":"","_monsterinsights_sitenote_category":0},"product_brand":[],"product_cat":[13512,12408],"product_tag":[],"class_list":{"0":"post-753141","1":"product","2":"type-product","3":"status-publish","5":"product_cat-mimarlik","6":"product_cat-sanat","7":"pa_cilt-ciltsiz","8":"pa_tur-kitap","9":"pa_yayinevi-idealkent-yayincilik","10":"pa_yazar-kolektif","12":"first","13":"instock","14":"sale","15":"shipping-taxable","16":"purchasable","17":"product-type-simple"},"_links":{"self":[{"href":"https:\/\/roveyayinevi.com.tr\/index.php\/wp-json\/wp\/v2\/product\/753141","targetHints":{"allow":["GET"]}}],"collection":[{"href":"https:\/\/roveyayinevi.com.tr\/index.php\/wp-json\/wp\/v2\/product"}],"about":[{"href":"https:\/\/roveyayinevi.com.tr\/index.php\/wp-json\/wp\/v2\/types\/product"}],"wp:attachment":[{"href":"https:\/\/roveyayinevi.com.tr\/index.php\/wp-json\/wp\/v2\/media?parent=753141"}],"wp:term":[{"taxonomy":"product_brand","embeddable":true,"href":"https:\/\/roveyayinevi.com.tr\/index.php\/wp-json\/wp\/v2\/product_brand?post=753141"},{"taxonomy":"product_cat","embeddable":true,"href":"https:\/\/roveyayinevi.com.tr\/index.php\/wp-json\/wp\/v2\/product_cat?post=753141"},{"taxonomy":"product_tag","embeddable":true,"href":"https:\/\/roveyayinevi.com.tr\/index.php\/wp-json\/wp\/v2\/product_tag?post=753141"}],"curies":[{"name":"wp","href":"https:\/\/api.w.org\/{rel}","templated":true}]}}