{"id":753138,"date":"2025-08-28T05:34:49","date_gmt":"2025-08-28T02:34:49","guid":{"rendered":"https:\/\/roveyayinevi.com.tr\/index.php\/urun\/hayallerini-yasatanlar\/"},"modified":"2026-04-16T03:06:39","modified_gmt":"2026-04-16T00:06:39","slug":"hayallerini-yasatanlar","status":"publish","type":"product","link":"https:\/\/roveyayinevi.com.tr\/index.php\/urun\/hayallerini-yasatanlar\/","title":{"rendered":"Hayallerini Ya\u015fatanlar"},"content":{"rendered":"<p>\u0130\u015f insan\u0131 Bekir P\u0131nar ve yazar\u0131n bir araya gelmesi, dededen toruna uzanan bir hik\u00e2yenin kap\u0131lar\u0131n\u0131 aralad\u0131. Ve bu kap\u0131dan girerek ge\u00e7mi\u015fin tozlu sayfalar\u0131nda derin bir yolculu\u011fa \u00e7\u0131k\u0131ld\u0131.   &#8220;Hayallerini Ya\u015fatanlar&#8221; kitab\u0131, dede Bekir P\u0131nar&#8217;\u0131n hayat\u0131 ve ticaret alan\u0131ndaki \u00f6nc\u00fc rol\u00fcn\u00fc anlat\u0131rken M\u0131s\u0131r&#8217;dan yola \u00e7\u0131karak 1799&#8217;da Lenger&#8217;e yerle\u015fen \u00d6mer Efendi&#8217;den yedinci ku\u015fakta gelen i\u015f insan\u0131 Bekir P\u0131nar&#8217;a kadar uzanan bir biyografi hazinesi sunuyor. Bu zengin yolculuk, bir ailenin ge\u00e7mi\u015fine dair unutulmaz hik\u00e2yeleri ve de\u011ferli miras\u0131 g\u00fcn y\u00fcz\u00fcne \u00e7\u0131kar\u0131yor.   Bu kitap, g\u00fc\u00e7l\u00fc aile ba\u011flar\u0131n\u0131n toplumlar\u0131n kalk\u0131nmas\u0131ndaki \u00f6nemini vurguluyor. Dede Bekir P\u0131nar&#8217;\u0131n yokluk i\u00e7indeki sabr\u0131, azmi ve tevekk\u00fcl\u00fc ile hayallerini nas\u0131l ger\u00e7ekle\u015ftirdi\u011fini \u00f6\u011freneceksiniz. P\u0131narlar G\u0131da&#8217;n\u0131n arkas\u0131ndaki gizli g\u00fcc\u00fc ke\u015ffedecek ve ba\u015far\u0131 hikayesinin ard\u0131ndaki \u00e7aba ve tutkunun izini s\u00fcreceksiniz. \u201cHayallerini Ya\u015fatanlar: Yokluktan Ba\u015far\u0131ya, Sabr\u0131n \u0130n\u015fa Etti\u011fi Ya\u015fam \u00d6yk\u00fcs\u00fc\u201d    \u201cHayallerini Ya\u015fatanlar\u201d sadece bir aile hikayesi de\u011fil, ayn\u0131 zamanda G\u00fclnar&#8217;\u0131n tarihine sayg\u0131 dolu bir selam\u2026 Ge\u00e7mi\u015fin miras\u0131n\u0131 koruyan, hayalleri ger\u00e7ekle\u015ftiren ve de\u011ferlere ba\u011fl\u0131 kalan bu aile, okuyuculara ilham verecek ve kendi k\u00f6klerine dair yeni bir bak\u0131\u015f a\u00e7\u0131s\u0131 sunacakt\u0131r&#8230; <\/p>\n","protected":false},"excerpt":{"rendered":"<p>\u0130\u015f insan\u0131 Bekir P\u0131nar ve yazar\u0131n bir araya gelmesi, dededen toruna uzanan bir hik\u00e2yenin kap\u0131lar\u0131n\u0131 aralad\u0131. Ve bu kap\u0131dan girerek ge\u00e7mi\u015fin tozlu sayfalar\u0131nda derin bir yolculu\u011fa<span class=\"excerpt-hellip\"> [\u2026]<\/span><\/p>\n","protected":false},"featured_media":0,"template":"","meta":{"_monsterinsights_skip_tracking":false,"_monsterinsights_sitenote_active":false,"_monsterinsights_sitenote_note":"","_monsterinsights_sitenote_category":0},"product_brand":[],"product_cat":[14009,12291],"product_tag":[],"class_list":{"0":"post-753138","1":"product","2":"type-product","3":"status-publish","5":"product_cat-biyografi-otobiyografi-edebiyat","6":"product_cat-edebiyat","7":"pa_cilt-ciltsiz","8":"pa_tur-kitap","9":"pa_yayinevi-gulnar-yayinlari","10":"pa_yazar-ramazan-saritas","12":"first","13":"instock","14":"sale","15":"shipping-taxable","16":"purchasable","17":"product-type-simple"},"_links":{"self":[{"href":"https:\/\/roveyayinevi.com.tr\/index.php\/wp-json\/wp\/v2\/product\/753138","targetHints":{"allow":["GET"]}}],"collection":[{"href":"https:\/\/roveyayinevi.com.tr\/index.php\/wp-json\/wp\/v2\/product"}],"about":[{"href":"https:\/\/roveyayinevi.com.tr\/index.php\/wp-json\/wp\/v2\/types\/product"}],"wp:attachment":[{"href":"https:\/\/roveyayinevi.com.tr\/index.php\/wp-json\/wp\/v2\/media?parent=753138"}],"wp:term":[{"taxonomy":"product_brand","embeddable":true,"href":"https:\/\/roveyayinevi.com.tr\/index.php\/wp-json\/wp\/v2\/product_brand?post=753138"},{"taxonomy":"product_cat","embeddable":true,"href":"https:\/\/roveyayinevi.com.tr\/index.php\/wp-json\/wp\/v2\/product_cat?post=753138"},{"taxonomy":"product_tag","embeddable":true,"href":"https:\/\/roveyayinevi.com.tr\/index.php\/wp-json\/wp\/v2\/product_tag?post=753138"}],"curies":[{"name":"wp","href":"https:\/\/api.w.org\/{rel}","templated":true}]}}