{"id":753137,"date":"2025-08-28T05:34:48","date_gmt":"2025-08-28T02:34:48","guid":{"rendered":"https:\/\/roveyayinevi.com.tr\/index.php\/urun\/merdiven-2\/"},"modified":"2026-04-16T03:06:39","modified_gmt":"2026-04-16T00:06:39","slug":"merdiven-2","status":"publish","type":"product","link":"https:\/\/roveyayinevi.com.tr\/index.php\/urun\/merdiven-2\/","title":{"rendered":"Merdiven"},"content":{"rendered":"<p>\u00dcrkek ceylan gibi Sekerek bast\u0131m tahtaya, \u00c7\u00f6zmek istiyordum, Dikenli teller aras\u0131nda, H\u00fcz\u00fcnl\u00fc kalbimle Tahtan\u0131n aras\u0131ndaki ba\u011f\u0131, Aya\u011f\u0131m\u0131n birini att\u0131m basama\u011fa, Di\u011feri tak\u0131ld\u0131, duygular\u0131ma. Yoklad\u0131m, merdivenin zeminini, Bulmak istiyordum, en eminini\u2026 Durdum, bekledim ilk basamakta, \u00c7at\u0131rt\u0131lar gelmeye ba\u015flad\u0131, \u00c7iviyle tahtan\u0131n ilk ula\u011f\u0131nda, Yumak yumak olan ses y\u0131\u011f\u0131n\u0131, \u00c7\u0131nl\u0131yordu, kula\u011f\u0131mda\u2026 Merdiven ki, ilahi semaya a\u00e7\u0131k, Sen, \u00e7\u0131kt\u0131k\u00e7a basamaklar artar, Sonsuzluk sonsuzlu\u011funa do\u011fru, \u0130yi niyetli sa\u011flam ad\u0131mlar, Yanl\u0131\u015f da at\u0131lsa, Terazi sevap tartar\u2026 <\/p>\n","protected":false},"excerpt":{"rendered":"<p>\u00dcrkek ceylan gibi Sekerek bast\u0131m tahtaya, \u00c7\u00f6zmek istiyordum, Dikenli teller aras\u0131nda, H\u00fcz\u00fcnl\u00fc kalbimle Tahtan\u0131n aras\u0131ndaki ba\u011f\u0131, Aya\u011f\u0131m\u0131n birini att\u0131m basama\u011fa, Di\u011feri tak\u0131ld\u0131, duygular\u0131ma. Yoklad\u0131m, merdivenin zeminini,<span class=\"excerpt-hellip\"> [\u2026]<\/span><\/p>\n","protected":false},"featured_media":0,"template":"","meta":{"_monsterinsights_skip_tracking":false,"_monsterinsights_sitenote_active":false,"_monsterinsights_sitenote_note":"","_monsterinsights_sitenote_category":0},"product_brand":[],"product_cat":[12291,12509],"product_tag":[],"class_list":{"0":"post-753137","1":"product","2":"type-product","3":"status-publish","5":"product_cat-edebiyat","6":"product_cat-siir","7":"pa_cilt-ciltsiz","8":"pa_tur-kitap","9":"pa_yayinevi-gulnar-yayinlari","10":"pa_yazar-idris-cetin","12":"first","13":"instock","14":"sale","15":"shipping-taxable","16":"purchasable","17":"product-type-simple"},"_links":{"self":[{"href":"https:\/\/roveyayinevi.com.tr\/index.php\/wp-json\/wp\/v2\/product\/753137","targetHints":{"allow":["GET"]}}],"collection":[{"href":"https:\/\/roveyayinevi.com.tr\/index.php\/wp-json\/wp\/v2\/product"}],"about":[{"href":"https:\/\/roveyayinevi.com.tr\/index.php\/wp-json\/wp\/v2\/types\/product"}],"wp:attachment":[{"href":"https:\/\/roveyayinevi.com.tr\/index.php\/wp-json\/wp\/v2\/media?parent=753137"}],"wp:term":[{"taxonomy":"product_brand","embeddable":true,"href":"https:\/\/roveyayinevi.com.tr\/index.php\/wp-json\/wp\/v2\/product_brand?post=753137"},{"taxonomy":"product_cat","embeddable":true,"href":"https:\/\/roveyayinevi.com.tr\/index.php\/wp-json\/wp\/v2\/product_cat?post=753137"},{"taxonomy":"product_tag","embeddable":true,"href":"https:\/\/roveyayinevi.com.tr\/index.php\/wp-json\/wp\/v2\/product_tag?post=753137"}],"curies":[{"name":"wp","href":"https:\/\/api.w.org\/{rel}","templated":true}]}}