{"id":753135,"date":"2025-08-28T05:34:44","date_gmt":"2025-08-28T02:34:44","guid":{"rendered":"https:\/\/roveyayinevi.com.tr\/index.php\/urun\/cocukluk-felsefesi\/"},"modified":"2026-04-16T03:06:39","modified_gmt":"2026-04-16T00:06:39","slug":"cocukluk-felsefesi","status":"publish","type":"product","link":"https:\/\/roveyayinevi.com.tr\/index.php\/urun\/cocukluk-felsefesi\/","title":{"rendered":"\u00c7ocukluk Felsefesi"},"content":{"rendered":"<p>\u00c7ocukluk Felsefesi gibi bir felsefi tart\u0131\u015fma alan\u0131n\u0131n me\u015fruiyeti tart\u0131\u015f\u0131ladursun, d\u00fc\u015f\u00fcn\u00fclmesi gereken daha acil problemler vard\u0131r. \u00c7ocuk haklar\u0131n\u0131n s\u0131n\u0131rlar\u0131 nas\u0131l \u00e7izilmelidir? \u00c7ocuk sanat\u0131ndan bahsedilebilir mi? \u00d6l\u00fcm gibi zor konular \u00e7ocuklarla konu\u015fulabilir mi? \u00c7ocukluktaki geli\u015fim a\u015famalar\u0131na y\u00f6nelik teoriler, \u00e7ocuklu\u011fa bak\u0131\u015f\u0131m\u0131z\u0131 k\u00f6rle\u015ftiriyor olabilir mi? \u00c7ocuk olarak adland\u0131rd\u0131\u011f\u0131m\u0131z varolu\u015f \u015fekli, insan olamam\u0131\u015fl\u0131\u011f\u0131n damgas\u0131n\u0131 m\u0131 ta\u015f\u0131r yoksa art\u0131k kaybedilmi\u015f ve tekrar ula\u015f\u0131lamayacak bir insanl\u0131k mitini mi anlat\u0131r? T\u00fcm bu sorular \u00e7\u00f6z\u00fclmesi gereken teorik d\u00fc\u011f\u00fcmlerden ziyade, son derece pratik ve bir o kadar da politik sorunlara i\u015faret eder. \u00c7ocuklarla ileti\u015fime ge\u00e7ti\u011fimiz ve onlarla ya\u015famaya yazg\u0131l\u0131 oldu\u011fumuz s\u00fcrece bu sorularla ve daha pek \u00e7ok benzeriyle u\u011fra\u015fmak zorunda kal\u0131r\u0131z. Matthews\u2019un\u00c7ocukluk Felsefesi adl\u0131 \u00e7al\u0131\u015fmas\u0131, b\u00f6ylesi c\u00fcretk\u00e2r sorular\u0131 belki de ilk defa b\u00f6ylesine a\u00e7\u0131kl\u0131kla soran \u00e7al\u0131\u015fmalardand\u0131r. Cevaplar\u0131n tatmin edicili\u011fini bir kenara b\u0131rakal\u0131m, soru ve problemlerin \u00f6nem ve aciliyeti t\u00fcm felsefi ilgiyi \u00fczerinde toplayacak mahiyettedir. <\/p>\n","protected":false},"excerpt":{"rendered":"<p>\u00c7ocukluk Felsefesi gibi bir felsefi tart\u0131\u015fma alan\u0131n\u0131n me\u015fruiyeti tart\u0131\u015f\u0131ladursun, d\u00fc\u015f\u00fcn\u00fclmesi gereken daha acil problemler vard\u0131r. \u00c7ocuk haklar\u0131n\u0131n s\u0131n\u0131rlar\u0131 nas\u0131l \u00e7izilmelidir? \u00c7ocuk sanat\u0131ndan bahsedilebilir mi? \u00d6l\u00fcm gibi<span class=\"excerpt-hellip\"> [\u2026]<\/span><\/p>\n","protected":false},"featured_media":0,"template":"","meta":{"_monsterinsights_skip_tracking":false,"_monsterinsights_sitenote_active":false,"_monsterinsights_sitenote_note":"","_monsterinsights_sitenote_category":0},"product_brand":[],"product_cat":[12388],"product_tag":[],"class_list":{"0":"post-753135","1":"product","2":"type-product","3":"status-publish","5":"product_cat-felsefe","6":"pa_cilt-ciltsiz","7":"pa_tur-kitap","8":"pa_yayinevi-say-yayinlari","9":"pa_yazar-gareth-b-matthews","11":"first","12":"instock","13":"sale","14":"shipping-taxable","15":"purchasable","16":"product-type-simple"},"_links":{"self":[{"href":"https:\/\/roveyayinevi.com.tr\/index.php\/wp-json\/wp\/v2\/product\/753135","targetHints":{"allow":["GET"]}}],"collection":[{"href":"https:\/\/roveyayinevi.com.tr\/index.php\/wp-json\/wp\/v2\/product"}],"about":[{"href":"https:\/\/roveyayinevi.com.tr\/index.php\/wp-json\/wp\/v2\/types\/product"}],"wp:attachment":[{"href":"https:\/\/roveyayinevi.com.tr\/index.php\/wp-json\/wp\/v2\/media?parent=753135"}],"wp:term":[{"taxonomy":"product_brand","embeddable":true,"href":"https:\/\/roveyayinevi.com.tr\/index.php\/wp-json\/wp\/v2\/product_brand?post=753135"},{"taxonomy":"product_cat","embeddable":true,"href":"https:\/\/roveyayinevi.com.tr\/index.php\/wp-json\/wp\/v2\/product_cat?post=753135"},{"taxonomy":"product_tag","embeddable":true,"href":"https:\/\/roveyayinevi.com.tr\/index.php\/wp-json\/wp\/v2\/product_tag?post=753135"}],"curies":[{"name":"wp","href":"https:\/\/api.w.org\/{rel}","templated":true}]}}