{"id":753132,"date":"2025-08-28T05:34:38","date_gmt":"2025-08-28T02:34:38","guid":{"rendered":"https:\/\/roveyayinevi.com.tr\/index.php\/urun\/sahirin-gelini-cilt-1\/"},"modified":"2026-04-16T03:06:39","modified_gmt":"2026-04-16T00:06:39","slug":"sahirin-gelini-cilt-1","status":"publish","type":"product","link":"https:\/\/roveyayinevi.com.tr\/index.php\/urun\/sahirin-gelini-cilt-1\/","title":{"rendered":"Sahirin Gelini Cilt 1"},"content":{"rendered":"<p>Chise Hatori, 15 ya\u015f\u0131nda.   Ne bir yak\u0131n\u0131 ne ya\u015fama umudu ne de herhangi bir yetene\u011fi olmayan Chise&#8217;yi parayla sat\u0131n alan ki\u015fi, ezelden beri ya\u015fayan ama insan olmayan Sahirdi. Elias taraf\u0131ndan &#8220;\u00f6\u011frenci&#8221; olarak davet edilince Chise&#8217;nin i\u00e7indeki durmu\u015f saat de yava\u015f\u00e7a hareket etmeye ba\u015flad\u0131&#8230;   <\/p>\n","protected":false},"excerpt":{"rendered":"<p>Chise Hatori, 15 ya\u015f\u0131nda. Ne bir yak\u0131n\u0131 ne ya\u015fama umudu ne de herhangi bir yetene\u011fi olmayan Chise&#8217;yi parayla sat\u0131n alan ki\u015fi, ezelden beri ya\u015fayan ama insan<span class=\"excerpt-hellip\"> [\u2026]<\/span><\/p>\n","protected":false},"featured_media":0,"template":"","meta":{"_monsterinsights_skip_tracking":false,"_monsterinsights_sitenote_active":false,"_monsterinsights_sitenote_note":"","_monsterinsights_sitenote_category":0},"product_brand":[],"product_cat":[12416,12291],"product_tag":[],"class_list":{"0":"post-753132","1":"product","2":"type-product","3":"status-publish","5":"product_cat-cizgi-roman","6":"product_cat-edebiyat","7":"pa_cilt-ciltsiz","8":"pa_tur-kitap","9":"pa_yayinevi-kayip-kita-yayinlari","10":"pa_yazar-kore-yamazaki","12":"first","13":"instock","14":"sale","15":"shipping-taxable","16":"purchasable","17":"product-type-simple"},"_links":{"self":[{"href":"https:\/\/roveyayinevi.com.tr\/index.php\/wp-json\/wp\/v2\/product\/753132","targetHints":{"allow":["GET"]}}],"collection":[{"href":"https:\/\/roveyayinevi.com.tr\/index.php\/wp-json\/wp\/v2\/product"}],"about":[{"href":"https:\/\/roveyayinevi.com.tr\/index.php\/wp-json\/wp\/v2\/types\/product"}],"wp:attachment":[{"href":"https:\/\/roveyayinevi.com.tr\/index.php\/wp-json\/wp\/v2\/media?parent=753132"}],"wp:term":[{"taxonomy":"product_brand","embeddable":true,"href":"https:\/\/roveyayinevi.com.tr\/index.php\/wp-json\/wp\/v2\/product_brand?post=753132"},{"taxonomy":"product_cat","embeddable":true,"href":"https:\/\/roveyayinevi.com.tr\/index.php\/wp-json\/wp\/v2\/product_cat?post=753132"},{"taxonomy":"product_tag","embeddable":true,"href":"https:\/\/roveyayinevi.com.tr\/index.php\/wp-json\/wp\/v2\/product_tag?post=753132"}],"curies":[{"name":"wp","href":"https:\/\/api.w.org\/{rel}","templated":true}]}}