{"id":753131,"date":"2025-08-28T05:34:36","date_gmt":"2025-08-28T02:34:36","guid":{"rendered":"https:\/\/roveyayinevi.com.tr\/index.php\/urun\/mobukonun-aski-5\/"},"modified":"2026-04-16T03:06:39","modified_gmt":"2026-04-16T00:06:39","slug":"mobukonun-aski-5","status":"publish","type":"product","link":"https:\/\/roveyayinevi.com.tr\/index.php\/urun\/mobukonun-aski-5\/","title":{"rendered":"Mobuko\u2019nun A\u015fk\u0131 5"},"content":{"rendered":"<p>Yanl\u0131\u015f anla\u015f\u0131lmalar\u0131 \u00e7\u00f6zerek daha da yak\u0131nla\u015f\u0131r\u0131z.   Sonunda sevgili olan \u0130rie-kun ve Tanaka-san, her \u015feyi ilk defa birlikte deneyimler. \u00c7\u0131kmak nas\u0131l bir \u015fey ki? Kimsenin cevab\u0131n\u0131 s\u00f6ylemedi\u011fi bu sorunun cevab\u0131n\u0131, birlikte ke\u015ffedecekler.<\/p>\n","protected":false},"excerpt":{"rendered":"<p>Yanl\u0131\u015f anla\u015f\u0131lmalar\u0131 \u00e7\u00f6zerek daha da yak\u0131nla\u015f\u0131r\u0131z. Sonunda sevgili olan \u0130rie-kun ve Tanaka-san, her \u015feyi ilk defa birlikte deneyimler. \u00c7\u0131kmak nas\u0131l bir \u015fey ki? Kimsenin cevab\u0131n\u0131 s\u00f6ylemedi\u011fi<span class=\"excerpt-hellip\"> [\u2026]<\/span><\/p>\n","protected":false},"featured_media":0,"template":"","meta":{"_monsterinsights_skip_tracking":false,"_monsterinsights_sitenote_active":false,"_monsterinsights_sitenote_note":"","_monsterinsights_sitenote_category":0},"product_brand":[],"product_cat":[12416,12291],"product_tag":[],"class_list":{"0":"post-753131","1":"product","2":"type-product","3":"status-publish","5":"product_cat-cizgi-roman","6":"product_cat-edebiyat","7":"pa_cilt-ciltsiz","8":"pa_tur-kitap","9":"pa_yayinevi-kayip-kita-yayinlari","10":"pa_yazar-akane-tamura","12":"first","13":"instock","14":"sale","15":"shipping-taxable","16":"purchasable","17":"product-type-simple"},"_links":{"self":[{"href":"https:\/\/roveyayinevi.com.tr\/index.php\/wp-json\/wp\/v2\/product\/753131","targetHints":{"allow":["GET"]}}],"collection":[{"href":"https:\/\/roveyayinevi.com.tr\/index.php\/wp-json\/wp\/v2\/product"}],"about":[{"href":"https:\/\/roveyayinevi.com.tr\/index.php\/wp-json\/wp\/v2\/types\/product"}],"wp:attachment":[{"href":"https:\/\/roveyayinevi.com.tr\/index.php\/wp-json\/wp\/v2\/media?parent=753131"}],"wp:term":[{"taxonomy":"product_brand","embeddable":true,"href":"https:\/\/roveyayinevi.com.tr\/index.php\/wp-json\/wp\/v2\/product_brand?post=753131"},{"taxonomy":"product_cat","embeddable":true,"href":"https:\/\/roveyayinevi.com.tr\/index.php\/wp-json\/wp\/v2\/product_cat?post=753131"},{"taxonomy":"product_tag","embeddable":true,"href":"https:\/\/roveyayinevi.com.tr\/index.php\/wp-json\/wp\/v2\/product_tag?post=753131"}],"curies":[{"name":"wp","href":"https:\/\/api.w.org\/{rel}","templated":true}]}}