{"id":753129,"date":"2025-08-28T05:34:33","date_gmt":"2025-08-28T02:34:33","guid":{"rendered":"https:\/\/roveyayinevi.com.tr\/index.php\/urun\/archer-tepesi-cocuklari-2\/"},"modified":"2026-04-16T03:06:39","modified_gmt":"2026-04-16T00:06:39","slug":"archer-tepesi-cocuklari-2","status":"publish","type":"product","link":"https:\/\/roveyayinevi.com.tr\/index.php\/urun\/archer-tepesi-cocuklari-2\/","title":{"rendered":"Archer Tepesi \u00c7ocuklar\u0131 2"},"content":{"rendered":"<p>Archer Tepesi \u00c7ocuklar\u0131 serisi h\u0131z kesmeden vah\u015fet ve korku sa\u00e7maya devam ediyor.Erica Slaughter Archer Tepesi\u2019nde ortal\u0131\u011f\u0131 kan g\u00f6l\u00fcne \u00e7eviren canavar\u0131 \u00f6ld\u00fcrd\u00fc, evet. Peki tehlike sona m\u0131 erdi? \u00c7ocuklar art\u0131k huzura erebilecek mi? Elbette hay\u0131r. \u00d6ld\u00fcrd\u00fc\u011f\u00fc canavar bir anneydi ve \u015fimdi onun yetim \u00e7ocuklar\u0131, ormanda kol geziyor. Kontrols\u00fcz, yaramaz ve en \u00fcrk\u00fct\u00fcc\u00fcs\u00fc de a\u00e7lar. K\u00d6T\u00dcL\u00dcK ASLA \u00d6LMEZ\u2026ERICA ONU \u00d6LD\u00dcRMED\u0130K\u00c7E.<\/p>\n","protected":false},"excerpt":{"rendered":"<p>Archer Tepesi \u00c7ocuklar\u0131 serisi h\u0131z kesmeden vah\u015fet ve korku sa\u00e7maya devam ediyor.Erica Slaughter Archer Tepesi\u2019nde ortal\u0131\u011f\u0131 kan g\u00f6l\u00fcne \u00e7eviren canavar\u0131 \u00f6ld\u00fcrd\u00fc, evet. Peki tehlike sona m\u0131<span class=\"excerpt-hellip\"> [\u2026]<\/span><\/p>\n","protected":false},"featured_media":0,"template":"","meta":{"_monsterinsights_skip_tracking":false,"_monsterinsights_sitenote_active":false,"_monsterinsights_sitenote_note":"","_monsterinsights_sitenote_category":0},"product_brand":[],"product_cat":[12416,12291],"product_tag":[],"class_list":{"0":"post-753129","1":"product","2":"type-product","3":"status-publish","5":"product_cat-cizgi-roman","6":"product_cat-edebiyat","7":"pa_cilt-ciltsiz","8":"pa_tur-kitap","9":"pa_yayinevi-epsilon-yayinlari","10":"pa_yazar-james-tynion-iv","12":"first","13":"instock","14":"sale","15":"shipping-taxable","16":"purchasable","17":"product-type-simple"},"_links":{"self":[{"href":"https:\/\/roveyayinevi.com.tr\/index.php\/wp-json\/wp\/v2\/product\/753129","targetHints":{"allow":["GET"]}}],"collection":[{"href":"https:\/\/roveyayinevi.com.tr\/index.php\/wp-json\/wp\/v2\/product"}],"about":[{"href":"https:\/\/roveyayinevi.com.tr\/index.php\/wp-json\/wp\/v2\/types\/product"}],"wp:attachment":[{"href":"https:\/\/roveyayinevi.com.tr\/index.php\/wp-json\/wp\/v2\/media?parent=753129"}],"wp:term":[{"taxonomy":"product_brand","embeddable":true,"href":"https:\/\/roveyayinevi.com.tr\/index.php\/wp-json\/wp\/v2\/product_brand?post=753129"},{"taxonomy":"product_cat","embeddable":true,"href":"https:\/\/roveyayinevi.com.tr\/index.php\/wp-json\/wp\/v2\/product_cat?post=753129"},{"taxonomy":"product_tag","embeddable":true,"href":"https:\/\/roveyayinevi.com.tr\/index.php\/wp-json\/wp\/v2\/product_tag?post=753129"}],"curies":[{"name":"wp","href":"https:\/\/api.w.org\/{rel}","templated":true}]}}