{"id":753128,"date":"2025-08-28T05:34:32","date_gmt":"2025-08-28T02:34:32","guid":{"rendered":"https:\/\/roveyayinevi.com.tr\/index.php\/urun\/minecraft-oyunun-icinde\/"},"modified":"2026-04-16T03:06:39","modified_gmt":"2026-04-16T00:06:39","slug":"minecraft-oyunun-icinde","status":"publish","type":"product","link":"https:\/\/roveyayinevi.com.tr\/index.php\/urun\/minecraft-oyunun-icinde\/","title":{"rendered":"Minecraft &#8211; Oyunun \u0130\u00e7inde"},"content":{"rendered":"<p>D\u00f6rt yetenekli Minecraft oyuncusunun bir s\u0131rr\u0131 var: Fen \u00f6\u011fretmenlerinin ev yap\u0131m\u0131 sanal ger\u00e7eklik g\u00f6zl\u00fckleri onlar\u0131 oyunun i\u00e7ine \u0131\u015f\u0131nlayabiliyor! B\u00f6ylece her \u015fey oyun olmaktan \u00e7\u0131k\u0131yor. Ve onlar\u0131 sadece okula gelen yeni k\u0131z kurtarabilir\u2026 <\/p>\n","protected":false},"excerpt":{"rendered":"<p>D\u00f6rt yetenekli Minecraft oyuncusunun bir s\u0131rr\u0131 var: Fen \u00f6\u011fretmenlerinin ev yap\u0131m\u0131 sanal ger\u00e7eklik g\u00f6zl\u00fckleri onlar\u0131 oyunun i\u00e7ine \u0131\u015f\u0131nlayabiliyor! B\u00f6ylece her \u015fey oyun olmaktan \u00e7\u0131k\u0131yor. Ve onlar\u0131<span class=\"excerpt-hellip\"> [\u2026]<\/span><\/p>\n","protected":false},"featured_media":0,"template":"","meta":{"_monsterinsights_skip_tracking":false,"_monsterinsights_sitenote_active":false,"_monsterinsights_sitenote_note":"","_monsterinsights_sitenote_category":0},"product_brand":[],"product_cat":[12291,12711],"product_tag":[],"class_list":{"0":"post-753128","1":"product","2":"type-product","3":"status-publish","5":"product_cat-edebiyat","6":"product_cat-roman-oyku","7":"pa_cilt-ciltsiz","8":"pa_tur-kitap","9":"pa_yayinevi-x-libris","10":"pa_yazar-nick-eliopulos","12":"first","13":"instock","14":"sale","15":"shipping-taxable","16":"purchasable","17":"product-type-simple"},"_links":{"self":[{"href":"https:\/\/roveyayinevi.com.tr\/index.php\/wp-json\/wp\/v2\/product\/753128","targetHints":{"allow":["GET"]}}],"collection":[{"href":"https:\/\/roveyayinevi.com.tr\/index.php\/wp-json\/wp\/v2\/product"}],"about":[{"href":"https:\/\/roveyayinevi.com.tr\/index.php\/wp-json\/wp\/v2\/types\/product"}],"wp:attachment":[{"href":"https:\/\/roveyayinevi.com.tr\/index.php\/wp-json\/wp\/v2\/media?parent=753128"}],"wp:term":[{"taxonomy":"product_brand","embeddable":true,"href":"https:\/\/roveyayinevi.com.tr\/index.php\/wp-json\/wp\/v2\/product_brand?post=753128"},{"taxonomy":"product_cat","embeddable":true,"href":"https:\/\/roveyayinevi.com.tr\/index.php\/wp-json\/wp\/v2\/product_cat?post=753128"},{"taxonomy":"product_tag","embeddable":true,"href":"https:\/\/roveyayinevi.com.tr\/index.php\/wp-json\/wp\/v2\/product_tag?post=753128"}],"curies":[{"name":"wp","href":"https:\/\/api.w.org\/{rel}","templated":true}]}}