{"id":753126,"date":"2025-08-28T05:34:29","date_gmt":"2025-08-28T02:34:29","guid":{"rendered":"https:\/\/roveyayinevi.com.tr\/index.php\/urun\/minecraft-gizemli-dusman\/"},"modified":"2026-04-16T03:06:39","modified_gmt":"2026-04-16T00:06:39","slug":"minecraft-gizemli-dusman","status":"publish","type":"product","link":"https:\/\/roveyayinevi.com.tr\/index.php\/urun\/minecraft-gizemli-dusman\/","title":{"rendered":"Minecraft &#8211; Gizemli D\u00fc\u015fman"},"content":{"rendered":"<p>D\u00dcNYALAR KARI\u015eIYOR! \u0130nan\u0131lmaz ama Uyand\u0131r\u0131c\u0131 Kral, Minecraft\u2019tan ger\u00e7ek d\u00fcnyaya gelmenin bir yolunu buldu! \u0130pu\u00e7lar\u0131n\u0131 bir araya getirmek i\u00e7in zamanla yar\u0131\u015fan Jodi, bulduklar\u0131ndan hi\u00e7 memnun kalmayacak! Pesine d\u00fc\u015ft\u00fckleri k\u00f6t\u00fcc\u00fcl mob, kendi arkada\u015flar\u0131ndan biri olabilir mi? <\/p>\n","protected":false},"excerpt":{"rendered":"<p>D\u00dcNYALAR KARI\u015eIYOR! \u0130nan\u0131lmaz ama Uyand\u0131r\u0131c\u0131 Kral, Minecraft\u2019tan ger\u00e7ek d\u00fcnyaya gelmenin bir yolunu buldu! \u0130pu\u00e7lar\u0131n\u0131 bir araya getirmek i\u00e7in zamanla yar\u0131\u015fan Jodi, bulduklar\u0131ndan hi\u00e7 memnun kalmayacak! Pesine<span class=\"excerpt-hellip\"> [\u2026]<\/span><\/p>\n","protected":false},"featured_media":0,"template":"","meta":{"_monsterinsights_skip_tracking":false,"_monsterinsights_sitenote_active":false,"_monsterinsights_sitenote_note":"","_monsterinsights_sitenote_category":0},"product_brand":[],"product_cat":[12291,12711],"product_tag":[],"class_list":{"0":"post-753126","1":"product","2":"type-product","3":"status-publish","5":"product_cat-edebiyat","6":"product_cat-roman-oyku","7":"pa_cilt-ciltsiz","8":"pa_tur-kitap","9":"pa_yayinevi-x-libris","10":"pa_yazar-nick-eliopulos","12":"first","13":"instock","14":"sale","15":"shipping-taxable","16":"purchasable","17":"product-type-simple"},"_links":{"self":[{"href":"https:\/\/roveyayinevi.com.tr\/index.php\/wp-json\/wp\/v2\/product\/753126","targetHints":{"allow":["GET"]}}],"collection":[{"href":"https:\/\/roveyayinevi.com.tr\/index.php\/wp-json\/wp\/v2\/product"}],"about":[{"href":"https:\/\/roveyayinevi.com.tr\/index.php\/wp-json\/wp\/v2\/types\/product"}],"wp:attachment":[{"href":"https:\/\/roveyayinevi.com.tr\/index.php\/wp-json\/wp\/v2\/media?parent=753126"}],"wp:term":[{"taxonomy":"product_brand","embeddable":true,"href":"https:\/\/roveyayinevi.com.tr\/index.php\/wp-json\/wp\/v2\/product_brand?post=753126"},{"taxonomy":"product_cat","embeddable":true,"href":"https:\/\/roveyayinevi.com.tr\/index.php\/wp-json\/wp\/v2\/product_cat?post=753126"},{"taxonomy":"product_tag","embeddable":true,"href":"https:\/\/roveyayinevi.com.tr\/index.php\/wp-json\/wp\/v2\/product_tag?post=753126"}],"curies":[{"name":"wp","href":"https:\/\/api.w.org\/{rel}","templated":true}]}}