{"id":753118,"date":"2025-08-28T05:34:15","date_gmt":"2025-08-28T02:34:15","guid":{"rendered":"https:\/\/roveyayinevi.com.tr\/index.php\/urun\/baskosede-guz\/"},"modified":"2026-04-08T03:13:04","modified_gmt":"2026-04-08T00:13:04","slug":"baskosede-guz","status":"publish","type":"product","link":"https:\/\/roveyayinevi.com.tr\/index.php\/urun\/baskosede-guz\/","title":{"rendered":"Ba\u015fk\u00f6\u015fede G\u00fcz"},"content":{"rendered":"<p>Anlamayacaks\u0131n kendini &#8220;Kimim?&#8221; diyerek Sonra ku\u015flar\u0131n sesi Dal\u0131na g\u00fczellik katm\u0131\u015f a\u011fa\u00e7lar\u0131n Sana renk verecek, diyeceksin &#8220;Y\u00fcr\u00fcmem gerek\u2026&#8221; <\/p>\n","protected":false},"excerpt":{"rendered":"<p>Anlamayacaks\u0131n kendini &#8220;Kimim?&#8221; diyerek Sonra ku\u015flar\u0131n sesi Dal\u0131na g\u00fczellik katm\u0131\u015f a\u011fa\u00e7lar\u0131n Sana renk verecek, diyeceksin &#8220;Y\u00fcr\u00fcmem gerek\u2026&#8221;<\/p>\n","protected":false},"featured_media":0,"template":"","meta":{"_monsterinsights_skip_tracking":false,"_monsterinsights_sitenote_active":false,"_monsterinsights_sitenote_note":"","_monsterinsights_sitenote_category":0},"product_brand":[],"product_cat":[12291,12509],"product_tag":[],"class_list":{"0":"post-753118","1":"product","2":"type-product","3":"status-publish","5":"product_cat-edebiyat","6":"product_cat-siir","7":"pa_cilt-ciltsiz","8":"pa_tur-kitap","9":"pa_yayinevi-kuytu-yayinlari","10":"pa_yazar-gulseren-akcicek","12":"first","13":"instock","14":"sale","15":"shipping-taxable","16":"purchasable","17":"product-type-simple"},"_links":{"self":[{"href":"https:\/\/roveyayinevi.com.tr\/index.php\/wp-json\/wp\/v2\/product\/753118","targetHints":{"allow":["GET"]}}],"collection":[{"href":"https:\/\/roveyayinevi.com.tr\/index.php\/wp-json\/wp\/v2\/product"}],"about":[{"href":"https:\/\/roveyayinevi.com.tr\/index.php\/wp-json\/wp\/v2\/types\/product"}],"wp:attachment":[{"href":"https:\/\/roveyayinevi.com.tr\/index.php\/wp-json\/wp\/v2\/media?parent=753118"}],"wp:term":[{"taxonomy":"product_brand","embeddable":true,"href":"https:\/\/roveyayinevi.com.tr\/index.php\/wp-json\/wp\/v2\/product_brand?post=753118"},{"taxonomy":"product_cat","embeddable":true,"href":"https:\/\/roveyayinevi.com.tr\/index.php\/wp-json\/wp\/v2\/product_cat?post=753118"},{"taxonomy":"product_tag","embeddable":true,"href":"https:\/\/roveyayinevi.com.tr\/index.php\/wp-json\/wp\/v2\/product_tag?post=753118"}],"curies":[{"name":"wp","href":"https:\/\/api.w.org\/{rel}","templated":true}]}}