{"id":753116,"date":"2025-08-28T05:34:12","date_gmt":"2025-08-28T02:34:12","guid":{"rendered":"https:\/\/roveyayinevi.com.tr\/index.php\/urun\/etme\/"},"modified":"2026-04-16T03:06:39","modified_gmt":"2026-04-16T00:06:39","slug":"etme","status":"publish","type":"product","link":"https:\/\/roveyayinevi.com.tr\/index.php\/urun\/etme\/","title":{"rendered":"Etme"},"content":{"rendered":"<p>Kalbine ate\u015f d\u00fc\u015f\u00fcrmek i\u00e7in kap\u0131na geldi\u011fim dem Benli\u011fine kurulu cehennemi g\u00f6rd\u00fcm \u00d6teki insanlara f\u0131rsat vermeksizin Kendi cehennemine odun ta\u015f\u0131yordun   Bir b\u0131\u00e7ak nas\u0131l yolunu bulur s\u00fcrg\u00fcl\u00fc bir sand\u0131kta sakl\u0131yken Hi\u00e7 ge\u00e7erli nedenin yokken a\u00e7\u0131yordun sand\u0131\u011f\u0131   \u00d6l\u00fcme tan\u0131k de\u011filken \u00e7elik masumdur Sen hayata kastederek \u00e7eli\u011fe su veriyordun <\/p>\n","protected":false},"excerpt":{"rendered":"<p>Kalbine ate\u015f d\u00fc\u015f\u00fcrmek i\u00e7in kap\u0131na geldi\u011fim dem Benli\u011fine kurulu cehennemi g\u00f6rd\u00fcm \u00d6teki insanlara f\u0131rsat vermeksizin Kendi cehennemine odun ta\u015f\u0131yordun Bir b\u0131\u00e7ak nas\u0131l yolunu bulur s\u00fcrg\u00fcl\u00fc bir<span class=\"excerpt-hellip\"> [\u2026]<\/span><\/p>\n","protected":false},"featured_media":0,"template":"","meta":{"_monsterinsights_skip_tracking":false,"_monsterinsights_sitenote_active":false,"_monsterinsights_sitenote_note":"","_monsterinsights_sitenote_category":0},"product_brand":[],"product_cat":[12291,12509],"product_tag":[],"class_list":{"0":"post-753116","1":"product","2":"type-product","3":"status-publish","5":"product_cat-edebiyat","6":"product_cat-siir","7":"pa_cilt-ciltsiz","8":"pa_tur-kitap","9":"pa_yayinevi-nitelik-kitap","10":"pa_yazar-babur-pinar","12":"first","13":"instock","14":"sale","15":"shipping-taxable","16":"purchasable","17":"product-type-simple"},"_links":{"self":[{"href":"https:\/\/roveyayinevi.com.tr\/index.php\/wp-json\/wp\/v2\/product\/753116","targetHints":{"allow":["GET"]}}],"collection":[{"href":"https:\/\/roveyayinevi.com.tr\/index.php\/wp-json\/wp\/v2\/product"}],"about":[{"href":"https:\/\/roveyayinevi.com.tr\/index.php\/wp-json\/wp\/v2\/types\/product"}],"wp:attachment":[{"href":"https:\/\/roveyayinevi.com.tr\/index.php\/wp-json\/wp\/v2\/media?parent=753116"}],"wp:term":[{"taxonomy":"product_brand","embeddable":true,"href":"https:\/\/roveyayinevi.com.tr\/index.php\/wp-json\/wp\/v2\/product_brand?post=753116"},{"taxonomy":"product_cat","embeddable":true,"href":"https:\/\/roveyayinevi.com.tr\/index.php\/wp-json\/wp\/v2\/product_cat?post=753116"},{"taxonomy":"product_tag","embeddable":true,"href":"https:\/\/roveyayinevi.com.tr\/index.php\/wp-json\/wp\/v2\/product_tag?post=753116"}],"curies":[{"name":"wp","href":"https:\/\/api.w.org\/{rel}","templated":true}]}}