{"id":753114,"date":"2025-08-28T05:34:09","date_gmt":"2025-08-28T02:34:09","guid":{"rendered":"https:\/\/roveyayinevi.com.tr\/index.php\/urun\/agri-ve-ilcelerinin-kulturune-dair-derlenen-turkuler\/"},"modified":"2026-04-16T03:06:39","modified_gmt":"2026-04-16T00:06:39","slug":"agri-ve-ilcelerinin-kulturune-dair-derlenen-turkuler","status":"publish","type":"product","link":"https:\/\/roveyayinevi.com.tr\/index.php\/urun\/agri-ve-ilcelerinin-kulturune-dair-derlenen-turkuler\/","title":{"rendered":"A\u011fr\u0131 ve \u0130l\u00e7elerinin K\u00fclt\u00fcr\u00fcne Dair Derlenen T\u00fcrk\u00fcler"},"content":{"rendered":"<p>Bu eser yakla\u015f\u0131k k\u0131rk y\u0131ll\u0131k bir \u00e7al\u0131\u015fman\u0131n \u00fcr\u00fcn\u00fc olarak TRT T\u00fcrk Halk M\u00fczi\u011fi Sanat\u00e7\u0131s\u0131, Zeki \u00c7i\u00e7ek\u2019in \u00e7ok b\u00fcy\u00fck \u00f6zverileriyle meydana getirdi\u011fi m\u00fcthi\u015f bir k\u00fclt\u00fcrel hazinedir. \u201cA\u011fr\u0131 ve \u0130l\u00e7elerinin K\u00fclt\u00fcr\u00fcne Dair Derlenen T\u00fcrk\u00fcler\u201d adl\u0131 eserde 104 tane t\u00fcrk\u00fcy\u00fc notalar\u0131 ile birlikte, 44 kaynak ki\u015finin\/sanat\u00e7\u0131n\u0131n biyografisini ve kitapta yer alan eserleri bulacaks\u0131n\u0131z.Ayr\u0131ca A\u011fr\u0131 ilinin mimarisini, co\u011frafik zenginliklerini, yemeklerini, folklorik \u00f6zelliklerini, tarihini ve daha nicesini anlatan onlarca foto\u011fraf; siz de\u011ferli okuyucular\u0131 t\u00fcrk\u00fcler e\u015fli\u011finde benzersiz bir yolculu\u011fa \u00e7\u0131kart\u0131yor.<\/p>\n","protected":false},"excerpt":{"rendered":"<p>Bu eser yakla\u015f\u0131k k\u0131rk y\u0131ll\u0131k bir \u00e7al\u0131\u015fman\u0131n \u00fcr\u00fcn\u00fc olarak TRT T\u00fcrk Halk M\u00fczi\u011fi Sanat\u00e7\u0131s\u0131, Zeki \u00c7i\u00e7ek\u2019in \u00e7ok b\u00fcy\u00fck \u00f6zverileriyle meydana getirdi\u011fi m\u00fcthi\u015f bir k\u00fclt\u00fcrel hazinedir. \u201cA\u011fr\u0131<span class=\"excerpt-hellip\"> [\u2026]<\/span><\/p>\n","protected":false},"featured_media":0,"template":"","meta":{"_monsterinsights_skip_tracking":false,"_monsterinsights_sitenote_active":false,"_monsterinsights_sitenote_note":"","_monsterinsights_sitenote_category":0},"product_brand":[],"product_cat":[20039,13488],"product_tag":[],"class_list":{"0":"post-753114","1":"product","2":"type-product","3":"status-publish","5":"product_cat-kultur-tarihi","6":"product_cat-toplum-ve-insan","7":"pa_cilt-ciltsiz","8":"pa_tur-kitap","9":"pa_yayinevi-us-yayinlari","10":"pa_yazar-zeki-cicek","12":"first","13":"instock","14":"sale","15":"shipping-taxable","16":"purchasable","17":"product-type-simple"},"_links":{"self":[{"href":"https:\/\/roveyayinevi.com.tr\/index.php\/wp-json\/wp\/v2\/product\/753114","targetHints":{"allow":["GET"]}}],"collection":[{"href":"https:\/\/roveyayinevi.com.tr\/index.php\/wp-json\/wp\/v2\/product"}],"about":[{"href":"https:\/\/roveyayinevi.com.tr\/index.php\/wp-json\/wp\/v2\/types\/product"}],"wp:attachment":[{"href":"https:\/\/roveyayinevi.com.tr\/index.php\/wp-json\/wp\/v2\/media?parent=753114"}],"wp:term":[{"taxonomy":"product_brand","embeddable":true,"href":"https:\/\/roveyayinevi.com.tr\/index.php\/wp-json\/wp\/v2\/product_brand?post=753114"},{"taxonomy":"product_cat","embeddable":true,"href":"https:\/\/roveyayinevi.com.tr\/index.php\/wp-json\/wp\/v2\/product_cat?post=753114"},{"taxonomy":"product_tag","embeddable":true,"href":"https:\/\/roveyayinevi.com.tr\/index.php\/wp-json\/wp\/v2\/product_tag?post=753114"}],"curies":[{"name":"wp","href":"https:\/\/api.w.org\/{rel}","templated":true}]}}