{"id":753113,"date":"2025-08-28T05:34:07","date_gmt":"2025-08-28T02:34:07","guid":{"rendered":"https:\/\/roveyayinevi.com.tr\/index.php\/urun\/baskanin-olduruldugu-gun\/"},"modified":"2026-04-16T03:06:39","modified_gmt":"2026-04-16T00:06:39","slug":"baskanin-olduruldugu-gun","status":"publish","type":"product","link":"https:\/\/roveyayinevi.com.tr\/index.php\/urun\/baskanin-olduruldugu-gun\/","title":{"rendered":"Ba\u015fkan\u0131n \u00d6ld\u00fcr\u00fcld\u00fc\u011f\u00fc G\u00fcn"},"content":{"rendered":"<p>Y\u0131l 1981. Enver Sedat devlet ba\u015fkan\u0131d\u0131r ve yeni M\u0131s\u0131r\u2019\u0131n \u201cBat\u0131\u2019ya a\u00e7\u0131lma\u201d politikas\u0131 \u00e7er\u00e7evesinde ger\u00e7ekle\u015ftirilen \u00f6zelle\u015ftirmeler, serbest piyasa ekonomisi gibi hamleler pek de hayal edildi\u011fi gibi sonu\u00e7lanmam\u0131\u015ft\u0131r. \u00dclke k\u0131sa s\u00fcrede yolsuzluk, r\u00fc\u015fvet, gelir da\u011f\u0131l\u0131m\u0131nda adaletsizlik, yozla\u015fma ve devam\u0131nda yayg\u0131n bir huzursuzlu\u011fa teslim olmu\u015f durumdad\u0131r. M\u0131s\u0131r yalpalayarak modern d\u00fcnyaya do\u011fru ilerlerken, tam da bu d\u00f6nemde evlilik hayali kuran Elvan ve Randa\u2019n\u0131n umutsuzluklar\u0131 g\u00fcn ge\u00e7tik\u00e7e daha da artacakt\u0131r. Necib Mahfuz k\u0131sa ama etkili eseri Ba\u015fkan\u0131n \u00d6ld\u00fcr\u00fcld\u00fc\u011f\u00fc G\u00fcn\u2019de bu kez, ekonomik zorluklar y\u00fcz\u00fcnden evlenemeyen, m\u00fczmin ni\u015fanl\u0131 sevdal\u0131lar Elvan ve Randa\u2019n\u0131n a\u015fk\u0131 \u00fczerinden M\u0131s\u0131r\u2019\u0131n \u00e7aresizli\u011fini anlat\u0131rken, \u00fclkede ya\u015fanan politik, ekonomik, sosyal de\u011fi\u015fimleri de somut olaylar etraf\u0131nda hik\u00e2ye ediyor. Dindar b\u00fcy\u00fckbaba Muhte\u015fimi Zeyd, torunu Elvan ve ni\u015fanl\u0131s\u0131 Randa\u2019n\u0131n g\u00f6z\u00fcnden bilin\u00e7ak\u0131\u015f\u0131yla yazd\u0131\u011f\u0131 roman\u0131nda Mahfuz, umutsuz a\u015fk hik\u00e2yesinin fonunda M\u0131s\u0131r\u2019\u0131n belki de en dramatik d\u00f6nemini anlat\u0131yor. Asl\u0131nda 6 Ekim 1981\u2019de \u00f6ld\u00fcr\u00fclen tek ki\u015fi Enver Sedat olmayacak, iki gencin hik\u00e2yesi hi\u00e7 beklenmedik y\u00f6nlere sapacakt\u0131r.<\/p>\n","protected":false},"excerpt":{"rendered":"<p>Y\u0131l 1981. Enver Sedat devlet ba\u015fkan\u0131d\u0131r ve yeni M\u0131s\u0131r\u2019\u0131n \u201cBat\u0131\u2019ya a\u00e7\u0131lma\u201d politikas\u0131 \u00e7er\u00e7evesinde ger\u00e7ekle\u015ftirilen \u00f6zelle\u015ftirmeler, serbest piyasa ekonomisi gibi hamleler pek de hayal edildi\u011fi gibi sonu\u00e7lanmam\u0131\u015ft\u0131r.<span class=\"excerpt-hellip\"> [\u2026]<\/span><\/p>\n","protected":false},"featured_media":0,"template":"","meta":{"_monsterinsights_skip_tracking":false,"_monsterinsights_sitenote_active":false,"_monsterinsights_sitenote_note":"","_monsterinsights_sitenote_category":0},"product_brand":[],"product_cat":[12291,12711],"product_tag":[],"class_list":{"0":"post-753113","1":"product","2":"type-product","3":"status-publish","5":"product_cat-edebiyat","6":"product_cat-roman-oyku","7":"pa_cilt-ciltsiz","8":"pa_tur-kitap","9":"pa_yayinevi-kirmizi-kedi-yayinevi","10":"pa_yazar-necib-mahfuz","12":"first","13":"instock","14":"sale","15":"shipping-taxable","16":"purchasable","17":"product-type-simple"},"_links":{"self":[{"href":"https:\/\/roveyayinevi.com.tr\/index.php\/wp-json\/wp\/v2\/product\/753113","targetHints":{"allow":["GET"]}}],"collection":[{"href":"https:\/\/roveyayinevi.com.tr\/index.php\/wp-json\/wp\/v2\/product"}],"about":[{"href":"https:\/\/roveyayinevi.com.tr\/index.php\/wp-json\/wp\/v2\/types\/product"}],"wp:attachment":[{"href":"https:\/\/roveyayinevi.com.tr\/index.php\/wp-json\/wp\/v2\/media?parent=753113"}],"wp:term":[{"taxonomy":"product_brand","embeddable":true,"href":"https:\/\/roveyayinevi.com.tr\/index.php\/wp-json\/wp\/v2\/product_brand?post=753113"},{"taxonomy":"product_cat","embeddable":true,"href":"https:\/\/roveyayinevi.com.tr\/index.php\/wp-json\/wp\/v2\/product_cat?post=753113"},{"taxonomy":"product_tag","embeddable":true,"href":"https:\/\/roveyayinevi.com.tr\/index.php\/wp-json\/wp\/v2\/product_tag?post=753113"}],"curies":[{"name":"wp","href":"https:\/\/api.w.org\/{rel}","templated":true}]}}